{"id":4180,"date":"2018-02-21T19:43:03","date_gmt":"2018-02-21T18:43:03","guid":{"rendered":"https:\/\/monzon.salesianos.edu\/familia-salesiana\/?page_id=4180"},"modified":"2024-09-30T13:08:46","modified_gmt":"2024-09-30T12:08:46","slug":"adma","status":"publish","type":"page","link":"https:\/\/monzon.salesianos.edu\/familia-salesiana\/adma\/","title":{"rendered":"Asociaci\u00f3n de Mar\u00eda Auxiliadora"},"content":{"rendered":"<div id=\"fb-root\"><\/div>\n<p>[et_pb_section fb_built=\u00bb1&#8243; fullwidth=\u00bbon\u00bb _builder_version=\u00bb4.16&#8243; global_colors_info=\u00bb{}\u00bb][et_pb_fullwidth_header title=\u00bbAsociaci\u00f3n de Mar\u00eda Auxiliadora\u00bb module_class=\u00bbpagina-imagen-cabecera\u00bb _builder_version=\u00bb4.27.0&#8243; title_text_color=\u00bb#ffffff\u00bb title_font_size=\u00bb40px\u00bb background_color=\u00bbrgba(255, 255, 255, 0)\u00bb background_image=\u00bbhttps:\/\/monzon.salesianos.edu\/familia-salesiana\/wp-content\/uploads\/sites\/5\/2024\/09\/BANNER-3.jpg\u00bb background_layout=\u00bblight\u00bb max_width_tablet=\u00bb50px\u00bb hover_enabled=\u00bb0&#8243; global_colors_info=\u00bb{}\u00bb button_one_text_size__hover_enabled=\u00bboff\u00bb button_two_text_size__hover_enabled=\u00bboff\u00bb button_one_text_color__hover_enabled=\u00bboff\u00bb button_two_text_color__hover_enabled=\u00bboff\u00bb button_one_border_width__hover_enabled=\u00bboff\u00bb button_two_border_width__hover_enabled=\u00bboff\u00bb button_one_border_color__hover_enabled=\u00bboff\u00bb button_two_border_color__hover_enabled=\u00bboff\u00bb button_one_border_radius__hover_enabled=\u00bboff\u00bb button_two_border_radius__hover_enabled=\u00bboff\u00bb button_one_letter_spacing__hover_enabled=\u00bboff\u00bb button_two_letter_spacing__hover_enabled=\u00bboff\u00bb button_one_bg_color__hover_enabled=\u00bboff\u00bb button_two_bg_color__hover_enabled=\u00bboff\u00bb sticky_enabled=\u00bb0&#8243; title_text=\u00bbBANNER 3&#8243;][\/et_pb_fullwidth_header][\/et_pb_section][et_pb_section fb_built=\u00bb1&#8243; module_class=\u00bbpagina-seccion-contenido\u00bb _builder_version=\u00bb4.16&#8243; custom_padding=\u00bb-4%|||\u00bb global_colors_info=\u00bb{}\u00bb][et_pb_row module_class=\u00bbpagina-texto\u00bb _builder_version=\u00bb4.16&#8243; background_size=\u00bbinitial\u00bb background_position=\u00bbtop_left\u00bb background_repeat=\u00bbrepeat\u00bb custom_margin=\u00bb25px|||\u00bb custom_padding=\u00bb25px|||\u00bb global_colors_info=\u00bb{}\u00bb column_structure=\u00bb2_3,1_3&#8243;][et_pb_column type=\u00bb2_3&#8243; _builder_version=\u00bb4.16&#8243; custom_padding=\u00bb|||\u00bb global_colors_info=\u00bb{}\u00bb custom_padding__hover=\u00bb|||\u00bb][et_pb_text _builder_version=\u00bb4.27.0&#8243; hover_enabled=\u00bb0&#8243; border_style=\u00bbsolid\u00bb global_colors_info=\u00bb{}\u00bb sticky_enabled=\u00bb0&#8243;]<\/p>\n<h1>\u00a0Asociaci\u00f3n de Mar\u00eda Auxiliadora (ADMAS)<\/h1>\n<p style=\"text-align: justify\">La Asociaci\u00f3n se dedica a difundir la devoci\u00f3n a Mar\u00eda Auxiliadora, la primera cristiana, la que supo conjugar Fe en Dios y amor al pr\u00f3jimo. Nuestro principal objetivo es la acci\u00f3n y contemplaci\u00f3n a la Virgen, animaci\u00f3n de la propia comunidad y apertura a las necesidades de los que nos rodean\u2026<\/p>\n<p style=\"text-align: justify\">Todas esas \u201cvirtudes marianas\u201d las favorece la Asociaci\u00f3n con sus actividades:<\/p>\n<ul>\n<li style=\"text-align: justify\">Reuni\u00f3n mensual el d\u00eda 24.<\/li>\n<li style=\"text-align: justify\">Visitas a enfermos y ayudas a ancianos y misioneros.<\/li>\n<li style=\"text-align: justify\">Participaci\u00f3n en la vida sacramental.<\/li>\n<li style=\"text-align: justify\">Peregrinaciones.<\/li>\n<li style=\"text-align: justify\">Difusi\u00f3n de la Capilla domiciliaria.<\/li>\n<li style=\"text-align: justify\">Cuidado del santuario de Mar\u00eda Auxiliadora.<\/li>\n<li style=\"text-align: justify\">Gesti\u00f3n de los calendarios de Mar\u00eda Auxiliadora.<\/li>\n<\/ul>\n<p style=\"text-align: justify\"><span>Fechas importantes<\/span>: todo el mes de mayo, en especial el d\u00eda 24; los 24 de cada mes; y el primer s\u00e1bado de junio en el que se realiza el encuentro con las Asociaciones de Mar\u00eda Auxiliadora de Arag\u00f3n, alrededor de un santuario Mariano.<\/p>\n<p>[\/et_pb_text][\/et_pb_column][et_pb_column type=\u00bb1_3&#8243; _builder_version=\u00bb4.16&#8243; custom_padding=\u00bb|||\u00bb global_colors_info=\u00bb{}\u00bb custom_padding__hover=\u00bb|||\u00bb][et_pb_image src=\u00bbhttps:\/\/monzon.salesianos.edu\/familia-salesiana\/wp-content\/uploads\/sites\/5\/2018\/02\/Celebraci\u00f3n-10.jpg\u00bb align=\u00bbcenter\u00bb align_tablet=\u00bbcenter\u00bb align_last_edited=\u00bbon|desktop\u00bb _builder_version=\u00bb4.16&#8243; box_shadow_style=\u00bbpreset2&#8243; global_colors_info=\u00bb{}\u00bb align_phone=\u00bbcenter\u00bb][\/et_pb_image][\/et_pb_column][\/et_pb_row][\/et_pb_section]<\/p>\n","protected":false},"excerpt":{"rendered":"<p>\u00a0Asociaci\u00f3n de Mar\u00eda Auxiliadora (ADMAS) La Asociaci\u00f3n se dedica a difundir la devoci\u00f3n a Mar\u00eda Auxiliadora, la primera cristiana, la que supo conjugar Fe en Dios y amor al pr\u00f3jimo. Nuestro principal objetivo es la acci\u00f3n y contemplaci\u00f3n a la Virgen, animaci\u00f3n de la propia comunidad y apertura a las necesidades de los que nos [&hellip;]<\/p>\n","protected":false},"author":3,"featured_media":0,"parent":0,"menu_order":0,"comment_status":"closed","ping_status":"closed","template":"","meta":{"_et_pb_use_builder":"on","_et_pb_old_content":"","_et_gb_content_width":"","footnotes":""},"class_list":["post-4180","page","type-page","status-publish","hentry"],"yoast_head":"<!-- This site is optimized with the Yoast SEO plugin v27.4 - https:\/\/yoast.com\/product\/yoast-seo-wordpress\/ -->\n<title>Asociaci\u00f3n de Mar\u00eda Auxiliadora - Familia Salesiana<\/title>\n<meta name=\"robots\" content=\"index, follow, max-snippet:-1, max-image-preview:large, max-video-preview:-1\" \/>\n<link rel=\"canonical\" href=\"https:\/\/monzon.salesianos.edu\/familia-salesiana\/adma\/\" \/>\n<meta property=\"og:locale\" content=\"es_ES\" \/>\n<meta property=\"og:type\" content=\"article\" \/>\n<meta property=\"og:title\" content=\"Asociaci\u00f3n de Mar\u00eda Auxiliadora - Familia Salesiana\" \/>\n<meta property=\"og:description\" content=\"\u00a0Asociaci\u00f3n de Mar\u00eda Auxiliadora (ADMAS) La Asociaci\u00f3n se dedica a difundir la devoci\u00f3n a Mar\u00eda Auxiliadora, la primera cristiana, la que supo conjugar Fe en Dios y amor al pr\u00f3jimo. Nuestro principal objetivo es la acci\u00f3n y contemplaci\u00f3n a la Virgen, animaci\u00f3n de la propia comunidad y apertura a las necesidades de los que nos [&hellip;]\" \/>\n<meta property=\"og:url\" content=\"https:\/\/monzon.salesianos.edu\/familia-salesiana\/adma\/\" \/>\n<meta property=\"og:site_name\" content=\"Familia Salesiana\" \/>\n<meta property=\"article:modified_time\" content=\"2024-09-30T12:08:46+00:00\" \/>\n<meta name=\"twitter:card\" content=\"summary_large_image\" \/>\n<meta name=\"twitter:label1\" content=\"Tiempo de lectura\" \/>\n\t<meta name=\"twitter:data1\" content=\"2 minutos\" \/>\n<script type=\"application\/ld+json\" class=\"yoast-schema-graph\">{\"@context\":\"https:\\\/\\\/schema.org\",\"@graph\":[{\"@type\":\"WebPage\",\"@id\":\"https:\\\/\\\/monzon.salesianos.edu\\\/familia-salesiana\\\/adma\\\/\",\"url\":\"https:\\\/\\\/monzon.salesianos.edu\\\/familia-salesiana\\\/adma\\\/\",\"name\":\"Asociaci\u00f3n de Mar\u00eda Auxiliadora - Familia Salesiana\",\"isPartOf\":{\"@id\":\"https:\\\/\\\/monzon.salesianos.edu\\\/familia-salesiana\\\/#website\"},\"datePublished\":\"2018-02-21T18:43:03+00:00\",\"dateModified\":\"2024-09-30T12:08:46+00:00\",\"breadcrumb\":{\"@id\":\"https:\\\/\\\/monzon.salesianos.edu\\\/familia-salesiana\\\/adma\\\/#breadcrumb\"},\"inLanguage\":\"es\",\"potentialAction\":[{\"@type\":\"ReadAction\",\"target\":[\"https:\\\/\\\/monzon.salesianos.edu\\\/familia-salesiana\\\/adma\\\/\"]}]},{\"@type\":\"BreadcrumbList\",\"@id\":\"https:\\\/\\\/monzon.salesianos.edu\\\/familia-salesiana\\\/adma\\\/#breadcrumb\",\"itemListElement\":[{\"@type\":\"ListItem\",\"position\":1,\"name\":\"Portada\",\"item\":\"https:\\\/\\\/monzon.salesianos.edu\\\/familia-salesiana\\\/\"},{\"@type\":\"ListItem\",\"position\":2,\"name\":\"Asociaci\u00f3n de Mar\u00eda Auxiliadora\"}]},{\"@type\":\"WebSite\",\"@id\":\"https:\\\/\\\/monzon.salesianos.edu\\\/familia-salesiana\\\/#website\",\"url\":\"https:\\\/\\\/monzon.salesianos.edu\\\/familia-salesiana\\\/\",\"name\":\"Familia Salesiana\",\"description\":\"P\u00e1gina oficial Salesianos Monz\u00f3n\",\"potentialAction\":[{\"@type\":\"SearchAction\",\"target\":{\"@type\":\"EntryPoint\",\"urlTemplate\":\"https:\\\/\\\/monzon.salesianos.edu\\\/familia-salesiana\\\/?s={search_term_string}\"},\"query-input\":{\"@type\":\"PropertyValueSpecification\",\"valueRequired\":true,\"valueName\":\"search_term_string\"}}],\"inLanguage\":\"es\"}]}<\/script>\n<!-- \/ Yoast SEO plugin. -->","yoast_head_json":{"title":"Asociaci\u00f3n de Mar\u00eda Auxiliadora - Familia Salesiana","robots":{"index":"index","follow":"follow","max-snippet":"max-snippet:-1","max-image-preview":"max-image-preview:large","max-video-preview":"max-video-preview:-1"},"canonical":"https:\/\/monzon.salesianos.edu\/familia-salesiana\/adma\/","og_locale":"es_ES","og_type":"article","og_title":"Asociaci\u00f3n de Mar\u00eda Auxiliadora - Familia Salesiana","og_description":"\u00a0Asociaci\u00f3n de Mar\u00eda Auxiliadora (ADMAS) La Asociaci\u00f3n se dedica a difundir la devoci\u00f3n a Mar\u00eda Auxiliadora, la primera cristiana, la que supo conjugar Fe en Dios y amor al pr\u00f3jimo. Nuestro principal objetivo es la acci\u00f3n y contemplaci\u00f3n a la Virgen, animaci\u00f3n de la propia comunidad y apertura a las necesidades de los que nos [&hellip;]","og_url":"https:\/\/monzon.salesianos.edu\/familia-salesiana\/adma\/","og_site_name":"Familia Salesiana","article_modified_time":"2024-09-30T12:08:46+00:00","twitter_card":"summary_large_image","twitter_misc":{"Tiempo de lectura":"2 minutos"},"schema":{"@context":"https:\/\/schema.org","@graph":[{"@type":"WebPage","@id":"https:\/\/monzon.salesianos.edu\/familia-salesiana\/adma\/","url":"https:\/\/monzon.salesianos.edu\/familia-salesiana\/adma\/","name":"Asociaci\u00f3n de Mar\u00eda Auxiliadora - Familia Salesiana","isPartOf":{"@id":"https:\/\/monzon.salesianos.edu\/familia-salesiana\/#website"},"datePublished":"2018-02-21T18:43:03+00:00","dateModified":"2024-09-30T12:08:46+00:00","breadcrumb":{"@id":"https:\/\/monzon.salesianos.edu\/familia-salesiana\/adma\/#breadcrumb"},"inLanguage":"es","potentialAction":[{"@type":"ReadAction","target":["https:\/\/monzon.salesianos.edu\/familia-salesiana\/adma\/"]}]},{"@type":"BreadcrumbList","@id":"https:\/\/monzon.salesianos.edu\/familia-salesiana\/adma\/#breadcrumb","itemListElement":[{"@type":"ListItem","position":1,"name":"Portada","item":"https:\/\/monzon.salesianos.edu\/familia-salesiana\/"},{"@type":"ListItem","position":2,"name":"Asociaci\u00f3n de Mar\u00eda Auxiliadora"}]},{"@type":"WebSite","@id":"https:\/\/monzon.salesianos.edu\/familia-salesiana\/#website","url":"https:\/\/monzon.salesianos.edu\/familia-salesiana\/","name":"Familia Salesiana","description":"P\u00e1gina oficial Salesianos Monz\u00f3n","potentialAction":[{"@type":"SearchAction","target":{"@type":"EntryPoint","urlTemplate":"https:\/\/monzon.salesianos.edu\/familia-salesiana\/?s={search_term_string}"},"query-input":{"@type":"PropertyValueSpecification","valueRequired":true,"valueName":"search_term_string"}}],"inLanguage":"es"}]}},"_links":{"self":[{"href":"https:\/\/monzon.salesianos.edu\/familia-salesiana\/wp-json\/wp\/v2\/pages\/4180","targetHints":{"allow":["GET"]}}],"collection":[{"href":"https:\/\/monzon.salesianos.edu\/familia-salesiana\/wp-json\/wp\/v2\/pages"}],"about":[{"href":"https:\/\/monzon.salesianos.edu\/familia-salesiana\/wp-json\/wp\/v2\/types\/page"}],"author":[{"embeddable":true,"href":"https:\/\/monzon.salesianos.edu\/familia-salesiana\/wp-json\/wp\/v2\/users\/3"}],"replies":[{"embeddable":true,"href":"https:\/\/monzon.salesianos.edu\/familia-salesiana\/wp-json\/wp\/v2\/comments?post=4180"}],"version-history":[{"count":5,"href":"https:\/\/monzon.salesianos.edu\/familia-salesiana\/wp-json\/wp\/v2\/pages\/4180\/revisions"}],"predecessor-version":[{"id":4323,"href":"https:\/\/monzon.salesianos.edu\/familia-salesiana\/wp-json\/wp\/v2\/pages\/4180\/revisions\/4323"}],"wp:attachment":[{"href":"https:\/\/monzon.salesianos.edu\/familia-salesiana\/wp-json\/wp\/v2\/media?parent=4180"}],"curies":[{"name":"wp","href":"https:\/\/api.w.org\/{rel}","templated":true}]}}