{"id":9867,"date":"2019-06-27T16:46:34","date_gmt":"2019-06-27T15:46:34","guid":{"rendered":"https:\/\/monzon.salesianos.edu\/colegio\/?page_id=9867"},"modified":"2025-09-03T10:14:13","modified_gmt":"2025-09-03T09:14:13","slug":"ropa-deportiva","status":"publish","type":"page","link":"https:\/\/monzon.salesianos.edu\/colegio\/ropa-deportiva\/","title":{"rendered":"Ropa deportiva"},"content":{"rendered":"<p>[et_pb_section fb_built=\u00bb1&#8243; fullwidth=\u00bbon\u00bb _builder_version=\u00bb4.16&#8243; global_colors_info=\u00bb{}\u00bb][et_pb_fullwidth_header title=\u00bbRopa deportiva\u00bb module_class=\u00bbpagina-imagen-cabecera\u00bb _builder_version=\u00bb4.25.1&#8243; title_text_color=\u00bb#ffffff\u00bb title_font_size=\u00bb40px\u00bb background_color=\u00bbrgba(255, 255, 255, 0)\u00bb use_background_color_gradient=\u00bbon\u00bb background_color_gradient_stops=\u00bb#e02b20 0%|#ffffff 100%\u00bb background_image=\u00bbhttps:\/\/monzon.salesianos.edu\/colegio\/wp-content\/uploads\/sites\/2\/2024\/06\/BANNER-4.jpg\u00bb background_enable_video_mp4=\u00bboff\u00bb max_width_tablet=\u00bb50px\u00bb global_colors_info=\u00bb{}\u00bb button_one_text_size__hover_enabled=\u00bboff\u00bb button_two_text_size__hover_enabled=\u00bboff\u00bb button_one_text_color__hover_enabled=\u00bboff\u00bb button_two_text_color__hover_enabled=\u00bboff\u00bb button_one_border_width__hover_enabled=\u00bboff\u00bb button_two_border_width__hover_enabled=\u00bboff\u00bb button_one_border_color__hover_enabled=\u00bboff\u00bb button_two_border_color__hover_enabled=\u00bboff\u00bb button_one_border_radius__hover_enabled=\u00bboff\u00bb button_two_border_radius__hover_enabled=\u00bboff\u00bb button_one_letter_spacing__hover_enabled=\u00bboff\u00bb button_two_letter_spacing__hover_enabled=\u00bboff\u00bb button_one_bg_color__hover_enabled=\u00bboff\u00bb button_two_bg_color__hover_enabled=\u00bboff\u00bb][\/et_pb_fullwidth_header][\/et_pb_section][et_pb_section fb_built=\u00bb1&#8243; module_class=\u00bbpagina-seccion-contenido\u00bb _builder_version=\u00bb4.16&#8243; custom_padding=\u00bb-4%|||\u00bb transparent_background=\u00bboff\u00bb global_colors_info=\u00bb{}\u00bb][et_pb_row column_structure=\u00bb3_5,1_5,1_5&#8243; module_class=\u00bbpagina-texto\u00bb _builder_version=\u00bb4.16&#8243; background_size=\u00bbinitial\u00bb background_position=\u00bbtop_left\u00bb background_repeat=\u00bbrepeat\u00bb global_colors_info=\u00bb{}\u00bb][et_pb_column type=\u00bb3_5&#8243; _builder_version=\u00bb4.16&#8243; custom_padding=\u00bb|||\u00bb global_colors_info=\u00bb{}\u00bb custom_padding__hover=\u00bb|||\u00bb][et_pb_text ul_type=\u00bbnone\u00bb ol_item_indent=\u00bb12px\u00bb _builder_version=\u00bb4.20.0&#8243; ul_text_align=\u00bbleft\u00bb ol_font=\u00bbLato||||||||\u00bb ol_text_align=\u00bbleft\u00bb ol_font_size=\u00bb15px\u00bb background_size=\u00bbinitial\u00bb background_position=\u00bbtop_left\u00bb background_repeat=\u00bbrepeat\u00bb z_index_tablet=\u00bb500&#8243; use_border_color=\u00bboff\u00bb border_color=\u00bb#ffffff\u00bb border_style=\u00bbsolid\u00bb global_colors_info=\u00bb{}\u00bb]<\/p>\n<p>Nuestro centro est\u00e1 unido al proyecto de ropa deportiva impulsado por los Salesianos de Espa\u00f1a con el fin de ofrecer al alumnado un vestuario deportivo acorde con la nueva imagen corporativa y con una correcta relaci\u00f3n calidad-precio. Es un producto fabricado en Espa\u00f1a con tejidos 100 % nacionales y distribuido por El Corte Ingl\u00e9s para asegurar y facilitar su venta en todo el pa\u00eds. <span>Su uso es obligatorio en los cursos de 1\u00ba a 4\u00ba de la ESO y 1\u00ba y 2\u00ba de Bachillerato los d\u00edas que se realice Educaci\u00f3n F\u00edsica. Para su adquisici\u00f3n se dispone de las siguientes opciones:<\/span><\/p>\n<table>\n<tbody>\n<tr>\n<td width=\"83\">Opci\u00f3n 1<\/td>\n<td colspan=\"2\" width=\"569\">Adquirir la ropa a trav\u00e9s de la p\u00e1gina <a href=\"https:\/\/www.elcorteingles.es\/uniformes\/huesca\/monzon\/sto-domingo-savio-salesianos-monzon\/\" target=\"_blank\" rel=\"noopener noreferrer\">web del Corte Ingl\u00e9s.<\/a><\/td>\n<\/tr>\n<tr>\n<td width=\"83\">Opci\u00f3n 2<\/td>\n<td colspan=\"2\" width=\"569\">\n<p>\u00a0<span style=\"font-size: 14px;\">Adquirir la ropa a trav\u00e9s de la p\u00e1gina <\/span><a href=\"https:\/\/tienda.camachofabricaciontextil.com\/uniformes-colegios\/uniformes-salesianos-salesians\/\" target=\"_blank\" rel=\"noopener noreferrer\" style=\"font-size: 14px;\">web Camacho fabricante.\u00a0<\/a><\/p>\n<\/td>\n<\/tr>\n<tr>\n<td width=\"83\">\n<p>Opci\u00f3n 3<\/p>\n<p>&nbsp;<\/p>\n<\/td>\n<td colspan=\"2\" width=\"569\">Una delegaci\u00f3n del Corte Ingl\u00e9s vendr\u00e1 al colegio para efectuar la venta directa. Contar\u00e1 con todos los modelos y tallas para probar.<\/td>\n<\/tr>\n<tr>\n<td width=\"83\"><\/td>\n<td width=\"246\">\n<p><strong>Horario venta en el Centro<\/strong><\/p>\n<p>&nbsp;<\/p>\n<p>\u00a0 \u00a0 \u00a0 \u00a0 \u00a0 Mi\u00e9rcoles 3 de sept<\/p>\n<p>&nbsp;<\/p>\n<\/td>\n<td width=\"323\">\n<p>&nbsp;<\/p>\n<p>de 10:00 a 14:00 h. y de 16:00 a 20:00 h<\/p>\n<\/td>\n<\/tr>\n<\/tbody>\n<\/table>\n<p>Los precios pueden variar en las p\u00e1ginas web del Corte Ingl\u00e9s y de Camacho seg\u00fan ofertas de cada distribuidor.<\/p>\n<p>El colegio no interviene en los precios ni tiene ninguna vinculaci\u00f3n al respecto salvo facilitar la venta directa en el centro, al Corte Ingl\u00e9s, al inicio de curso. Las condiciones de venta cuando se realizan en el centro son las mismas que directamente desde la web o en la tienda f\u00edsica. Con la tarjeta El Corte Ingl\u00e9s, entre otras cosas, se puede financiar la compra.<\/p>\n<p style=\"text-align: right;\"><a href=\"https:\/\/drive.google.com\/file\/d\/1RHP7ybkFjZ5yxmUrt8-Bbl00-t8IvxEL\/view?usp=sharing\">Informaci\u00f3n importante del proveedor<\/a><\/p>\n<p>&nbsp;<\/p>\n<p>[\/et_pb_text][\/et_pb_column][et_pb_column type=\u00bb1_5&#8243; _builder_version=\u00bb4.16&#8243; custom_padding=\u00bb|||\u00bb global_colors_info=\u00bb{}\u00bb custom_padding__hover=\u00bb|||\u00bb][et_pb_image src=\u00bbhttps:\/\/monzon.salesianos.edu\/colegio\/wp-content\/uploads\/sites\/2\/2019\/06\/Nueva-imagen.png\u00bb align=\u00bbcenter\u00bb align_tablet=\u00bbcenter\u00bb align_phone=\u00bb\u00bb align_last_edited=\u00bbon|desktop\u00bb _builder_version=\u00bb4.16&#8243; z_index_tablet=\u00bb500&#8243; global_colors_info=\u00bb{}\u00bb][\/et_pb_image][et_pb_image src=\u00bbhttps:\/\/monzon.salesianos.edu\/colegio\/wp-content\/uploads\/sites\/2\/2019\/06\/Nueva-imagen-1.png\u00bb align=\u00bbcenter\u00bb align_tablet=\u00bbcenter\u00bb align_phone=\u00bb\u00bb align_last_edited=\u00bbon|desktop\u00bb _builder_version=\u00bb4.16&#8243; width=\u00bb75%\u00bb global_colors_info=\u00bb{}\u00bb][\/et_pb_image][\/et_pb_column][et_pb_column type=\u00bb1_5&#8243; _builder_version=\u00bb4.16&#8243; custom_padding=\u00bb|||\u00bb global_colors_info=\u00bb{}\u00bb custom_padding__hover=\u00bb|||\u00bb][et_pb_image src=\u00bbhttps:\/\/monzon.salesianos.edu\/colegio\/wp-content\/uploads\/sites\/2\/2019\/06\/Nueva-imagen-2.png\u00bb align=\u00bbcenter\u00bb align_tablet=\u00bbcenter\u00bb align_phone=\u00bb\u00bb align_last_edited=\u00bbon|desktop\u00bb _builder_version=\u00bb4.16&#8243; global_colors_info=\u00bb{}\u00bb][\/et_pb_image][et_pb_image src=\u00bbhttps:\/\/monzon.salesianos.edu\/colegio\/wp-content\/uploads\/sites\/2\/2019\/06\/Nueva-imagen-3.png\u00bb align=\u00bbcenter\u00bb align_tablet=\u00bbcenter\u00bb align_phone=\u00bb\u00bb align_last_edited=\u00bbon|desktop\u00bb _builder_version=\u00bb4.16&#8243; width=\u00bb85%\u00bb global_colors_info=\u00bb{}\u00bb][\/et_pb_image][\/et_pb_column][\/et_pb_row][et_pb_row column_structure=\u00bb1_2,1_2&#8243; _builder_version=\u00bb4.21.2&#8243; _module_preset=\u00bbdefault\u00bb global_colors_info=\u00bb{}\u00bb][et_pb_column type=\u00bb1_2&#8243; _builder_version=\u00bb4.21.2&#8243; _module_preset=\u00bbdefault\u00bb global_colors_info=\u00bb{}\u00bb][et_pb_image src=\u00bbhttps:\/\/monzon.salesianos.edu\/colegio\/wp-content\/uploads\/sites\/2\/2023\/08\/1-uniformes-2324-1.jpg\u00bb title_text=\u00bb1 uniformes 2324&#8243; _builder_version=\u00bb4.21.2&#8243; _module_preset=\u00bbdefault\u00bb custom_padding=\u00bb|110px||||\u00bb global_colors_info=\u00bb{}\u00bb][\/et_pb_image][\/et_pb_column][et_pb_column type=\u00bb1_2&#8243; _builder_version=\u00bb4.21.2&#8243; _module_preset=\u00bbdefault\u00bb global_colors_info=\u00bb{}\u00bb][et_pb_image src=\u00bbhttps:\/\/monzon.salesianos.edu\/colegio\/wp-content\/uploads\/sites\/2\/2023\/08\/2-uniformes-2324-1.jpg\u00bb title_text=\u00bb2 uniformes 2324&#8243; _builder_version=\u00bb4.21.2&#8243; _module_preset=\u00bbdefault\u00bb custom_padding=\u00bb|114px||||\u00bb global_colors_info=\u00bb{}\u00bb][\/et_pb_image][\/et_pb_column][\/et_pb_row][\/et_pb_section]<\/p>\n","protected":false},"excerpt":{"rendered":"<p>Nuestro centro est\u00e1 unido al proyecto de ropa deportiva impulsado por los Salesianos de Espa\u00f1a con el fin de ofrecer al alumnado un vestuario deportivo acorde con la nueva imagen corporativa y con una correcta relaci\u00f3n calidad-precio. Es un producto fabricado en Espa\u00f1a con tejidos 100 % nacionales y distribuido por El Corte Ingl\u00e9s para [&hellip;]<\/p>\n","protected":false},"author":3,"featured_media":0,"parent":0,"menu_order":0,"comment_status":"closed","ping_status":"closed","template":"","meta":{"_et_pb_use_builder":"on","_et_pb_old_content":"","_et_gb_content_width":"","footnotes":""},"class_list":["post-9867","page","type-page","status-publish","hentry"],"yoast_head":"<!-- This site is optimized with the Yoast SEO plugin v27.4 - https:\/\/yoast.com\/product\/yoast-seo-wordpress\/ -->\n<title>Ropa deportiva - Colegio Santo Domingo Savio<\/title>\n<meta name=\"robots\" content=\"index, follow, max-snippet:-1, max-image-preview:large, max-video-preview:-1\" \/>\n<link rel=\"canonical\" href=\"https:\/\/monzon.salesianos.edu\/colegio\/ropa-deportiva\/\" \/>\n<meta property=\"og:locale\" content=\"es_ES\" \/>\n<meta property=\"og:type\" content=\"article\" \/>\n<meta property=\"og:title\" content=\"Ropa deportiva - Colegio Santo Domingo Savio\" \/>\n<meta property=\"og:description\" content=\"Nuestro centro est\u00e1 unido al proyecto de ropa deportiva impulsado por los Salesianos de Espa\u00f1a con el fin de ofrecer al alumnado un vestuario deportivo acorde con la nueva imagen corporativa y con una correcta relaci\u00f3n calidad-precio. Es un producto fabricado en Espa\u00f1a con tejidos 100 % nacionales y distribuido por El Corte Ingl\u00e9s para [&hellip;]\" \/>\n<meta property=\"og:url\" content=\"https:\/\/monzon.salesianos.edu\/colegio\/ropa-deportiva\/\" \/>\n<meta property=\"og:site_name\" content=\"Colegio Santo Domingo Savio\" \/>\n<meta property=\"article:modified_time\" content=\"2025-09-03T09:14:13+00:00\" \/>\n<meta name=\"twitter:card\" content=\"summary_large_image\" \/>\n<meta name=\"twitter:label1\" content=\"Tiempo de lectura\" \/>\n\t<meta name=\"twitter:data1\" content=\"4 minutos\" \/>\n<script type=\"application\/ld+json\" class=\"yoast-schema-graph\">{\"@context\":\"https:\\\/\\\/schema.org\",\"@graph\":[{\"@type\":\"WebPage\",\"@id\":\"https:\\\/\\\/monzon.salesianos.edu\\\/colegio\\\/ropa-deportiva\\\/\",\"url\":\"https:\\\/\\\/monzon.salesianos.edu\\\/colegio\\\/ropa-deportiva\\\/\",\"name\":\"Ropa deportiva - Colegio Santo Domingo Savio\",\"isPartOf\":{\"@id\":\"https:\\\/\\\/monzon.salesianos.edu\\\/colegio\\\/#website\"},\"datePublished\":\"2019-06-27T15:46:34+00:00\",\"dateModified\":\"2025-09-03T09:14:13+00:00\",\"breadcrumb\":{\"@id\":\"https:\\\/\\\/monzon.salesianos.edu\\\/colegio\\\/ropa-deportiva\\\/#breadcrumb\"},\"inLanguage\":\"es\",\"potentialAction\":[{\"@type\":\"ReadAction\",\"target\":[\"https:\\\/\\\/monzon.salesianos.edu\\\/colegio\\\/ropa-deportiva\\\/\"]}]},{\"@type\":\"BreadcrumbList\",\"@id\":\"https:\\\/\\\/monzon.salesianos.edu\\\/colegio\\\/ropa-deportiva\\\/#breadcrumb\",\"itemListElement\":[{\"@type\":\"ListItem\",\"position\":1,\"name\":\"Portada\",\"item\":\"https:\\\/\\\/monzon.salesianos.edu\\\/colegio\\\/\"},{\"@type\":\"ListItem\",\"position\":2,\"name\":\"Ropa deportiva\"}]},{\"@type\":\"WebSite\",\"@id\":\"https:\\\/\\\/monzon.salesianos.edu\\\/colegio\\\/#website\",\"url\":\"https:\\\/\\\/monzon.salesianos.edu\\\/colegio\\\/\",\"name\":\"Colegio Santo Domingo Savio\",\"description\":\"P\u00e1gina oficial Salesianos Monz\u00f3n\",\"potentialAction\":[{\"@type\":\"SearchAction\",\"target\":{\"@type\":\"EntryPoint\",\"urlTemplate\":\"https:\\\/\\\/monzon.salesianos.edu\\\/colegio\\\/?s={search_term_string}\"},\"query-input\":{\"@type\":\"PropertyValueSpecification\",\"valueRequired\":true,\"valueName\":\"search_term_string\"}}],\"inLanguage\":\"es\"}]}<\/script>\n<!-- \/ Yoast SEO plugin. -->","yoast_head_json":{"title":"Ropa deportiva - Colegio Santo Domingo Savio","robots":{"index":"index","follow":"follow","max-snippet":"max-snippet:-1","max-image-preview":"max-image-preview:large","max-video-preview":"max-video-preview:-1"},"canonical":"https:\/\/monzon.salesianos.edu\/colegio\/ropa-deportiva\/","og_locale":"es_ES","og_type":"article","og_title":"Ropa deportiva - Colegio Santo Domingo Savio","og_description":"Nuestro centro est\u00e1 unido al proyecto de ropa deportiva impulsado por los Salesianos de Espa\u00f1a con el fin de ofrecer al alumnado un vestuario deportivo acorde con la nueva imagen corporativa y con una correcta relaci\u00f3n calidad-precio. Es un producto fabricado en Espa\u00f1a con tejidos 100 % nacionales y distribuido por El Corte Ingl\u00e9s para [&hellip;]","og_url":"https:\/\/monzon.salesianos.edu\/colegio\/ropa-deportiva\/","og_site_name":"Colegio Santo Domingo Savio","article_modified_time":"2025-09-03T09:14:13+00:00","twitter_card":"summary_large_image","twitter_misc":{"Tiempo de lectura":"4 minutos"},"schema":{"@context":"https:\/\/schema.org","@graph":[{"@type":"WebPage","@id":"https:\/\/monzon.salesianos.edu\/colegio\/ropa-deportiva\/","url":"https:\/\/monzon.salesianos.edu\/colegio\/ropa-deportiva\/","name":"Ropa deportiva - Colegio Santo Domingo Savio","isPartOf":{"@id":"https:\/\/monzon.salesianos.edu\/colegio\/#website"},"datePublished":"2019-06-27T15:46:34+00:00","dateModified":"2025-09-03T09:14:13+00:00","breadcrumb":{"@id":"https:\/\/monzon.salesianos.edu\/colegio\/ropa-deportiva\/#breadcrumb"},"inLanguage":"es","potentialAction":[{"@type":"ReadAction","target":["https:\/\/monzon.salesianos.edu\/colegio\/ropa-deportiva\/"]}]},{"@type":"BreadcrumbList","@id":"https:\/\/monzon.salesianos.edu\/colegio\/ropa-deportiva\/#breadcrumb","itemListElement":[{"@type":"ListItem","position":1,"name":"Portada","item":"https:\/\/monzon.salesianos.edu\/colegio\/"},{"@type":"ListItem","position":2,"name":"Ropa deportiva"}]},{"@type":"WebSite","@id":"https:\/\/monzon.salesianos.edu\/colegio\/#website","url":"https:\/\/monzon.salesianos.edu\/colegio\/","name":"Colegio Santo Domingo Savio","description":"P\u00e1gina oficial Salesianos Monz\u00f3n","potentialAction":[{"@type":"SearchAction","target":{"@type":"EntryPoint","urlTemplate":"https:\/\/monzon.salesianos.edu\/colegio\/?s={search_term_string}"},"query-input":{"@type":"PropertyValueSpecification","valueRequired":true,"valueName":"search_term_string"}}],"inLanguage":"es"}]}},"_links":{"self":[{"href":"https:\/\/monzon.salesianos.edu\/colegio\/wp-json\/wp\/v2\/pages\/9867","targetHints":{"allow":["GET"]}}],"collection":[{"href":"https:\/\/monzon.salesianos.edu\/colegio\/wp-json\/wp\/v2\/pages"}],"about":[{"href":"https:\/\/monzon.salesianos.edu\/colegio\/wp-json\/wp\/v2\/types\/page"}],"author":[{"embeddable":true,"href":"https:\/\/monzon.salesianos.edu\/colegio\/wp-json\/wp\/v2\/users\/3"}],"replies":[{"embeddable":true,"href":"https:\/\/monzon.salesianos.edu\/colegio\/wp-json\/wp\/v2\/comments?post=9867"}],"version-history":[{"count":24,"href":"https:\/\/monzon.salesianos.edu\/colegio\/wp-json\/wp\/v2\/pages\/9867\/revisions"}],"predecessor-version":[{"id":12828,"href":"https:\/\/monzon.salesianos.edu\/colegio\/wp-json\/wp\/v2\/pages\/9867\/revisions\/12828"}],"wp:attachment":[{"href":"https:\/\/monzon.salesianos.edu\/colegio\/wp-json\/wp\/v2\/media?parent=9867"}],"curies":[{"name":"wp","href":"https:\/\/api.w.org\/{rel}","templated":true}]}}