{"id":9539,"date":"2018-07-03T19:35:58","date_gmt":"2018-07-03T18:35:58","guid":{"rendered":"https:\/\/monzon.salesianos.edu\/colegio\/?page_id=9539"},"modified":"2026-04-15T10:57:33","modified_gmt":"2026-04-15T09:57:33","slug":"libros","status":"publish","type":"page","link":"https:\/\/monzon.salesianos.edu\/colegio\/libros\/","title":{"rendered":"Libros"},"content":{"rendered":"<p>[et_pb_section fb_built=\u00bb1&#8243; fullwidth=\u00bbon\u00bb _builder_version=\u00bb4.16&#8243; global_colors_info=\u00bb{}\u00bb][et_pb_fullwidth_header title=\u00bbLibros  y Becas\u00bb module_class=\u00bbpagina-imagen-cabecera\u00bb _builder_version=\u00bb4.25.1&#8243; title_text_color=\u00bb#ffffff\u00bb title_font_size=\u00bb40px\u00bb background_color=\u00bbrgba(255, 255, 255, 0)\u00bb use_background_color_gradient=\u00bbon\u00bb background_color_gradient_stops=\u00bb#e02b20 0%|#ffffff 100%\u00bb background_image=\u00bbhttps:\/\/monzon.salesianos.edu\/colegio\/wp-content\/uploads\/sites\/2\/2024\/06\/BANNER-4.jpg\u00bb background_enable_video_mp4=\u00bboff\u00bb max_width_tablet=\u00bb50px\u00bb global_colors_info=\u00bb{}\u00bb button_one_text_size__hover_enabled=\u00bboff\u00bb button_two_text_size__hover_enabled=\u00bboff\u00bb button_one_text_color__hover_enabled=\u00bboff\u00bb button_two_text_color__hover_enabled=\u00bboff\u00bb button_one_border_width__hover_enabled=\u00bboff\u00bb button_two_border_width__hover_enabled=\u00bboff\u00bb button_one_border_color__hover_enabled=\u00bboff\u00bb button_two_border_color__hover_enabled=\u00bboff\u00bb button_one_border_radius__hover_enabled=\u00bboff\u00bb button_two_border_radius__hover_enabled=\u00bboff\u00bb button_one_letter_spacing__hover_enabled=\u00bboff\u00bb button_two_letter_spacing__hover_enabled=\u00bboff\u00bb button_one_bg_color__hover_enabled=\u00bboff\u00bb button_two_bg_color__hover_enabled=\u00bboff\u00bb][\/et_pb_fullwidth_header][\/et_pb_section][et_pb_section fb_built=\u00bb1&#8243; module_class=\u00bbpagina-seccion-contenido\u00bb _builder_version=\u00bb4.16&#8243; custom_padding=\u00bb-4%|||\u00bb transparent_background=\u00bboff\u00bb global_colors_info=\u00bb{}\u00bb][et_pb_row module_class=\u00bbpagina-texto\u00bb _builder_version=\u00bb4.27.4&#8243; background_size=\u00bbinitial\u00bb background_position=\u00bbtop_left\u00bb background_repeat=\u00bbrepeat\u00bb hover_enabled=\u00bb0&#8243; global_colors_info=\u00bb{}\u00bb column_structure=\u00bb1_2,1_2&#8243; sticky_enabled=\u00bb0&#8243;][et_pb_column type=\u00bb1_2&#8243; _builder_version=\u00bb4.27.4&#8243; custom_padding=\u00bb|||\u00bb hover_enabled=\u00bb0&#8243; global_colors_info=\u00bb{}\u00bb custom_padding__hover=\u00bb|||\u00bb sticky_enabled=\u00bb0&#8243;][et_pb_text ul_type=\u00bbnone\u00bb ol_item_indent=\u00bb12px\u00bb _builder_version=\u00bb4.27.4&#8243; ul_text_align=\u00bbleft\u00bb ol_font=\u00bbLato||||||||\u00bb ol_text_align=\u00bbleft\u00bb ol_font_size=\u00bb15px\u00bb background_size=\u00bbinitial\u00bb background_position=\u00bbtop_left\u00bb background_repeat=\u00bbrepeat\u00bb vertical_offset_tablet=\u00bb0&#8243; horizontal_offset_tablet=\u00bb0&#8243; hover_enabled=\u00bb0&#8243; z_index_tablet=\u00bb500&#8243; text_text_shadow_horizontal_length_tablet=\u00bb0px\u00bb text_text_shadow_vertical_length_tablet=\u00bb0px\u00bb text_text_shadow_blur_strength_tablet=\u00bb1px\u00bb link_text_shadow_horizontal_length_tablet=\u00bb0px\u00bb link_text_shadow_vertical_length_tablet=\u00bb0px\u00bb link_text_shadow_blur_strength_tablet=\u00bb1px\u00bb ul_text_shadow_horizontal_length_tablet=\u00bb0px\u00bb ul_text_shadow_vertical_length_tablet=\u00bb0px\u00bb ul_text_shadow_blur_strength_tablet=\u00bb1px\u00bb ol_text_shadow_horizontal_length_tablet=\u00bb0px\u00bb ol_text_shadow_vertical_length_tablet=\u00bb0px\u00bb ol_text_shadow_blur_strength_tablet=\u00bb1px\u00bb quote_text_shadow_horizontal_length_tablet=\u00bb0px\u00bb quote_text_shadow_vertical_length_tablet=\u00bb0px\u00bb quote_text_shadow_blur_strength_tablet=\u00bb1px\u00bb header_text_shadow_horizontal_length_tablet=\u00bb0px\u00bb header_text_shadow_vertical_length_tablet=\u00bb0px\u00bb header_text_shadow_blur_strength_tablet=\u00bb1px\u00bb header_2_text_shadow_horizontal_length_tablet=\u00bb0px\u00bb header_2_text_shadow_vertical_length_tablet=\u00bb0px\u00bb header_2_text_shadow_blur_strength_tablet=\u00bb1px\u00bb header_3_text_shadow_horizontal_length_tablet=\u00bb0px\u00bb header_3_text_shadow_vertical_length_tablet=\u00bb0px\u00bb header_3_text_shadow_blur_strength_tablet=\u00bb1px\u00bb header_4_text_shadow_horizontal_length_tablet=\u00bb0px\u00bb header_4_text_shadow_vertical_length_tablet=\u00bb0px\u00bb header_4_text_shadow_blur_strength_tablet=\u00bb1px\u00bb header_5_text_shadow_horizontal_length_tablet=\u00bb0px\u00bb header_5_text_shadow_vertical_length_tablet=\u00bb0px\u00bb header_5_text_shadow_blur_strength_tablet=\u00bb1px\u00bb header_6_text_shadow_horizontal_length_tablet=\u00bb0px\u00bb header_6_text_shadow_vertical_length_tablet=\u00bb0px\u00bb header_6_text_shadow_blur_strength_tablet=\u00bb1px\u00bb box_shadow_horizontal_tablet=\u00bb0px\u00bb box_shadow_vertical_tablet=\u00bb0px\u00bb box_shadow_blur_tablet=\u00bb40px\u00bb box_shadow_spread_tablet=\u00bb0px\u00bb use_border_color=\u00bboff\u00bb border_color=\u00bb#ffffff\u00bb border_style=\u00bbsolid\u00bb global_colors_info=\u00bb{}\u00bb sticky_enabled=\u00bb0&#8243;]<\/p>\n<h1>Libro papel y libro digital<\/h1>\n<p>La compra de libros en el centro se realizar\u00e1 a trav\u00e9s de una nueva plataforma que se ha creado para facilitar este proceso.<br \/>1. Llegar\u00e1 un correo electr\u00f3nico a cada miembro de la familia que tengamos en la base de datos, desde\u00a0 \u00abportalpagos.monzon@salesianos.org\u201d donde se le enviar\u00e1 un enlace para efectuar la compra de libros por alumno.<br \/>2. Hay libros que habr\u00e1 que comprar obligatoriamente, y estar\u00e1n autom\u00e1ticamente seleccionados. Y habr\u00e1 otros que se pueden comprar simplemente marcando la casilla que est\u00e1 delante de ese libro.<br \/>3. Todos los alumnos de la ESO solo podr\u00e1n adquirir las optativas seleccionadas para evitar errores.<br \/>4. Si no aparece el nombre de la asignatura es porque no hay libro, ni digital ni papel, para la misma.<br \/>5. Una vez est\u00e9 todo marcado, autom\u00e1ticamente sale el precio. A continuaci\u00f3n hay que dar al bot\u00f3n de \u201cconfirmar la liquidaci\u00f3n\u201d.<br \/>6. Si se est\u00e1 de acuerdo dar al bot\u00f3n de \u201cEfectuar el pago\u201d<br \/>7. El pago se realiza con la tarjeta del banco y autom\u00e1ticamente te lleva a la pasarela de pago.<br \/>8. Una vez autorizado el pago y la operaci\u00f3n es MUY IMPORTANTE, darle al bot\u00f3n \u201cCONTINUAR\u201d.\u00a0De esta forma estar\u00e1 todo el proceso terminado.<\/p>\n<p>&nbsp;<\/p>\n<p>Tambi\u00e9n se puede realizar la compra de forma presencial en la administraci\u00f3n del colegio a partir del d\u00eda 2 de Septiembre en horario de 9 a 14h. Cualquier duda contactar a trav\u00e9s del tel\u00e9fono 974 416 888 extensi\u00f3n 132 o enviando un correo electr\u00f3nico a<span>\u00a0<\/span><a href=\"mailto:administracion.monzon@salesianos.org\">administracion.monzon@salesianos.org<\/a><\/p>\n<p>&nbsp;<\/p>\n<p>El primer d\u00eda de clase, se repartir\u00e1n los libros en papel (en caso que los haya) y la ESO se tendr\u00e1n las descargas de los libros de forma autom\u00e1tica.<br \/>Todas las familias que soliciten \u00abayudas para material curricular\u00bb de la DGA quedar\u00e1n pendientes de comprar los libros hasta que reciban la resoluci\u00f3n. A principios de septiembre, que ser\u00e1 cuando reciban el correo, podr\u00e1n adquirir los libros. Los libros de lectura no est\u00e1n incluidos en estas ayudas.<br \/>La factura de esta compra estar\u00e1 disponible en la plataforma de Esemtia normalmente 10 d\u00edas m\u00e1s tarde de realizar dicha compra.<br \/>Para los nuevos alumnos que no disponen de la misma, se les entregar\u00e1n las claves a principio de curso, y ya tendr\u00e1n disponible est\u00e1 informaci\u00f3n.<br \/>En todos los precios se ha aplicado un 10 % de descuento.<\/p>\n<p><span style=\"font-size: 14px\">Te recomendamos visites la p\u00e1gina de <\/span><a href=\"https:\/\/monzon.salesianos.edu\/colegio\/digitalizacion\" style=\"font-size: 14px;text-align: justify\">digitalizaci\u00f3n<\/a><span style=\"font-size: 14px;text-align: justify\"> donde tienes informaci\u00f3n sobre los dispositivos compatibles y la descarga de libros en el ordenador.<\/span><\/p>\n<p>&nbsp;<\/p>\n<p><span>*No se entregar\u00e1n las licencias de los libros digitales hasta que el pago no se haya realizado.<\/span><\/p>\n<p>[\/et_pb_text][\/et_pb_column][et_pb_column type=\u00bb1_2&#8243; _builder_version=\u00bb4.16&#8243; custom_padding=\u00bb|||\u00bb global_colors_info=\u00bb{}\u00bb custom_padding__hover=\u00bb|||\u00bb][et_pb_text _builder_version=\u00bb4.27.4&#8243; _module_preset=\u00bbdefault\u00bb hover_enabled=\u00bb0&#8243; sticky_enabled=\u00bb0&#8243;]<\/p>\n<h1 style=\"text-align: left\">Plazo para solicitar becas<\/h1>\n<p><span>El plazo de presentaci\u00f3n de solicitudes de becas y ayudas de niveles postobligatorios empieza el 7 de abril desde las 8:00h hasta las 15:00h del 18 de mayo de 2026.<\/span><\/p>\n<p>[\/et_pb_text][et_pb_button button_url=\u00bbhttps:\/\/aplicaciones.aragon.es\/pcrcs\/conexion\u00bb button_text=\u00bbMas informaci\u00f3n\u00bb button_alignment=\u00bbcenter\u00bb _builder_version=\u00bb4.27.4&#8243; custom_button=\u00bbon\u00bb button_text_color=\u00bb#ffffff\u00bb button_bg_color=\u00bb#e02b20&#8243; button_border_color=\u00bb#e02b20&#8243; button_border_radius=\u00bb8px\u00bb button_font=\u00bb||||||||\u00bb button_icon=\u00bb&#xe065;||fa||900&#8243; button_icon_color=\u00bb#FFFFFF\u00bb button_icon_placement=\u00bbleft\u00bb hover_enabled=\u00bb0&#8243; global_colors_info=\u00bb{}\u00bb theme_builder_area=\u00bbpost_content\u00bb sticky_enabled=\u00bb0&#8243;][\/et_pb_button][\/et_pb_column][\/et_pb_row][\/et_pb_section]<\/p>\n","protected":false},"excerpt":{"rendered":"<p>Libro papel y libro digital La compra de libros en el centro se realizar\u00e1 a trav\u00e9s de una nueva plataforma que se ha creado para facilitar este proceso.1. Llegar\u00e1 un correo electr\u00f3nico a cada miembro de la familia que tengamos en la base de datos, desde\u00a0 \u00abportalpagos.monzon@salesianos.org\u201d donde se le enviar\u00e1 un enlace para efectuar [&hellip;]<\/p>\n","protected":false},"author":3,"featured_media":0,"parent":0,"menu_order":0,"comment_status":"closed","ping_status":"closed","template":"","meta":{"_et_pb_use_builder":"on","_et_pb_old_content":"","_et_gb_content_width":"","footnotes":""},"class_list":["post-9539","page","type-page","status-publish","hentry"],"yoast_head":"<!-- This site is optimized with the Yoast SEO plugin v27.4 - https:\/\/yoast.com\/product\/yoast-seo-wordpress\/ -->\n<title>Libros - Colegio Santo Domingo Savio<\/title>\n<meta name=\"robots\" content=\"index, follow, max-snippet:-1, max-image-preview:large, max-video-preview:-1\" \/>\n<link rel=\"canonical\" href=\"https:\/\/monzon.salesianos.edu\/colegio\/libros\/\" \/>\n<meta property=\"og:locale\" content=\"es_ES\" \/>\n<meta property=\"og:type\" content=\"article\" \/>\n<meta property=\"og:title\" content=\"Libros - Colegio Santo Domingo Savio\" \/>\n<meta property=\"og:description\" content=\"Libro papel y libro digital La compra de libros en el centro se realizar\u00e1 a trav\u00e9s de una nueva plataforma que se ha creado para facilitar este proceso.1. Llegar\u00e1 un correo electr\u00f3nico a cada miembro de la familia que tengamos en la base de datos, desde\u00a0 &quot;portalpagos.monzon@salesianos.org\u201d donde se le enviar\u00e1 un enlace para efectuar [&hellip;]\" \/>\n<meta property=\"og:url\" content=\"https:\/\/monzon.salesianos.edu\/colegio\/libros\/\" \/>\n<meta property=\"og:site_name\" content=\"Colegio Santo Domingo Savio\" \/>\n<meta property=\"article:modified_time\" content=\"2026-04-15T09:57:33+00:00\" \/>\n<meta name=\"twitter:card\" content=\"summary_large_image\" \/>\n<meta name=\"twitter:label1\" content=\"Tiempo de lectura\" \/>\n\t<meta name=\"twitter:data1\" content=\"6 minutos\" \/>\n<script type=\"application\/ld+json\" class=\"yoast-schema-graph\">{\"@context\":\"https:\\\/\\\/schema.org\",\"@graph\":[{\"@type\":\"WebPage\",\"@id\":\"https:\\\/\\\/monzon.salesianos.edu\\\/colegio\\\/libros\\\/\",\"url\":\"https:\\\/\\\/monzon.salesianos.edu\\\/colegio\\\/libros\\\/\",\"name\":\"Libros - Colegio Santo Domingo Savio\",\"isPartOf\":{\"@id\":\"https:\\\/\\\/monzon.salesianos.edu\\\/colegio\\\/#website\"},\"datePublished\":\"2018-07-03T18:35:58+00:00\",\"dateModified\":\"2026-04-15T09:57:33+00:00\",\"breadcrumb\":{\"@id\":\"https:\\\/\\\/monzon.salesianos.edu\\\/colegio\\\/libros\\\/#breadcrumb\"},\"inLanguage\":\"es\",\"potentialAction\":[{\"@type\":\"ReadAction\",\"target\":[\"https:\\\/\\\/monzon.salesianos.edu\\\/colegio\\\/libros\\\/\"]}]},{\"@type\":\"BreadcrumbList\",\"@id\":\"https:\\\/\\\/monzon.salesianos.edu\\\/colegio\\\/libros\\\/#breadcrumb\",\"itemListElement\":[{\"@type\":\"ListItem\",\"position\":1,\"name\":\"Portada\",\"item\":\"https:\\\/\\\/monzon.salesianos.edu\\\/colegio\\\/\"},{\"@type\":\"ListItem\",\"position\":2,\"name\":\"Libros\"}]},{\"@type\":\"WebSite\",\"@id\":\"https:\\\/\\\/monzon.salesianos.edu\\\/colegio\\\/#website\",\"url\":\"https:\\\/\\\/monzon.salesianos.edu\\\/colegio\\\/\",\"name\":\"Colegio Santo Domingo Savio\",\"description\":\"P\u00e1gina oficial Salesianos Monz\u00f3n\",\"potentialAction\":[{\"@type\":\"SearchAction\",\"target\":{\"@type\":\"EntryPoint\",\"urlTemplate\":\"https:\\\/\\\/monzon.salesianos.edu\\\/colegio\\\/?s={search_term_string}\"},\"query-input\":{\"@type\":\"PropertyValueSpecification\",\"valueRequired\":true,\"valueName\":\"search_term_string\"}}],\"inLanguage\":\"es\"}]}<\/script>\n<!-- \/ Yoast SEO plugin. -->","yoast_head_json":{"title":"Libros - Colegio Santo Domingo Savio","robots":{"index":"index","follow":"follow","max-snippet":"max-snippet:-1","max-image-preview":"max-image-preview:large","max-video-preview":"max-video-preview:-1"},"canonical":"https:\/\/monzon.salesianos.edu\/colegio\/libros\/","og_locale":"es_ES","og_type":"article","og_title":"Libros - Colegio Santo Domingo Savio","og_description":"Libro papel y libro digital La compra de libros en el centro se realizar\u00e1 a trav\u00e9s de una nueva plataforma que se ha creado para facilitar este proceso.1. Llegar\u00e1 un correo electr\u00f3nico a cada miembro de la familia que tengamos en la base de datos, desde\u00a0 \"portalpagos.monzon@salesianos.org\u201d donde se le enviar\u00e1 un enlace para efectuar [&hellip;]","og_url":"https:\/\/monzon.salesianos.edu\/colegio\/libros\/","og_site_name":"Colegio Santo Domingo Savio","article_modified_time":"2026-04-15T09:57:33+00:00","twitter_card":"summary_large_image","twitter_misc":{"Tiempo de lectura":"6 minutos"},"schema":{"@context":"https:\/\/schema.org","@graph":[{"@type":"WebPage","@id":"https:\/\/monzon.salesianos.edu\/colegio\/libros\/","url":"https:\/\/monzon.salesianos.edu\/colegio\/libros\/","name":"Libros - Colegio Santo Domingo Savio","isPartOf":{"@id":"https:\/\/monzon.salesianos.edu\/colegio\/#website"},"datePublished":"2018-07-03T18:35:58+00:00","dateModified":"2026-04-15T09:57:33+00:00","breadcrumb":{"@id":"https:\/\/monzon.salesianos.edu\/colegio\/libros\/#breadcrumb"},"inLanguage":"es","potentialAction":[{"@type":"ReadAction","target":["https:\/\/monzon.salesianos.edu\/colegio\/libros\/"]}]},{"@type":"BreadcrumbList","@id":"https:\/\/monzon.salesianos.edu\/colegio\/libros\/#breadcrumb","itemListElement":[{"@type":"ListItem","position":1,"name":"Portada","item":"https:\/\/monzon.salesianos.edu\/colegio\/"},{"@type":"ListItem","position":2,"name":"Libros"}]},{"@type":"WebSite","@id":"https:\/\/monzon.salesianos.edu\/colegio\/#website","url":"https:\/\/monzon.salesianos.edu\/colegio\/","name":"Colegio Santo Domingo Savio","description":"P\u00e1gina oficial Salesianos Monz\u00f3n","potentialAction":[{"@type":"SearchAction","target":{"@type":"EntryPoint","urlTemplate":"https:\/\/monzon.salesianos.edu\/colegio\/?s={search_term_string}"},"query-input":{"@type":"PropertyValueSpecification","valueRequired":true,"valueName":"search_term_string"}}],"inLanguage":"es"}]}},"_links":{"self":[{"href":"https:\/\/monzon.salesianos.edu\/colegio\/wp-json\/wp\/v2\/pages\/9539","targetHints":{"allow":["GET"]}}],"collection":[{"href":"https:\/\/monzon.salesianos.edu\/colegio\/wp-json\/wp\/v2\/pages"}],"about":[{"href":"https:\/\/monzon.salesianos.edu\/colegio\/wp-json\/wp\/v2\/types\/page"}],"author":[{"embeddable":true,"href":"https:\/\/monzon.salesianos.edu\/colegio\/wp-json\/wp\/v2\/users\/3"}],"replies":[{"embeddable":true,"href":"https:\/\/monzon.salesianos.edu\/colegio\/wp-json\/wp\/v2\/comments?post=9539"}],"version-history":[{"count":43,"href":"https:\/\/monzon.salesianos.edu\/colegio\/wp-json\/wp\/v2\/pages\/9539\/revisions"}],"predecessor-version":[{"id":12965,"href":"https:\/\/monzon.salesianos.edu\/colegio\/wp-json\/wp\/v2\/pages\/9539\/revisions\/12965"}],"wp:attachment":[{"href":"https:\/\/monzon.salesianos.edu\/colegio\/wp-json\/wp\/v2\/media?parent=9539"}],"curies":[{"name":"wp","href":"https:\/\/api.w.org\/{rel}","templated":true}]}}