{"id":8222,"date":"2018-02-09T23:14:33","date_gmt":"2018-02-09T22:14:33","guid":{"rendered":"https:\/\/monzon.salesianos.edu\/colegio\/?page_id=8222"},"modified":"2025-03-17T12:17:15","modified_gmt":"2025-03-17T11:17:15","slug":"administracion-y-finanzas","status":"publish","type":"page","link":"https:\/\/monzon.salesianos.edu\/colegio\/administracion-y-finanzas\/","title":{"rendered":"Administraci\u00f3n y Finanzas"},"content":{"rendered":"<p>[et_pb_section fb_built=\u00bb1&#8243; fullwidth=\u00bbon\u00bb _builder_version=\u00bb4.20.0&#8243; _module_preset=\u00bbdefault\u00bb global_colors_info=\u00bb{}\u00bb][et_pb_fullwidth_header title=\u00bbAdministraci\u00f3n y Finanzas\u00bb _builder_version=\u00bb4.27.4&#8243; _module_preset=\u00bbdefault\u00bb title_font_size=\u00bb45px\u00bb background_enable_color=\u00bboff\u00bb hover_enabled=\u00bb0&#8243; global_colors_info=\u00bb{}\u00bb background_enable_video_mp4=\u00bboff\u00bb title_text=\u00bbBANNER 4&#8243; background_image=\u00bbhttps:\/\/monzon.salesianos.edu\/colegio\/wp-content\/uploads\/sites\/2\/2024\/06\/BANNER-4.jpg\u00bb sticky_enabled=\u00bb0&#8243;][\/et_pb_fullwidth_header][\/et_pb_section][et_pb_section fb_built=\u00bb1&#8243; module_class=\u00bbpagina-seccion-contenido\u00bb _builder_version=\u00bb4.16&#8243; custom_padding=\u00bb0%|||\u00bb global_colors_info=\u00bb{}\u00bb][et_pb_row column_structure=\u00bb2_3,1_3&#8243; module_class=\u00bbpagina-texto\u00bb _builder_version=\u00bb4.16&#8243; background_size=\u00bbinitial\u00bb background_position=\u00bbtop_left\u00bb background_repeat=\u00bbrepeat\u00bb custom_margin=\u00bb25px|||\u00bb custom_padding=\u00bb25px||12px|\u00bb global_colors_info=\u00bb{}\u00bb][et_pb_column type=\u00bb2_3&#8243; _builder_version=\u00bb4.16&#8243; custom_padding=\u00bb|||\u00bb global_colors_info=\u00bb{}\u00bb custom_padding__hover=\u00bb|||\u00bb][et_pb_text admin_label=\u00bbDenominaci\u00f3n (Texto)\u00bb _builder_version=\u00bb4.20.0&#8243; background_size=\u00bbinitial\u00bb background_position=\u00bbtop_left\u00bb background_repeat=\u00bbrepeat\u00bb global_colors_info=\u00bb{}\u00bb]<\/p>\n<h1><a class=\"normaLink\" href=\"http:\/\/fp.educaragon.org\/guiaeducativa\/directorio_modulos.asp?grafico=&amp;idE=2278&amp;nombreC=Administraci%F3n%20y%20Gesti%F3n&amp;fotoC=familia_gSuperior.gif&amp;familia=si&amp;titulo=Formaci%F3n%20profesional%20espec%EDfica%20-%20Grado%20superior\">ADG301 &#8211; Administraci\u00f3n y finanzas<\/a><\/h1>\n<p><strong>Duraci\u00f3n:<\/strong> 2000 horas.<\/p>\n<p style=\"text-align: justify\"><strong>Competencia general:<\/strong>\u00a0Organizar y ejecutar las operaciones de\u00a0gesti\u00f3n y administraci\u00f3n en los procesos comerciales, laborales, contables, fiscales y financieros de una empresa p\u00fablica o privada, aplicando la normativa vigente y los protocolos de\u00a0gesti\u00f3n de calidad, gestionando la informaci\u00f3n, asegurando la satisfacci\u00f3n del cliente y\/o\u00a0usuario y actuando seg\u00fan las normas de prevenci\u00f3n de riesgos faborales y protecci\u00f3n\u00a0medioambiental.<\/p>\n<p>[\/et_pb_text][et_pb_text admin_label=\u00bbOrganizaci\u00f3n (Texto)\u00bb _builder_version=\u00bb4.16&#8243; global_colors_info=\u00bb{}\u00bb]<\/p>\n<h1>Organizaci\u00f3n Curricular<\/h1>\n<p>[\/et_pb_text][et_pb_accordion admin_label=\u00bbMaterias (Acorde\u00f3n)\u00bb _builder_version=\u00bb4.16&#8243; toggle_level=\u00bbh1&#8243; text_orientation=\u00bbcenter\u00bb global_colors_info=\u00bb{}\u00bb][et_pb_accordion_item title=\u00bbPrimero\u00bb open=\u00bboff\u00bb _builder_version=\u00bb4.16&#8243; global_colors_info=\u00bb{}\u00bb]<\/p>\n<ul>\n<li style=\"text-align: justify\">Gesti\u00f3n de la documentaci\u00f3n jur\u00eddica empresarial<\/li>\n<li style=\"text-align: justify\">Recursos humanos y responsabilidad social corporativa<\/li>\n<li style=\"text-align: justify\">Ofim\u00e1tica y proceso de la informaci\u00f3n<\/li>\n<li style=\"text-align: justify\">Proceso integral de la actividad comercial<\/li>\n<li style=\"text-align: justify\">Comunicaci\u00f3n y atenci\u00f3n al cliente<\/li>\n<li style=\"text-align: justify\">Ingl\u00e9s profesional<\/li>\n<li style=\"text-align: justify\">Itinerario personal para la empleabilidad I<\/li>\n<li style=\"text-align: justify\">Digitalizaci\u00f3n aplicada a los sectores productivos<\/li>\n<\/ul>\n<p><em>Formaci\u00f3n en empresa u organismo equiparado (FEOE &#8211; 140h)<\/em><\/p>\n<p>&nbsp;<\/p>\n<p>[\/et_pb_accordion_item][et_pb_accordion_item title=\u00bbSegundo\u00bb _builder_version=\u00bb4.16&#8243; global_colors_info=\u00bb{}\u00bb open=\u00bbon\u00bb]<\/p>\n<ul>\n<li style=\"text-align: justify\">Gesti\u00f3n de recursos humanos<\/li>\n<li style=\"text-align: justify\">Gesti\u00f3n financiera<\/li>\n<li style=\"text-align: justify\">Contabilidad y fiscalidad<\/li>\n<li style=\"text-align: justify\">Gesti\u00f3n log\u00edstica y comercial<\/li>\n<li style=\"text-align: justify\">Simulaci\u00f3n empresarial<\/li>\n<li style=\"text-align: justify\">Proyecto intermodular de administraci\u00f3n y finanzas<\/li>\n<li style=\"text-align: justify\">Itinerario personal para la empleabilidad II\u00a0<\/li>\n<li style=\"text-align: justify\">Sostenibilidad aplicada al sistema productivo<\/li>\n<li style=\"text-align: justify\">M\u00f3dulo profesional optativo<\/li>\n<\/ul>\n<p><em>Formaci\u00f3n en empresa u organismo equiparado (FEOE &#8211; 360h)<\/em><\/p>\n<p>[\/et_pb_accordion_item][\/et_pb_accordion][\/et_pb_column][et_pb_column type=\u00bb1_3&#8243; _builder_version=\u00bb4.16&#8243; custom_padding=\u00bb|||\u00bb global_colors_info=\u00bb{}\u00bb custom_padding__hover=\u00bb|||\u00bb][et_pb_text _builder_version=\u00bb4.16&#8243; global_colors_info=\u00bb{}\u00bb]<\/p>\n<h1>Tutoras<\/h1>\n<h3>Primer curso<\/h3>\n<p>Elena Latorre<\/p>\n<h3>Segundo curso<\/h3>\n<p>Vilma Sanjuan<\/p>\n<p>[\/et_pb_text][\/et_pb_column][\/et_pb_row][et_pb_row _builder_version=\u00bb4.16&#8243; custom_padding=\u00bb12px|0px|27px|0px\u00bb global_colors_info=\u00bb{}\u00bb][et_pb_column type=\u00bb4_4&#8243; _builder_version=\u00bb4.16&#8243; custom_padding=\u00bb|||\u00bb global_colors_info=\u00bb{}\u00bb custom_padding__hover=\u00bb|||\u00bb][et_pb_testimonial author=\u00bbRoc\u00edo Aguilera\u00bb portrait_url=\u00bbhttps:\/\/monzon.salesianos.edu\/colegio\/wp-content\/uploads\/sites\/2\/2020\/05\/IMG_20180222_200114-768&#215;768-1.jpg\u00bb _builder_version=\u00bb4.16&#8243; global_colors_info=\u00bb{}\u00bb]<\/p>\n<p style=\"font-weight: 400;text-align: justify\">Soy Rocio Aguilera, ex alumna de grado superior de administraci\u00f3n y finanzas del centro. Actualmente estudio en la Universidad de Le\u00f3n el grado de Comercio Internacional. Mi motivaci\u00f3n para comenzar la universidad y en concreto este grado fue la gran experiencia que viv\u00ed en Ramsgate, la cual tuve la oportunidad de realizar al cursar el grado superior en Salesianos.<\/p>\n<p style=\"font-weight: 400;text-align: justify\">Respecto al grado superior, he de decir que la formaci\u00f3n ha sido de much\u00edsima ayuda para realizar las pr\u00e1cticas y hoy por hoy la sigo utilizando en muchas de las asignaturas que curso en el grado universitario. Con relaci\u00f3n a la estancia en Ramsgate, solo puedo tener palabras buenas y de agradecimiento tanto a las profesoras que gestionaron todo para poder realizar all\u00ed las pr\u00e1cticas, como para toda la gente del Colegio, por su acogida, su paciencia al inicio cuando el hablar en ingl\u00e9s se hac\u00eda un poco dif\u00edcil, por todo lo que me han ense\u00f1ado y sobre todo por las maravillosas personas que conoc\u00ed y que a d\u00eda de hoy sigo teniendo en mi vida, as\u00ed como a la familia que me acogi\u00f3 durante dos meses y medio y me hicieron sentir como en casa.<\/p>\n<p style=\"font-weight: 400;text-align: justify\">As\u00ed\u00a0que, recomiendo cien por cien\u00a0cursar el grado superior aqu\u00ed,\u00a0ya que en pocos lugares se da la oportunidad de realizar las pr\u00e1cticas en el extranjero con tanto apoyo de las profesoras y el colegio. Mi agradecimiento siempre ser\u00e1 enorme tanto por el trato profesional como por el personal.\u00a0<\/p>\n<p>[\/et_pb_testimonial][et_pb_tabs _builder_version=\u00bb4.16&#8243; global_colors_info=\u00bb{}\u00bb][et_pb_tab title=\u00bbSalidas profesionales\u00bb _builder_version=\u00bb4.16&#8243; global_colors_info=\u00bb{}\u00bb]Administrativo de oficina.<br \/>\nAdministrativo comercial.<br \/>\nAdministrativo financiero.<br \/>\nAdministrativo contable.<br \/>\nAdministrativo de log\u00edstica.<br \/>\nAdministrativo de banca y de seguros.<br \/>\nAdministrativo de recursos humanos.<br \/>\nAdministrativo de la Administraci\u00f3n p\u00fablica.<br \/>\nAdministrativo de asesor\u00edas jur\u00eddicas, contables, laborales, fiscales o gestor\u00edas.<br \/>\nT\u00e9cnico en gesti\u00f3n de cobros.<br \/>\nResponsable de atenci\u00f3n al cliente.<br \/>\n[\/et_pb_tab][\/et_pb_tabs][\/et_pb_column][\/et_pb_row][\/et_pb_section]<\/p>\n","protected":false},"excerpt":{"rendered":"<p>ADG301 &#8211; Administraci\u00f3n y finanzas Duraci\u00f3n: 2000 horas. Competencia general:\u00a0Organizar y ejecutar las operaciones de\u00a0gesti\u00f3n y administraci\u00f3n en los procesos comerciales, laborales, contables, fiscales y financieros de una empresa p\u00fablica o privada, aplicando la normativa vigente y los protocolos de\u00a0gesti\u00f3n de calidad, gestionando la informaci\u00f3n, asegurando la satisfacci\u00f3n del cliente y\/o\u00a0usuario y actuando seg\u00fan las [&hellip;]<\/p>\n","protected":false},"author":3,"featured_media":0,"parent":0,"menu_order":0,"comment_status":"closed","ping_status":"closed","template":"","meta":{"_et_pb_use_builder":"on","_et_pb_old_content":"","_et_gb_content_width":"","footnotes":""},"class_list":["post-8222","page","type-page","status-publish","hentry"],"yoast_head":"<!-- This site is optimized with the Yoast SEO plugin v27.4 - https:\/\/yoast.com\/product\/yoast-seo-wordpress\/ -->\n<title>Administraci\u00f3n y Finanzas - Colegio Santo Domingo Savio<\/title>\n<meta name=\"robots\" content=\"index, follow, max-snippet:-1, max-image-preview:large, max-video-preview:-1\" \/>\n<link rel=\"canonical\" href=\"https:\/\/monzon.salesianos.edu\/colegio\/administracion-y-finanzas\/\" \/>\n<meta property=\"og:locale\" content=\"es_ES\" \/>\n<meta property=\"og:type\" content=\"article\" \/>\n<meta property=\"og:title\" content=\"Administraci\u00f3n y Finanzas - Colegio Santo Domingo Savio\" \/>\n<meta property=\"og:description\" content=\"ADG301 - Administraci\u00f3n y finanzas Duraci\u00f3n: 2000 horas. Competencia general:\u00a0Organizar y ejecutar las operaciones de\u00a0gesti\u00f3n y administraci\u00f3n en los procesos comerciales, laborales, contables, fiscales y financieros de una empresa p\u00fablica o privada, aplicando la normativa vigente y los protocolos de\u00a0gesti\u00f3n de calidad, gestionando la informaci\u00f3n, asegurando la satisfacci\u00f3n del cliente y\/o\u00a0usuario y actuando seg\u00fan las [&hellip;]\" \/>\n<meta property=\"og:url\" content=\"https:\/\/monzon.salesianos.edu\/colegio\/administracion-y-finanzas\/\" \/>\n<meta property=\"og:site_name\" content=\"Colegio Santo Domingo Savio\" \/>\n<meta property=\"article:modified_time\" content=\"2025-03-17T11:17:15+00:00\" \/>\n<meta name=\"twitter:card\" content=\"summary_large_image\" \/>\n<meta name=\"twitter:label1\" content=\"Tiempo de lectura\" \/>\n\t<meta name=\"twitter:data1\" content=\"4 minutos\" \/>\n<script type=\"application\/ld+json\" class=\"yoast-schema-graph\">{\"@context\":\"https:\\\/\\\/schema.org\",\"@graph\":[{\"@type\":\"WebPage\",\"@id\":\"https:\\\/\\\/monzon.salesianos.edu\\\/colegio\\\/administracion-y-finanzas\\\/\",\"url\":\"https:\\\/\\\/monzon.salesianos.edu\\\/colegio\\\/administracion-y-finanzas\\\/\",\"name\":\"Administraci\u00f3n y Finanzas - Colegio Santo Domingo Savio\",\"isPartOf\":{\"@id\":\"https:\\\/\\\/monzon.salesianos.edu\\\/colegio\\\/#website\"},\"datePublished\":\"2018-02-09T22:14:33+00:00\",\"dateModified\":\"2025-03-17T11:17:15+00:00\",\"breadcrumb\":{\"@id\":\"https:\\\/\\\/monzon.salesianos.edu\\\/colegio\\\/administracion-y-finanzas\\\/#breadcrumb\"},\"inLanguage\":\"es\",\"potentialAction\":[{\"@type\":\"ReadAction\",\"target\":[\"https:\\\/\\\/monzon.salesianos.edu\\\/colegio\\\/administracion-y-finanzas\\\/\"]}]},{\"@type\":\"BreadcrumbList\",\"@id\":\"https:\\\/\\\/monzon.salesianos.edu\\\/colegio\\\/administracion-y-finanzas\\\/#breadcrumb\",\"itemListElement\":[{\"@type\":\"ListItem\",\"position\":1,\"name\":\"Portada\",\"item\":\"https:\\\/\\\/monzon.salesianos.edu\\\/colegio\\\/\"},{\"@type\":\"ListItem\",\"position\":2,\"name\":\"Administraci\u00f3n y Finanzas\"}]},{\"@type\":\"WebSite\",\"@id\":\"https:\\\/\\\/monzon.salesianos.edu\\\/colegio\\\/#website\",\"url\":\"https:\\\/\\\/monzon.salesianos.edu\\\/colegio\\\/\",\"name\":\"Colegio Santo Domingo Savio\",\"description\":\"P\u00e1gina oficial Salesianos Monz\u00f3n\",\"potentialAction\":[{\"@type\":\"SearchAction\",\"target\":{\"@type\":\"EntryPoint\",\"urlTemplate\":\"https:\\\/\\\/monzon.salesianos.edu\\\/colegio\\\/?s={search_term_string}\"},\"query-input\":{\"@type\":\"PropertyValueSpecification\",\"valueRequired\":true,\"valueName\":\"search_term_string\"}}],\"inLanguage\":\"es\"}]}<\/script>\n<!-- \/ Yoast SEO plugin. -->","yoast_head_json":{"title":"Administraci\u00f3n y Finanzas - Colegio Santo Domingo Savio","robots":{"index":"index","follow":"follow","max-snippet":"max-snippet:-1","max-image-preview":"max-image-preview:large","max-video-preview":"max-video-preview:-1"},"canonical":"https:\/\/monzon.salesianos.edu\/colegio\/administracion-y-finanzas\/","og_locale":"es_ES","og_type":"article","og_title":"Administraci\u00f3n y Finanzas - Colegio Santo Domingo Savio","og_description":"ADG301 - Administraci\u00f3n y finanzas Duraci\u00f3n: 2000 horas. Competencia general:\u00a0Organizar y ejecutar las operaciones de\u00a0gesti\u00f3n y administraci\u00f3n en los procesos comerciales, laborales, contables, fiscales y financieros de una empresa p\u00fablica o privada, aplicando la normativa vigente y los protocolos de\u00a0gesti\u00f3n de calidad, gestionando la informaci\u00f3n, asegurando la satisfacci\u00f3n del cliente y\/o\u00a0usuario y actuando seg\u00fan las [&hellip;]","og_url":"https:\/\/monzon.salesianos.edu\/colegio\/administracion-y-finanzas\/","og_site_name":"Colegio Santo Domingo Savio","article_modified_time":"2025-03-17T11:17:15+00:00","twitter_card":"summary_large_image","twitter_misc":{"Tiempo de lectura":"4 minutos"},"schema":{"@context":"https:\/\/schema.org","@graph":[{"@type":"WebPage","@id":"https:\/\/monzon.salesianos.edu\/colegio\/administracion-y-finanzas\/","url":"https:\/\/monzon.salesianos.edu\/colegio\/administracion-y-finanzas\/","name":"Administraci\u00f3n y Finanzas - Colegio Santo Domingo Savio","isPartOf":{"@id":"https:\/\/monzon.salesianos.edu\/colegio\/#website"},"datePublished":"2018-02-09T22:14:33+00:00","dateModified":"2025-03-17T11:17:15+00:00","breadcrumb":{"@id":"https:\/\/monzon.salesianos.edu\/colegio\/administracion-y-finanzas\/#breadcrumb"},"inLanguage":"es","potentialAction":[{"@type":"ReadAction","target":["https:\/\/monzon.salesianos.edu\/colegio\/administracion-y-finanzas\/"]}]},{"@type":"BreadcrumbList","@id":"https:\/\/monzon.salesianos.edu\/colegio\/administracion-y-finanzas\/#breadcrumb","itemListElement":[{"@type":"ListItem","position":1,"name":"Portada","item":"https:\/\/monzon.salesianos.edu\/colegio\/"},{"@type":"ListItem","position":2,"name":"Administraci\u00f3n y Finanzas"}]},{"@type":"WebSite","@id":"https:\/\/monzon.salesianos.edu\/colegio\/#website","url":"https:\/\/monzon.salesianos.edu\/colegio\/","name":"Colegio Santo Domingo Savio","description":"P\u00e1gina oficial Salesianos Monz\u00f3n","potentialAction":[{"@type":"SearchAction","target":{"@type":"EntryPoint","urlTemplate":"https:\/\/monzon.salesianos.edu\/colegio\/?s={search_term_string}"},"query-input":{"@type":"PropertyValueSpecification","valueRequired":true,"valueName":"search_term_string"}}],"inLanguage":"es"}]}},"_links":{"self":[{"href":"https:\/\/monzon.salesianos.edu\/colegio\/wp-json\/wp\/v2\/pages\/8222","targetHints":{"allow":["GET"]}}],"collection":[{"href":"https:\/\/monzon.salesianos.edu\/colegio\/wp-json\/wp\/v2\/pages"}],"about":[{"href":"https:\/\/monzon.salesianos.edu\/colegio\/wp-json\/wp\/v2\/types\/page"}],"author":[{"embeddable":true,"href":"https:\/\/monzon.salesianos.edu\/colegio\/wp-json\/wp\/v2\/users\/3"}],"replies":[{"embeddable":true,"href":"https:\/\/monzon.salesianos.edu\/colegio\/wp-json\/wp\/v2\/comments?post=8222"}],"version-history":[{"count":14,"href":"https:\/\/monzon.salesianos.edu\/colegio\/wp-json\/wp\/v2\/pages\/8222\/revisions"}],"predecessor-version":[{"id":12764,"href":"https:\/\/monzon.salesianos.edu\/colegio\/wp-json\/wp\/v2\/pages\/8222\/revisions\/12764"}],"wp:attachment":[{"href":"https:\/\/monzon.salesianos.edu\/colegio\/wp-json\/wp\/v2\/media?parent=8222"}],"curies":[{"name":"wp","href":"https:\/\/api.w.org\/{rel}","templated":true}]}}