{"id":7947,"date":"2018-01-28T00:13:38","date_gmt":"2018-01-27T23:13:38","guid":{"rendered":"https:\/\/monzon.salesianos.edu\/colegio\/?page_id=7947"},"modified":"2024-10-03T13:08:47","modified_gmt":"2024-10-03T12:08:47","slug":"modelo-de-persona","status":"publish","type":"page","link":"https:\/\/monzon.salesianos.edu\/colegio\/modelo-de-persona\/","title":{"rendered":"Modelo de persona"},"content":{"rendered":"<p>[et_pb_section fb_built=\u00bb1&#8243; fullwidth=\u00bbon\u00bb _builder_version=\u00bb4.16&#8243; global_colors_info=\u00bb{}\u00bb][et_pb_fullwidth_header title=\u00bbModelo de Persona\u00bb module_class=\u00bbpagina-imagen-cabecera\u00bb _builder_version=\u00bb4.25.1&#8243; title_text_color=\u00bb#ffffff\u00bb title_font_size=\u00bb40px\u00bb background_color=\u00bbrgba(255, 255, 255, 0)\u00bb background_image=\u00bbhttps:\/\/monzon.salesianos.edu\/colegio\/wp-content\/uploads\/sites\/2\/2024\/06\/BANNER-4.jpg\u00bb max_width_tablet=\u00bb50px\u00bb hover_enabled=\u00bb0&#8243; global_colors_info=\u00bb{}\u00bb button_one_text_size__hover_enabled=\u00bboff\u00bb button_two_text_size__hover_enabled=\u00bboff\u00bb button_one_text_color__hover_enabled=\u00bboff\u00bb button_two_text_color__hover_enabled=\u00bboff\u00bb button_one_border_width__hover_enabled=\u00bboff\u00bb button_two_border_width__hover_enabled=\u00bboff\u00bb button_one_border_color__hover_enabled=\u00bboff\u00bb button_two_border_color__hover_enabled=\u00bboff\u00bb button_one_border_radius__hover_enabled=\u00bboff\u00bb button_two_border_radius__hover_enabled=\u00bboff\u00bb button_one_letter_spacing__hover_enabled=\u00bboff\u00bb button_two_letter_spacing__hover_enabled=\u00bboff\u00bb button_one_bg_color__hover_enabled=\u00bboff\u00bb button_two_bg_color__hover_enabled=\u00bboff\u00bb sticky_enabled=\u00bb0&#8243;][\/et_pb_fullwidth_header][\/et_pb_section][et_pb_section fb_built=\u00bb1&#8243; module_class=\u00bbpagina-seccion-contenido\u00bb _builder_version=\u00bb4.16&#8243; custom_padding=\u00bb-4%|||\u00bb transparent_background=\u00bboff\u00bb global_colors_info=\u00bb{}\u00bb][et_pb_row column_structure=\u00bb1_2,1_2&#8243; module_class=\u00bbpagina-texto\u00bb _builder_version=\u00bb4.16&#8243; background_size=\u00bbinitial\u00bb background_position=\u00bbtop_left\u00bb background_repeat=\u00bbrepeat\u00bb global_colors_info=\u00bb{}\u00bb][et_pb_column type=\u00bb1_2&#8243; _builder_version=\u00bb4.16&#8243; custom_padding=\u00bb|||\u00bb global_colors_info=\u00bb{}\u00bb custom_padding__hover=\u00bb|||\u00bb][et_pb_divider show_divider=\u00bboff\u00bb _builder_version=\u00bb4.16&#8243; global_colors_info=\u00bb{}\u00bb][\/et_pb_divider][et_pb_text _builder_version=\u00bb4.16&#8243; background_size=\u00bbinitial\u00bb background_position=\u00bbtop_left\u00bb background_repeat=\u00bbrepeat\u00bb use_border_color=\u00bboff\u00bb border_color=\u00bb#ffffff\u00bb border_style=\u00bbsolid\u00bb global_colors_info=\u00bb{}\u00bb]<\/p>\n<p style=\"text-align: justify\">Las escuelas salesianas queremos educar a una persona \u00a0que sea capaz de dise\u00f1ar un proyecto de vida que la ayude a llegar\u00a0a ser un agente social transformador.<\/p>\n<p style=\"text-align: justify\">El\/la alumno\/a ser\u00e1 una persona&#8230;<\/p>\n<p style=\"text-align: justify\"><span style=\"color: #ff0000\">RESILIENTE<\/span>, capaz de conocerse, aceptarse y quererse a s\u00ed mismo y a los dem\u00e1s,\u00a0mediante la pr\u00e1ctica de h\u00e1bitos saludables y la gesti\u00f3n de las emociones, para\u00a0desarrollar su autoestima y llegar a ser una persona equilibrada, resiliente y feliz\u00a0preparada para desarrollar al m\u00e1ximo su talento personal y establecer con los dem\u00e1s\u00a0unas relaciones plenas.<\/p>\n<p style=\"text-align: justify\"><span style=\"color: #ff0000\">ABIERTA<\/span>, capaz de preguntarse sobre el sentido de la vida mediante la educaci\u00f3n de la\u00a0interioridad, el descubrimiento de los valores evang\u00e9licos y la integraci\u00f3n de la\u00a0dimensi\u00f3n transcendente para construir, as\u00ed, un proyecto de vida con criterios de bondad\u00a0y plenitud.<\/p>\n<p style=\"text-align: justify\"><span style=\"color: #ff0000\">AUT\u00d3NOMA<\/span>, capaz de organizar su aprendizaje, evaluar el proceso y buscar el soporte\u00a0necesario para superar los obst\u00e1culos mediante el uso consciente de las estrategias de\u00a0aprendizaje id\u00f3neas y la reflexi\u00f3n cr\u00edtica sobre el propio proceso, construy\u00e9ndose as\u00ed\u00a0como una persona perseverante, aut\u00f3noma y motivada para aprender a lo largo de la\u00a0vida.<\/p>\n<p style=\"text-align: justify\"><span style=\"color: #ff0000\">EMPRENDEDORA<\/span>, capaz de transformar las ideas en objetivos y planes de acci\u00f3n\u00a0mediante la comprensi\u00f3n del funcionamiento de nuestra sociedad, la identificaci\u00f3n de\u00a0los propios puntos fuertes y d\u00e9biles, el an\u00e1lisis de las oportunidades del entorno y el\u00a0desarrollo de habilidades de planificaci\u00f3n, organizaci\u00f3n, liderazgo, negociaci\u00f3n y trabajo\u00a0en equipo con la finalidad de ser un agente emprendedor de cambio social.<\/p>\n<p style=\"text-align: justify\"><span style=\"color: #ff0000\">RESPONSABLE<\/span>, capaz de participar de una manera eficaz y constructiva en la vida social y\u00a0profesional mediante la comprensi\u00f3n de las normas de convivencia en sociedad y en los\u00a0entornos laborales as\u00ed como de los conceptos b\u00e1sicos relativos al individuo, el grupo, la\u00a0organizaci\u00f3n del trabajo, la igualdad, las dimensiones multiculturales y socioecon\u00f3micas\u00a0de la sociedad y la identidad cultural para generar una participaci\u00f3n comprometida y\u00a0responsable.<\/p>\n<p style=\"text-align: justify\"><span style=\"color: #ff0000\">COLABORADORA<\/span>, capaz de cooperar y trabajar en equipo aplicando las habilidades\u00a0sociales, las herramientas de gesti\u00f3n de conflictos y de negociaci\u00f3n, as\u00ed como la gesti\u00f3n\u00a0del cambio, el estr\u00e9s y la frustraci\u00f3n en su relaci\u00f3n con los dem\u00e1s, para convertirse en\u00a0una persona tolerante y segura de s\u00ed misma.<\/p>\n<p style=\"text-align: justify\"><span style=\"color: #ff0000\">COMPROMETIDA<\/span>, capaz de actuar con criterios de justicia y solidaridad seg\u00fan los\u00a0principios y valores del evangelio y mediante el conocimiento de la din\u00e1mica hist\u00f3rica\u00a0para convertirse en una persona comprometida con los dem\u00e1s y dispuesta a trabajar de\u00a0manera emp\u00e1tica, asertiva y constructiva para la mejora de la sociedad.<\/p>\n<p style=\"text-align: justify\"><span style=\"color: #ff0000\">CR\u00cdTICA<\/span>, capaz de buscar, obtener, seleccionar y tratar la informaci\u00f3n para transformarla\u00a0en conocimiento mediante la utilizaci\u00f3n de las tecnolog\u00edas de la informaci\u00f3n y la\u00a0comunicaci\u00f3n, el acceso a los servicios basados en internet y la participaci\u00f3n en redes\u00a0colaborativas con una actitud cr\u00edtica y reflexiva tanto en el trato de la informaci\u00f3n\u00a0disponible como en el uso seguro y responsable de las tecnolog\u00edas.<\/p>\n<p style=\"text-align: justify\"><span style=\"color: #ff0000\">COMUNICATIVA<\/span>, capaz de comunicarse de forma verbal y visual en situaciones diversas\u00a0y pluriling\u00fces, haciendo uso de todas las posibilidades pragm\u00e1ticas, discursivas e\u00a0iconogr\u00e1ficas con la finalidad de adaptar su comunicaci\u00f3n a los requisitos de la situaci\u00f3n\u00a0de manera efectiva y socialmente positiva, siempre apreciando la diversidad cultural.<\/p>\n<p style=\"text-align: justify\"><span style=\"color: #ff0000\">RESOLUTIVA<\/span>, capaz de resolver, argumentar y razonar situaciones y problemas\u00a0cotidianos bas\u00e1ndose en el dominio del c\u00e1lculo y aplicando modelos matem\u00e1ticos de\u00a0pensamiento l\u00f3gico y espacial y de representaci\u00f3n, siendo fiel a la verdad y buscando\u00a0evaluar su validez.<\/p>\n<p style=\"text-align: justify\"><span style=\"color: #ff0000\">INGENIOSA<\/span>, capaz de observar y hacer experiencias de los elementos naturales y\u00a0humanos y de comprender los cambios causados por la actividad humana mediante el\u00a0rigor de la metodolog\u00eda cient\u00edfica y el uso de herramientas y procesos tecnol\u00f3gicos para\u00a0poder tomar decisiones responsables para con la salud, los recursos y el medio\u00a0ambiente.<\/p>\n<p style=\"text-align: justify\"><span style=\"color: #ff0000\">CREATIVA<\/span>, capaz de comprender, disfrutar y valorar cr\u00edticamente las manifestaciones\u00a0culturales y art\u00edsticas y de producir con toda clase de materiales, soportes y\u00a0herramientas, de manera individual o colectiva, representaciones creativas para\u00a0enriquecer la expresi\u00f3n de ideas y sentimientos.<\/p>\n<blockquote>\n<p style=\"text-align: justify\">Los educadores de las escuelas salesianas nos comprometemos a trabajar desde el estilo\u00a0educativo de Don Bosco, fundamentado en la raz\u00f3n, la religi\u00f3n y el amor, para desarrollar en\u00a0nuestros alumnos esta propuesta competencial.<\/p>\n<p style=\"text-align: justify\">\n<p style=\"text-align: justify\">\n<p style=\"text-align: justify\">As\u00ed, siguiendo lo que dec\u00eda Don Bosco, creemos en que todo joven tiene un punto sensible al\u00a0bien, y es el primer deber del educador descubrir este punto, esta cuerda sensible al coraz\u00f3n\u00a0para sacar frutos (MB V, p\u00e1gina 367).<\/p>\n<\/blockquote>\n<p>[\/et_pb_text][\/et_pb_column][et_pb_column type=\u00bb1_2&#8243; _builder_version=\u00bb4.16&#8243; custom_padding=\u00bb|||\u00bb global_colors_info=\u00bb{}\u00bb custom_padding__hover=\u00bb|||\u00bb][et_pb_image src=\u00bbhttps:\/\/monzon.salesianos.edu\/colegio\/wp-content\/uploads\/sites\/2\/2024\/06\/Dodecaedro_2022.png\u00bb title_text=\u00bbDodecaedro_2022&#8243; align_tablet=\u00bbcenter\u00bb align_phone=\u00bbcenter\u00bb align_last_edited=\u00bbon|desktop\u00bb _builder_version=\u00bb4.25.1&#8243; global_colors_info=\u00bb{}\u00bb][\/et_pb_image][et_pb_video src=\u00bbhttps:\/\/youtu.be\/4T0A5LSjsIk\u00bb _builder_version=\u00bb4.16&#8243; global_colors_info=\u00bb{}\u00bb][\/et_pb_video][et_pb_button button_text=\u00bbModela de persona inspectorial\u00bb _builder_version=\u00bb4.27.2&#8243; _module_preset=\u00bbdefault\u00bb button_url=\u00bbhttps:\/\/creciendojuntos.salesianos.edu\/modelo-de-persona\/\u00bb custom_button=\u00bbon\u00bb button_text_color=\u00bb#FFFFFF\u00bb button_border_color=\u00bb#FFFFFF\u00bb button_border_radius=\u00bb30px\u00bb button_bg_color=\u00bb#E02B20&#8243; button_bg_enable_color=\u00bbon\u00bb hover_enabled=\u00bb0&#8243; sticky_enabled=\u00bb0&#8243; button_alignment=\u00bbcenter\u00bb min_height=\u00bb107px\u00bb transform_translate_linked=\u00bboff\u00bb transform_translate=\u00bb0px|30px\u00bb][\/et_pb_button][\/et_pb_column][\/et_pb_row][\/et_pb_section]<\/p>\n","protected":false},"excerpt":{"rendered":"<p>Las escuelas salesianas queremos educar a una persona \u00a0que sea capaz de dise\u00f1ar un proyecto de vida que la ayude a llegar\u00a0a ser un agente social transformador. El\/la alumno\/a ser\u00e1 una persona&#8230; RESILIENTE, capaz de conocerse, aceptarse y quererse a s\u00ed mismo y a los dem\u00e1s,\u00a0mediante la pr\u00e1ctica de h\u00e1bitos saludables y la gesti\u00f3n de [&hellip;]<\/p>\n","protected":false},"author":3,"featured_media":0,"parent":0,"menu_order":0,"comment_status":"closed","ping_status":"closed","template":"","meta":{"_et_pb_use_builder":"on","_et_pb_old_content":"","_et_gb_content_width":"","footnotes":""},"class_list":["post-7947","page","type-page","status-publish","hentry"],"yoast_head":"<!-- This site is optimized with the Yoast SEO plugin v27.4 - https:\/\/yoast.com\/product\/yoast-seo-wordpress\/ -->\n<title>Modelo de persona - Colegio Santo Domingo Savio<\/title>\n<meta name=\"robots\" content=\"index, follow, max-snippet:-1, max-image-preview:large, max-video-preview:-1\" \/>\n<link rel=\"canonical\" href=\"https:\/\/monzon.salesianos.edu\/colegio\/modelo-de-persona\/\" \/>\n<meta property=\"og:locale\" content=\"es_ES\" \/>\n<meta property=\"og:type\" content=\"article\" \/>\n<meta property=\"og:title\" content=\"Modelo de persona - Colegio Santo Domingo Savio\" \/>\n<meta property=\"og:description\" content=\"Las escuelas salesianas queremos educar a una persona \u00a0que sea capaz de dise\u00f1ar un proyecto de vida que la ayude a llegar\u00a0a ser un agente social transformador. El\/la alumno\/a ser\u00e1 una persona... RESILIENTE, capaz de conocerse, aceptarse y quererse a s\u00ed mismo y a los dem\u00e1s,\u00a0mediante la pr\u00e1ctica de h\u00e1bitos saludables y la gesti\u00f3n de [&hellip;]\" \/>\n<meta property=\"og:url\" content=\"https:\/\/monzon.salesianos.edu\/colegio\/modelo-de-persona\/\" \/>\n<meta property=\"og:site_name\" content=\"Colegio Santo Domingo Savio\" \/>\n<meta property=\"article:modified_time\" content=\"2024-10-03T12:08:47+00:00\" \/>\n<meta name=\"twitter:card\" content=\"summary_large_image\" \/>\n<meta name=\"twitter:label1\" content=\"Tiempo de lectura\" \/>\n\t<meta name=\"twitter:data1\" content=\"6 minutos\" \/>\n<script type=\"application\/ld+json\" class=\"yoast-schema-graph\">{\"@context\":\"https:\\\/\\\/schema.org\",\"@graph\":[{\"@type\":\"WebPage\",\"@id\":\"https:\\\/\\\/monzon.salesianos.edu\\\/colegio\\\/modelo-de-persona\\\/\",\"url\":\"https:\\\/\\\/monzon.salesianos.edu\\\/colegio\\\/modelo-de-persona\\\/\",\"name\":\"Modelo de persona - Colegio Santo Domingo Savio\",\"isPartOf\":{\"@id\":\"https:\\\/\\\/monzon.salesianos.edu\\\/colegio\\\/#website\"},\"datePublished\":\"2018-01-27T23:13:38+00:00\",\"dateModified\":\"2024-10-03T12:08:47+00:00\",\"breadcrumb\":{\"@id\":\"https:\\\/\\\/monzon.salesianos.edu\\\/colegio\\\/modelo-de-persona\\\/#breadcrumb\"},\"inLanguage\":\"es\",\"potentialAction\":[{\"@type\":\"ReadAction\",\"target\":[\"https:\\\/\\\/monzon.salesianos.edu\\\/colegio\\\/modelo-de-persona\\\/\"]}]},{\"@type\":\"BreadcrumbList\",\"@id\":\"https:\\\/\\\/monzon.salesianos.edu\\\/colegio\\\/modelo-de-persona\\\/#breadcrumb\",\"itemListElement\":[{\"@type\":\"ListItem\",\"position\":1,\"name\":\"Portada\",\"item\":\"https:\\\/\\\/monzon.salesianos.edu\\\/colegio\\\/\"},{\"@type\":\"ListItem\",\"position\":2,\"name\":\"Modelo de persona\"}]},{\"@type\":\"WebSite\",\"@id\":\"https:\\\/\\\/monzon.salesianos.edu\\\/colegio\\\/#website\",\"url\":\"https:\\\/\\\/monzon.salesianos.edu\\\/colegio\\\/\",\"name\":\"Colegio Santo Domingo Savio\",\"description\":\"P\u00e1gina oficial Salesianos Monz\u00f3n\",\"potentialAction\":[{\"@type\":\"SearchAction\",\"target\":{\"@type\":\"EntryPoint\",\"urlTemplate\":\"https:\\\/\\\/monzon.salesianos.edu\\\/colegio\\\/?s={search_term_string}\"},\"query-input\":{\"@type\":\"PropertyValueSpecification\",\"valueRequired\":true,\"valueName\":\"search_term_string\"}}],\"inLanguage\":\"es\"}]}<\/script>\n<!-- \/ Yoast SEO plugin. -->","yoast_head_json":{"title":"Modelo de persona - Colegio Santo Domingo Savio","robots":{"index":"index","follow":"follow","max-snippet":"max-snippet:-1","max-image-preview":"max-image-preview:large","max-video-preview":"max-video-preview:-1"},"canonical":"https:\/\/monzon.salesianos.edu\/colegio\/modelo-de-persona\/","og_locale":"es_ES","og_type":"article","og_title":"Modelo de persona - Colegio Santo Domingo Savio","og_description":"Las escuelas salesianas queremos educar a una persona \u00a0que sea capaz de dise\u00f1ar un proyecto de vida que la ayude a llegar\u00a0a ser un agente social transformador. El\/la alumno\/a ser\u00e1 una persona... RESILIENTE, capaz de conocerse, aceptarse y quererse a s\u00ed mismo y a los dem\u00e1s,\u00a0mediante la pr\u00e1ctica de h\u00e1bitos saludables y la gesti\u00f3n de [&hellip;]","og_url":"https:\/\/monzon.salesianos.edu\/colegio\/modelo-de-persona\/","og_site_name":"Colegio Santo Domingo Savio","article_modified_time":"2024-10-03T12:08:47+00:00","twitter_card":"summary_large_image","twitter_misc":{"Tiempo de lectura":"6 minutos"},"schema":{"@context":"https:\/\/schema.org","@graph":[{"@type":"WebPage","@id":"https:\/\/monzon.salesianos.edu\/colegio\/modelo-de-persona\/","url":"https:\/\/monzon.salesianos.edu\/colegio\/modelo-de-persona\/","name":"Modelo de persona - Colegio Santo Domingo Savio","isPartOf":{"@id":"https:\/\/monzon.salesianos.edu\/colegio\/#website"},"datePublished":"2018-01-27T23:13:38+00:00","dateModified":"2024-10-03T12:08:47+00:00","breadcrumb":{"@id":"https:\/\/monzon.salesianos.edu\/colegio\/modelo-de-persona\/#breadcrumb"},"inLanguage":"es","potentialAction":[{"@type":"ReadAction","target":["https:\/\/monzon.salesianos.edu\/colegio\/modelo-de-persona\/"]}]},{"@type":"BreadcrumbList","@id":"https:\/\/monzon.salesianos.edu\/colegio\/modelo-de-persona\/#breadcrumb","itemListElement":[{"@type":"ListItem","position":1,"name":"Portada","item":"https:\/\/monzon.salesianos.edu\/colegio\/"},{"@type":"ListItem","position":2,"name":"Modelo de persona"}]},{"@type":"WebSite","@id":"https:\/\/monzon.salesianos.edu\/colegio\/#website","url":"https:\/\/monzon.salesianos.edu\/colegio\/","name":"Colegio Santo Domingo Savio","description":"P\u00e1gina oficial Salesianos Monz\u00f3n","potentialAction":[{"@type":"SearchAction","target":{"@type":"EntryPoint","urlTemplate":"https:\/\/monzon.salesianos.edu\/colegio\/?s={search_term_string}"},"query-input":{"@type":"PropertyValueSpecification","valueRequired":true,"valueName":"search_term_string"}}],"inLanguage":"es"}]}},"_links":{"self":[{"href":"https:\/\/monzon.salesianos.edu\/colegio\/wp-json\/wp\/v2\/pages\/7947","targetHints":{"allow":["GET"]}}],"collection":[{"href":"https:\/\/monzon.salesianos.edu\/colegio\/wp-json\/wp\/v2\/pages"}],"about":[{"href":"https:\/\/monzon.salesianos.edu\/colegio\/wp-json\/wp\/v2\/types\/page"}],"author":[{"embeddable":true,"href":"https:\/\/monzon.salesianos.edu\/colegio\/wp-json\/wp\/v2\/users\/3"}],"replies":[{"embeddable":true,"href":"https:\/\/monzon.salesianos.edu\/colegio\/wp-json\/wp\/v2\/comments?post=7947"}],"version-history":[{"count":7,"href":"https:\/\/monzon.salesianos.edu\/colegio\/wp-json\/wp\/v2\/pages\/7947\/revisions"}],"predecessor-version":[{"id":12397,"href":"https:\/\/monzon.salesianos.edu\/colegio\/wp-json\/wp\/v2\/pages\/7947\/revisions\/12397"}],"wp:attachment":[{"href":"https:\/\/monzon.salesianos.edu\/colegio\/wp-json\/wp\/v2\/media?parent=7947"}],"curies":[{"name":"wp","href":"https:\/\/api.w.org\/{rel}","templated":true}]}}