{"id":7933,"date":"2018-01-25T23:18:48","date_gmt":"2018-01-25T22:18:48","guid":{"rendered":"https:\/\/monzon.salesianos.edu\/colegio\/?page_id=7933"},"modified":"2020-05-08T11:24:10","modified_gmt":"2020-05-08T10:24:10","slug":"biblioteca","status":"publish","type":"page","link":"https:\/\/monzon.salesianos.edu\/colegio\/biblioteca\/","title":{"rendered":"Biblioteca"},"content":{"rendered":"<p>[et_pb_section fb_built=\u00bb1&#8243; fullwidth=\u00bbon\u00bb _builder_version=\u00bb3.22&#8243;][et_pb_fullwidth_header title=\u00bbBiblioteca\u00bb module_class=\u00bbpagina-imagen-cabecera\u00bb _builder_version=\u00bb3.16&#8243; title_font=\u00bb||||||||\u00bb title_text_color=\u00bb#ffffff\u00bb title_font_size=\u00bb40px\u00bb background_color=\u00bbrgba(255, 255, 255, 0)\u00bb background_image=\u00bbhttps:\/\/monzon.salesianos.edu\/colegio\/wp-content\/uploads\/sites\/2\/2018\/02\/DSCF0744-web.jpg\u00bb max_width_tablet=\u00bb50px\u00bb text_shadow_style=\u00bbpreset3&#8243; text_shadow_color=\u00bbrgba(224,11,0,0.62)\u00bb button_one_text_size__hover_enabled=\u00bboff\u00bb button_two_text_size__hover_enabled=\u00bboff\u00bb button_one_text_color__hover_enabled=\u00bboff\u00bb button_two_text_color__hover_enabled=\u00bboff\u00bb button_one_border_width__hover_enabled=\u00bboff\u00bb button_two_border_width__hover_enabled=\u00bboff\u00bb button_one_border_color__hover_enabled=\u00bboff\u00bb button_two_border_color__hover_enabled=\u00bboff\u00bb button_one_border_radius__hover_enabled=\u00bboff\u00bb button_two_border_radius__hover_enabled=\u00bboff\u00bb button_one_letter_spacing__hover_enabled=\u00bboff\u00bb button_two_letter_spacing__hover_enabled=\u00bboff\u00bb button_one_bg_color__hover_enabled=\u00bboff\u00bb button_two_bg_color__hover_enabled=\u00bboff\u00bb][\/et_pb_fullwidth_header][\/et_pb_section][et_pb_section fb_built=\u00bb1&#8243; module_class=\u00bbpagina-seccion-contenido\u00bb _builder_version=\u00bb3.22&#8243; custom_padding=\u00bb-4%|||\u00bb transparent_background=\u00bboff\u00bb][et_pb_row module_class=\u00bbpagina-texto\u00bb _builder_version=\u00bb3.25&#8243; background_size=\u00bbinitial\u00bb background_position=\u00bbtop_left\u00bb background_repeat=\u00bbrepeat\u00bb column_structure=\u00bb2_3,1_3&#8243;][et_pb_column type=\u00bb2_3&#8243; _builder_version=\u00bb3.25&#8243; custom_padding=\u00bb|||\u00bb custom_padding__hover=\u00bb|||\u00bb][et_pb_text _builder_version=\u00bb4.0.9&#8243; background_size=\u00bbinitial\u00bb background_position=\u00bbtop_left\u00bb background_repeat=\u00bbrepeat\u00bb hover_enabled=\u00bb0&#8243; use_border_color=\u00bboff\u00bb border_color=\u00bb#ffffff\u00bb border_style=\u00bbsolid\u00bb]<\/p>\n<h2 style=\"text-align: justify;\">Biblioteca<\/h2>\n<p style=\"text-align: justify;\">La biblioteca del centro, totalmente remodelada, ocupa una de las torres del edificio principal. Cuenta con un amplio cat\u00e1logo de libros de consulta y literatura, con especial \u00e9nfasis en la tem\u00e1tica local, Monz\u00f3n y Arag\u00f3n. Est\u00e1 dotada de varios equipos inform\u00e1ticos con conexi\u00f3n a internet para la elaboraci\u00f3n de trabajos escolares y un sistema de videoproyecci\u00f3n y videoconferencia. Dispone de mesas para el trabajo en grupo y varios puestos para el trabajo individual. Se trata de un espacio id\u00f3neo para el estudio y el trabajo escolar.<\/p>\n<p style=\"text-align: justify;\">Este espacio y el proyecto de animaci\u00f3n recibi\u00f3 el tercer premio del concurso nacional de buenas pr\u00e1cticas para la dinamizaci\u00f3n e innovaci\u00f3n de las biblotecas de los centros escolares para el a\u00f1o 2010, convocado por el Ministerio de Educaci\u00f3n y \u00a0dotado con 7000 euros.<\/p>\n<p style=\"text-align: justify;\">\n[\/et_pb_text][\/et_pb_column][et_pb_column type=\u00bb1_3&#8243; _builder_version=\u00bb3.25&#8243; custom_padding=\u00bb|||\u00bb custom_padding__hover=\u00bb|||\u00bb][et_pb_text _builder_version=\u00bb3.27.4&#8243;]<\/p>\n<h1>Horario<\/h1>\n<p>De lunes a jueves<\/p>\n<p>De 16:30h a 18:30 horas<br \/>\n[\/et_pb_text][\/et_pb_column][\/et_pb_row][et_pb_row _builder_version=\u00bb3.25&#8243; column_structure=\u00bb1_3,1_3,1_3&#8243;][et_pb_column type=\u00bb1_3&#8243; _builder_version=\u00bb3.25&#8243; custom_padding=\u00bb|||\u00bb custom_padding__hover=\u00bb|||\u00bb][et_pb_image src=\u00bbhttps:\/\/monzon.salesianos.edu\/colegio\/wp-content\/uploads\/sites\/2\/2018\/02\/DSCF0744-web2.jpg\u00bb force_fullwidth=\u00bbon\u00bb align_tablet=\u00bbcenter\u00bb align_last_edited=\u00bbon|desktop\u00bb _builder_version=\u00bb3.23&#8243;][\/et_pb_image][\/et_pb_column][et_pb_column type=\u00bb1_3&#8243; _builder_version=\u00bb3.25&#8243; custom_padding=\u00bb|||\u00bb custom_padding__hover=\u00bb|||\u00bb][et_pb_image src=\u00bbhttps:\/\/monzon.salesianos.edu\/colegio\/wp-content\/uploads\/sites\/2\/2018\/02\/DSC03987.jpg\u00bb force_fullwidth=\u00bbon\u00bb align_tablet=\u00bbcenter\u00bb align_last_edited=\u00bbon|desktop\u00bb _builder_version=\u00bb3.23&#8243;][\/et_pb_image][\/et_pb_column][et_pb_column type=\u00bb1_3&#8243; _builder_version=\u00bb3.25&#8243; custom_padding=\u00bb|||\u00bb custom_padding__hover=\u00bb|||\u00bb][et_pb_image src=\u00bbhttps:\/\/lh3.googleusercontent.com\/VVx4WdpsRa6-3xamMtkguylAVz92FDzMA8qH04cH8EpoG21Elkd3cE9-sAcgH8EETVwj4UK1rLmXB-fksL4Nj3DHA3J1g48YdHFNAvUsXb17t5VsxupwaOk1zx4H9Og88bZMBVwEgCSXvt_yTtEupAel6_RPzzWmJemCHSP5NBFINt2SzTHNVe_TrTCmmk544LYfjrYrzoj2bESB4-tNeHHs2hMF5T817_7SVAmgrt-KsCg4fwt1bimjhVRBr3zc3TA6bsEESq_-aTdoiJialxfWcNzCjV326keFbLmVq4T1-j_9Fy_vx8XQQbgLQu8vdct8sd89Fnlp5f1k0H_L40VZ4YA3aa7CTlhvhI-4XzLdDWCMaFX0LobdNMWliofZfeO1wlIE-XTcsa7x3uVkUJJ4Iij_ufb1kDylirQZi6MP1ZK6LmrawtQndikV8obVMQ2GvsA2LhgIfHUQD8wdEwQ73YcJQqJ9BXx8gjj6q543HP6mB5VPE3wWXoH54kvknvDnaNvT4M-0nU9mmFcDGdfKsHndWg68y5-VHZHb3HklxYtUyJJ7D-UAEMKg_VUAvykP5MEV-uaj-CfjiAWd2juuZfXQ0FXtIx5zGeM=w801-h600-no\u00bb force_fullwidth=\u00bbon\u00bb align_tablet=\u00bbcenter\u00bb align_last_edited=\u00bbon|desktop\u00bb _builder_version=\u00bb3.23&#8243;][\/et_pb_image][\/et_pb_column][\/et_pb_row][\/et_pb_section]<\/p>\n","protected":false},"excerpt":{"rendered":"<p>Biblioteca La biblioteca del centro, totalmente remodelada, ocupa una de las torres del edificio principal. Cuenta con un amplio cat\u00e1logo de libros de consulta y literatura, con especial \u00e9nfasis en la tem\u00e1tica local, Monz\u00f3n y Arag\u00f3n. Est\u00e1 dotada de varios equipos inform\u00e1ticos con conexi\u00f3n a internet para la elaboraci\u00f3n de trabajos escolares y un sistema [&hellip;]<\/p>\n","protected":false},"author":3,"featured_media":0,"parent":0,"menu_order":0,"comment_status":"closed","ping_status":"closed","template":"","meta":{"_et_pb_use_builder":"on","_et_pb_old_content":"","_et_gb_content_width":"","footnotes":""},"class_list":["post-7933","page","type-page","status-publish","hentry"],"yoast_head":"<!-- This site is optimized with the Yoast SEO plugin v27.4 - https:\/\/yoast.com\/product\/yoast-seo-wordpress\/ -->\n<title>Biblioteca - Colegio Santo Domingo Savio<\/title>\n<meta name=\"robots\" content=\"index, follow, max-snippet:-1, max-image-preview:large, max-video-preview:-1\" \/>\n<link rel=\"canonical\" href=\"https:\/\/monzon.salesianos.edu\/colegio\/biblioteca\/\" \/>\n<meta property=\"og:locale\" content=\"es_ES\" \/>\n<meta property=\"og:type\" content=\"article\" \/>\n<meta property=\"og:title\" content=\"Biblioteca - Colegio Santo Domingo Savio\" \/>\n<meta property=\"og:description\" content=\"Biblioteca La biblioteca del centro, totalmente remodelada, ocupa una de las torres del edificio principal. Cuenta con un amplio cat\u00e1logo de libros de consulta y literatura, con especial \u00e9nfasis en la tem\u00e1tica local, Monz\u00f3n y Arag\u00f3n. Est\u00e1 dotada de varios equipos inform\u00e1ticos con conexi\u00f3n a internet para la elaboraci\u00f3n de trabajos escolares y un sistema [&hellip;]\" \/>\n<meta property=\"og:url\" content=\"https:\/\/monzon.salesianos.edu\/colegio\/biblioteca\/\" \/>\n<meta property=\"og:site_name\" content=\"Colegio Santo Domingo Savio\" \/>\n<meta property=\"article:modified_time\" content=\"2020-05-08T10:24:10+00:00\" \/>\n<meta name=\"twitter:card\" content=\"summary_large_image\" \/>\n<meta name=\"twitter:label1\" content=\"Tiempo de lectura\" \/>\n\t<meta name=\"twitter:data1\" content=\"3 minutos\" \/>\n<script type=\"application\/ld+json\" class=\"yoast-schema-graph\">{\"@context\":\"https:\\\/\\\/schema.org\",\"@graph\":[{\"@type\":\"WebPage\",\"@id\":\"https:\\\/\\\/monzon.salesianos.edu\\\/colegio\\\/biblioteca\\\/\",\"url\":\"https:\\\/\\\/monzon.salesianos.edu\\\/colegio\\\/biblioteca\\\/\",\"name\":\"Biblioteca - Colegio Santo Domingo Savio\",\"isPartOf\":{\"@id\":\"https:\\\/\\\/monzon.salesianos.edu\\\/colegio\\\/#website\"},\"datePublished\":\"2018-01-25T22:18:48+00:00\",\"dateModified\":\"2020-05-08T10:24:10+00:00\",\"breadcrumb\":{\"@id\":\"https:\\\/\\\/monzon.salesianos.edu\\\/colegio\\\/biblioteca\\\/#breadcrumb\"},\"inLanguage\":\"es\",\"potentialAction\":[{\"@type\":\"ReadAction\",\"target\":[\"https:\\\/\\\/monzon.salesianos.edu\\\/colegio\\\/biblioteca\\\/\"]}]},{\"@type\":\"BreadcrumbList\",\"@id\":\"https:\\\/\\\/monzon.salesianos.edu\\\/colegio\\\/biblioteca\\\/#breadcrumb\",\"itemListElement\":[{\"@type\":\"ListItem\",\"position\":1,\"name\":\"Portada\",\"item\":\"https:\\\/\\\/monzon.salesianos.edu\\\/colegio\\\/\"},{\"@type\":\"ListItem\",\"position\":2,\"name\":\"Biblioteca\"}]},{\"@type\":\"WebSite\",\"@id\":\"https:\\\/\\\/monzon.salesianos.edu\\\/colegio\\\/#website\",\"url\":\"https:\\\/\\\/monzon.salesianos.edu\\\/colegio\\\/\",\"name\":\"Colegio Santo Domingo Savio\",\"description\":\"P\u00e1gina oficial Salesianos Monz\u00f3n\",\"potentialAction\":[{\"@type\":\"SearchAction\",\"target\":{\"@type\":\"EntryPoint\",\"urlTemplate\":\"https:\\\/\\\/monzon.salesianos.edu\\\/colegio\\\/?s={search_term_string}\"},\"query-input\":{\"@type\":\"PropertyValueSpecification\",\"valueRequired\":true,\"valueName\":\"search_term_string\"}}],\"inLanguage\":\"es\"}]}<\/script>\n<!-- \/ Yoast SEO plugin. -->","yoast_head_json":{"title":"Biblioteca - Colegio Santo Domingo Savio","robots":{"index":"index","follow":"follow","max-snippet":"max-snippet:-1","max-image-preview":"max-image-preview:large","max-video-preview":"max-video-preview:-1"},"canonical":"https:\/\/monzon.salesianos.edu\/colegio\/biblioteca\/","og_locale":"es_ES","og_type":"article","og_title":"Biblioteca - Colegio Santo Domingo Savio","og_description":"Biblioteca La biblioteca del centro, totalmente remodelada, ocupa una de las torres del edificio principal. Cuenta con un amplio cat\u00e1logo de libros de consulta y literatura, con especial \u00e9nfasis en la tem\u00e1tica local, Monz\u00f3n y Arag\u00f3n. Est\u00e1 dotada de varios equipos inform\u00e1ticos con conexi\u00f3n a internet para la elaboraci\u00f3n de trabajos escolares y un sistema [&hellip;]","og_url":"https:\/\/monzon.salesianos.edu\/colegio\/biblioteca\/","og_site_name":"Colegio Santo Domingo Savio","article_modified_time":"2020-05-08T10:24:10+00:00","twitter_card":"summary_large_image","twitter_misc":{"Tiempo de lectura":"3 minutos"},"schema":{"@context":"https:\/\/schema.org","@graph":[{"@type":"WebPage","@id":"https:\/\/monzon.salesianos.edu\/colegio\/biblioteca\/","url":"https:\/\/monzon.salesianos.edu\/colegio\/biblioteca\/","name":"Biblioteca - Colegio Santo Domingo Savio","isPartOf":{"@id":"https:\/\/monzon.salesianos.edu\/colegio\/#website"},"datePublished":"2018-01-25T22:18:48+00:00","dateModified":"2020-05-08T10:24:10+00:00","breadcrumb":{"@id":"https:\/\/monzon.salesianos.edu\/colegio\/biblioteca\/#breadcrumb"},"inLanguage":"es","potentialAction":[{"@type":"ReadAction","target":["https:\/\/monzon.salesianos.edu\/colegio\/biblioteca\/"]}]},{"@type":"BreadcrumbList","@id":"https:\/\/monzon.salesianos.edu\/colegio\/biblioteca\/#breadcrumb","itemListElement":[{"@type":"ListItem","position":1,"name":"Portada","item":"https:\/\/monzon.salesianos.edu\/colegio\/"},{"@type":"ListItem","position":2,"name":"Biblioteca"}]},{"@type":"WebSite","@id":"https:\/\/monzon.salesianos.edu\/colegio\/#website","url":"https:\/\/monzon.salesianos.edu\/colegio\/","name":"Colegio Santo Domingo Savio","description":"P\u00e1gina oficial Salesianos Monz\u00f3n","potentialAction":[{"@type":"SearchAction","target":{"@type":"EntryPoint","urlTemplate":"https:\/\/monzon.salesianos.edu\/colegio\/?s={search_term_string}"},"query-input":{"@type":"PropertyValueSpecification","valueRequired":true,"valueName":"search_term_string"}}],"inLanguage":"es"}]}},"_links":{"self":[{"href":"https:\/\/monzon.salesianos.edu\/colegio\/wp-json\/wp\/v2\/pages\/7933","targetHints":{"allow":["GET"]}}],"collection":[{"href":"https:\/\/monzon.salesianos.edu\/colegio\/wp-json\/wp\/v2\/pages"}],"about":[{"href":"https:\/\/monzon.salesianos.edu\/colegio\/wp-json\/wp\/v2\/types\/page"}],"author":[{"embeddable":true,"href":"https:\/\/monzon.salesianos.edu\/colegio\/wp-json\/wp\/v2\/users\/3"}],"replies":[{"embeddable":true,"href":"https:\/\/monzon.salesianos.edu\/colegio\/wp-json\/wp\/v2\/comments?post=7933"}],"version-history":[{"count":11,"href":"https:\/\/monzon.salesianos.edu\/colegio\/wp-json\/wp\/v2\/pages\/7933\/revisions"}],"predecessor-version":[{"id":10141,"href":"https:\/\/monzon.salesianos.edu\/colegio\/wp-json\/wp\/v2\/pages\/7933\/revisions\/10141"}],"wp:attachment":[{"href":"https:\/\/monzon.salesianos.edu\/colegio\/wp-json\/wp\/v2\/media?parent=7933"}],"curies":[{"name":"wp","href":"https:\/\/api.w.org\/{rel}","templated":true}]}}