{"id":2432,"date":"2017-05-22T18:00:55","date_gmt":"2017-05-22T17:00:55","guid":{"rendered":"https:\/\/monzon.salesianos.edu\/colegio\/?page_id=2432"},"modified":"2024-06-27T09:11:23","modified_gmt":"2024-06-27T08:11:23","slug":"contactar","status":"publish","type":"page","link":"https:\/\/monzon.salesianos.edu\/colegio\/contactar\/","title":{"rendered":"Contactar"},"content":{"rendered":"<p>[et_pb_section fb_built=\u00bb1&#8243; fullwidth=\u00bbon\u00bb _builder_version=\u00bb4.16&#8243; transparent_background=\u00bboff\u00bb global_colors_info=\u00bb{}\u00bb][et_pb_fullwidth_header title=\u00bbContactar\u00bb content_max_width=\u00bbnone\u00bb title_font_color=\u00bb#ffffff\u00bb module_class=\u00bbpagina-imagen-cabecera\u00bb _builder_version=\u00bb4.25.1&#8243; title_text_color=\u00bb#ffffff\u00bb title_font_size=\u00bb40px\u00bb background_color=\u00bbrgba(255, 255, 255, 0)\u00bb background_image=\u00bbhttps:\/\/monzon.salesianos.edu\/colegio\/wp-content\/uploads\/sites\/2\/2024\/06\/BANNER-4.jpg\u00bb background_layout=\u00bblight\u00bb hover_enabled=\u00bb0&#8243; background_url=\u00bbhttp:\/\/malaga.salesianos.edu\/wp-content\/uploads\/2017\/02\/Foto-de-portad_sin_letras.png\u00bb global_colors_info=\u00bb{}\u00bb button_one_text_size__hover_enabled=\u00bboff\u00bb button_two_text_size__hover_enabled=\u00bboff\u00bb button_one_text_color__hover_enabled=\u00bboff\u00bb button_two_text_color__hover_enabled=\u00bboff\u00bb button_one_border_width__hover_enabled=\u00bboff\u00bb button_two_border_width__hover_enabled=\u00bboff\u00bb button_one_border_color__hover_enabled=\u00bboff\u00bb button_two_border_color__hover_enabled=\u00bboff\u00bb button_one_border_radius__hover_enabled=\u00bboff\u00bb button_two_border_radius__hover_enabled=\u00bboff\u00bb button_one_letter_spacing__hover_enabled=\u00bboff\u00bb button_two_letter_spacing__hover_enabled=\u00bboff\u00bb button_one_bg_color__hover_enabled=\u00bboff\u00bb button_two_bg_color__hover_enabled=\u00bboff\u00bb title_text=\u00bbBANNER 4&#8243; sticky_enabled=\u00bb0&#8243;][\/et_pb_fullwidth_header][\/et_pb_section][et_pb_section fb_built=\u00bb1&#8243; custom_padding_last_edited=\u00bbon|desktop\u00bb admin_label=\u00bbsection\u00bb _builder_version=\u00bb4.16&#8243; custom_padding_tablet=\u00bb50px|0|50px|0&#8243; custom_padding_phone=\u00bb\u00bb transparent_background=\u00bboff\u00bb padding_mobile=\u00bboff\u00bb global_colors_info=\u00bb{}\u00bb][et_pb_row column_structure=\u00bb1_2,1_2&#8243; padding_mobile=\u00bboff\u00bb column_padding_mobile=\u00bbon\u00bb admin_label=\u00bbrow\u00bb _builder_version=\u00bb4.20.0&#8243; background_size=\u00bbinitial\u00bb background_position=\u00bbtop_left\u00bb background_repeat=\u00bbrepeat\u00bb custom_margin=\u00bb|275px||100px|false|false\u00bb global_colors_info=\u00bb{}\u00bb][et_pb_column type=\u00bb1_2&#8243; _builder_version=\u00bb4.16&#8243; custom_padding=\u00bb|||\u00bb global_colors_info=\u00bb{}\u00bb custom_padding__hover=\u00bb|||\u00bb][et_pb_text admin_label=\u00bbText\u00bb _builder_version=\u00bb4.16&#8243; text_letter_spacing=\u00bb0&#8243; text_line_height=\u00bb1.7&#8243; header_font_size=\u00bb30&#8243; header_letter_spacing=\u00bb0&#8243; header_line_height=\u00bb1&#8243; background_size=\u00bbinitial\u00bb background_position=\u00bbtop_left\u00bb background_repeat=\u00bbrepeat\u00bb use_border_color=\u00bboff\u00bb border_color=\u00bb#ffffff\u00bb border_width=\u00bb1&#8243; border_style=\u00bbsolid\u00bb global_colors_info=\u00bb{}\u00bb]<\/p>\n<h1>Contacto<\/h1>\n<p>Para <strong>CONTACTAR<\/strong> con el\u00a0<strong>Colegio Salesiano de Monz\u00f3n<\/strong><\/p>\n<p><strong>Direcci\u00f3n:<\/strong>\u00a0Paseo San Juan Bosco 83-85,\u00a0<span style=\"font-size: 14px;letter-spacing: 0px\">22400 Monz\u00f3n (Huesca)<\/span><\/p>\n<p><strong>Tel\u00e9fono:<\/strong> 974 416 888<\/p>\n<p><strong>Correo electr\u00f3nico:<\/strong>\u00a0<a href=\"mailto:colegio.monzon@salesianos.org\" target=\"_blank\" rel=\"noopener noreferrer\">colegio.monzon@salesianos.org<\/a><\/p>\n<p>[\/et_pb_text][et_pb_text _builder_version=\u00bb4.16&#8243; background_size=\u00bbinitial\u00bb background_position=\u00bbtop_left\u00bb background_repeat=\u00bbrepeat\u00bb use_border_color=\u00bboff\u00bb border_color=\u00bb#ffffff\u00bb border_style=\u00bbsolid\u00bb global_colors_info=\u00bb{}\u00bb][\/et_pb_text][\/et_pb_column][et_pb_column type=\u00bb1_2&#8243; _builder_version=\u00bb4.16&#8243; custom_padding=\u00bb|||\u00bb global_colors_info=\u00bb{}\u00bb custom_padding__hover=\u00bb|||\u00bb][et_pb_text admin_label=\u00bbText\u00bb _builder_version=\u00bb4.16&#8243; text_letter_spacing=\u00bb0&#8243; text_line_height=\u00bb1.7&#8243; header_font_size=\u00bb30&#8243; header_letter_spacing=\u00bb0&#8243; header_line_height=\u00bb1&#8243; background_size=\u00bbinitial\u00bb background_position=\u00bbtop_left\u00bb background_repeat=\u00bbrepeat\u00bb use_border_color=\u00bboff\u00bb border_color=\u00bb#ffffff\u00bb border_width=\u00bb1&#8243; border_style=\u00bbsolid\u00bb global_colors_info=\u00bb{}\u00bb]<\/p>\n<h1>Secretar\u00eda<\/h1>\n<p><span><strong>HORARIO DE ATENCI\u00d3N\u00a0 AL P\u00daBLICO:<\/strong><\/span><\/p>\n<ul>\n<li><span style=\"font-size: 14px;letter-spacing: 0px\">De lunes a jueves de 8:30 a 15:00 h<\/span><\/li>\n<li><span style=\"font-size: 14px;letter-spacing: 0px\">Viernes de 8:30 a 13:30 h<\/span><\/li>\n<\/ul>\n<p><strong>Correo electr\u00f3nico:<\/strong>\u00a0<a href=\"mailto:secretaria.monzon@salesianos.org\" target=\"_blank\" rel=\"noopener noreferrer\">secretaria.monzon@salesianos.org<\/a><\/p>\n<p>[\/et_pb_text][\/et_pb_column][\/et_pb_row][\/et_pb_section][et_pb_section fb_built=\u00bb1&#8243; fullwidth=\u00bbon\u00bb custom_padding_last_edited=\u00bbon|desktop\u00bb admin_label=\u00bbsection\u00bb _builder_version=\u00bb4.16&#8243; custom_padding_tablet=\u00bb50px|0|50px|0&#8243; custom_padding_phone=\u00bb\u00bb transparent_background=\u00bboff\u00bb padding_mobile=\u00bboff\u00bb global_colors_info=\u00bb{}\u00bb][et_pb_fullwidth_map address=\u00bbHuesca, Espa\u00f1a\u00bb zoom_level=\u00bb17&#8243; address_lat=\u00bb41.917383994018245&#8243; address_lng=\u00bb0.18306607073260484&#8243; admin_label=\u00bbFullwidth Map\u00bb _builder_version=\u00bb4.16&#8243; global_colors_info=\u00bb{}\u00bb][et_pb_map_pin title=\u00bbSalesianos Monz\u00f3n\u00bb pin_address=\u00bbHuesca, Espa\u00f1a\u00bb pin_address_lat=\u00bb41.917444618090435&#8243; pin_address_lng=\u00bb0.18339598222655695&#8243; _builder_version=\u00bb3.0.47&#8243; global_colors_info=\u00bb{}\u00bb][\/et_pb_map_pin][\/et_pb_fullwidth_map][\/et_pb_section]<\/p>\n","protected":false},"excerpt":{"rendered":"<p>Contacto Para CONTACTAR con el\u00a0Colegio Salesiano de Monz\u00f3n Direcci\u00f3n:\u00a0Paseo San Juan Bosco 83-85,\u00a022400 Monz\u00f3n (Huesca) Tel\u00e9fono: 974 416 888 Correo electr\u00f3nico:\u00a0colegio.monzon@salesianos.orgSecretar\u00eda HORARIO DE ATENCI\u00d3N\u00a0 AL P\u00daBLICO: De lunes a jueves de 8:30 a 15:00 h Viernes de 8:30 a 13:30 h Correo electr\u00f3nico:\u00a0secretaria.monzon@salesianos.org<\/p>\n","protected":false},"author":3,"featured_media":0,"parent":0,"menu_order":0,"comment_status":"closed","ping_status":"closed","template":"","meta":{"_et_pb_use_builder":"on","_et_pb_old_content":"<p>[et_pb_section bb_built=\"1\" admin_label=\"Secci\u00f3n\" fullwidth=\"on\" specialty=\"off\" transparent_background=\"off\" allow_player_pause=\"off\" inner_shadow=\"off\" parallax=\"off\" parallax_method=\"on\" make_fullwidth=\"off\" use_custom_width=\"off\" width_unit=\"on\" make_equal=\"off\" use_custom_gutter=\"off\"][et_pb_fullwidth_header admin_label=\"T\u00edtulo de anchura completa\" title=\"Contactar\" background_layout=\"light\" text_orientation=\"left\" header_fullscreen=\"off\" header_scroll_down=\"off\" background_url=\"http:\/\/malaga.salesianos.edu\/wp-content\/uploads\/2017\/02\/Foto-de-portad_sin_letras.png\" parallax=\"off\" parallax_method=\"off\" content_orientation=\"center\" image_orientation=\"center\" title_font_color=\"#ffffff\" custom_button_one=\"off\" button_one_letter_spacing=\"0\" button_one_use_icon=\"default\" button_one_icon_placement=\"right\" button_one_on_hover=\"on\" button_one_letter_spacing_hover=\"0\" custom_button_two=\"off\" button_two_letter_spacing=\"0\" button_two_use_icon=\"default\" button_two_icon_placement=\"right\" button_two_on_hover=\"on\" button_two_letter_spacing_hover=\"0\" module_class=\"pagina-imagen-cabecera\" title_font_size=\"40px\" \/][\/et_pb_section][et_pb_section bb_built=\"1\" admin_label=\"section\" transparent_background=\"off\" allow_player_pause=\"off\" inner_shadow=\"off\" parallax=\"off\" parallax_method=\"on\" padding_mobile=\"off\" make_fullwidth=\"off\" use_custom_width=\"off\" width_unit=\"off\" custom_width_px=\"1080px\" custom_width_percent=\"80%\" make_equal=\"off\" use_custom_gutter=\"off\" fullwidth=\"off\" specialty=\"off\" disabled=\"off\"][et_pb_row admin_label=\"row\" make_fullwidth=\"off\" use_custom_width=\"off\" width_unit=\"off\" use_custom_gutter=\"off\" padding_mobile=\"off\" allow_player_pause=\"off\" parallax=\"off\" parallax_method=\"on\" make_equal=\"off\" column_padding_mobile=\"on\" parallax_1=\"off\" parallax_method_1=\"on\" parallax_2=\"off\" parallax_method_2=\"on\" parallax_3=\"off\" parallax_method_3=\"on\" parallax_4=\"off\" parallax_method_4=\"on\" disabled=\"off\"][et_pb_column type=\"2_3\"][et_pb_post_title admin_label=\"T\u00edtulo de publicaci\u00f3n\" title=\"on\" meta=\"off\" author=\"on\" date=\"on\" categories=\"on\" comments=\"on\" featured_image=\"off\" featured_placement=\"below\" parallax_effect=\"off\" parallax_method=\"on\" text_orientation=\"left\" text_color=\"dark\" text_background=\"off\" text_bg_color=\"rgba(255,255,255,0.9)\" use_border_color=\"off\" border_color=\"#ffffff\" border_style=\"solid\" title_font_size=\"26\" title_font_size_last_edited=\"on|phone\" \/][et_pb_text admin_label=\"Texto\" background_layout=\"light\" text_orientation=\"left\" use_border_color=\"off\" border_color=\"#ffffff\" border_style=\"solid\"] [Form id=\"10\"] [\/et_pb_text][\/et_pb_column][et_pb_column type=\"1_3\"][et_pb_text admin_label=\"Text\" background_layout=\"light\" text_orientation=\"left\" use_border_color=\"off\" border_style=\"solid\" disabled=\"off\" border_color=\"#ffffff\" header_font_size=\"30\" header_letter_spacing=\"0\" header_line_height=\"1\" text_letter_spacing=\"0\" text_line_height=\"1.7\" border_width=\"1\"]<\/p><h3>M\u00e1s informaci\u00f3n<\/h3><p>Para <strong>CONTACTAR<\/strong> con la <strong>Casa\u00a0Salesiana\u00a0de M\u00e1laga<\/strong>:<\/p><ul><li>Puede rellenar y enviar este\u00a0formulario.<\/li><li>Puede llamar por tel\u00e9fono.<\/li><li>Si desea enviarnos su <strong>CURRICULUM <\/strong>pulse\u00a0<span style=\"text-decoration: underline;\"><strong><a href=\"http:\/\/www.salesianos-sevilla.com\/bolsatrabajo\/\" target=\"_blank\" rel=\"noopener noreferrer\">aqu\u00ed<\/a><\/strong><\/span> para acceder a nuestra bolsa de trabajo.<\/li><\/ul><p><strong>Direcci\u00f3n:<\/strong> C \/ Eduardo Dom\u00ednguez \u00c1vila, 19, 29014 M\u00e1laga<\/p><p><strong>Tel\u00e9fonos:<\/strong> 952 25 15 41 - 952 65 71 01<\/p><p><strong>e-mail:<\/strong> direcciontitular.malaga@salesianos.edu<\/p><p><strong>Horario de apertura:<\/strong>\u00a07:30-15:00 y 16:00-21:00 L-V<\/p><p><strong>Horario de secretar\u00eda:<\/strong>\u00a0De septiembre a julio 11:00-13:00 \u00a0L-V<\/p><p>[\/et_pb_text][\/et_pb_column][\/et_pb_row][\/et_pb_section][et_pb_section bb_built=\"1\" admin_label=\"section\" transparent_background=\"off\" allow_player_pause=\"off\" inner_shadow=\"off\" parallax=\"off\" parallax_method=\"on\" padding_mobile=\"off\" make_fullwidth=\"off\" use_custom_width=\"off\" width_unit=\"off\" custom_width_px=\"1080px\" custom_width_percent=\"80%\" make_equal=\"off\" use_custom_gutter=\"off\" fullwidth=\"on\" specialty=\"off\" disabled=\"off\"][et_pb_fullwidth_map admin_label=\"Fullwidth Map\" address=\"M\u00e1laga, Espa\u00f1a\" address_lat=\"36.73080329826743\" address_lng=\"-4.422023754700499\" mouse_wheel=\"on\" mobile_dragging=\"on\" disabled=\"off\"] [et_pb_map_pin title=\"Salesianos M\u00e1laga\" pin_address=\"M\u00e1laga, Espa\u00f1a\" pin_address_lat=\"36.73089620416391\" pin_address_lng=\"-4.421945970639058\" disabled=\"off\"] [\/et_pb_map_pin] [\/et_pb_fullwidth_map][\/et_pb_section]<\/p>","_et_gb_content_width":"","footnotes":""},"class_list":["post-2432","page","type-page","status-publish","hentry"],"yoast_head":"<!-- This site is optimized with the Yoast SEO plugin v27.4 - https:\/\/yoast.com\/product\/yoast-seo-wordpress\/ -->\n<title>Contactar - Colegio Santo Domingo Savio<\/title>\n<meta name=\"robots\" content=\"index, follow, max-snippet:-1, max-image-preview:large, max-video-preview:-1\" \/>\n<link rel=\"canonical\" href=\"https:\/\/monzon.salesianos.edu\/colegio\/contactar\/\" \/>\n<meta property=\"og:locale\" content=\"es_ES\" \/>\n<meta property=\"og:type\" content=\"article\" \/>\n<meta property=\"og:title\" content=\"Contactar - Colegio Santo Domingo Savio\" \/>\n<meta property=\"og:description\" content=\"Contacto Para CONTACTAR con el\u00a0Colegio Salesiano de Monz\u00f3n Direcci\u00f3n:\u00a0Paseo San Juan Bosco 83-85,\u00a022400 Monz\u00f3n (Huesca) Tel\u00e9fono: 974 416 888 Correo electr\u00f3nico:\u00a0colegio.monzon@salesianos.orgSecretar\u00eda HORARIO DE ATENCI\u00d3N\u00a0 AL P\u00daBLICO: De lunes a jueves de 8:30 a 15:00 h Viernes de 8:30 a 13:30 h Correo electr\u00f3nico:\u00a0secretaria.monzon@salesianos.org\" \/>\n<meta property=\"og:url\" content=\"https:\/\/monzon.salesianos.edu\/colegio\/contactar\/\" \/>\n<meta property=\"og:site_name\" content=\"Colegio Santo Domingo Savio\" \/>\n<meta property=\"article:modified_time\" content=\"2024-06-27T08:11:23+00:00\" \/>\n<meta name=\"twitter:card\" content=\"summary_large_image\" \/>\n<meta name=\"twitter:label1\" content=\"Tiempo de lectura\" \/>\n\t<meta name=\"twitter:data1\" content=\"3 minutos\" \/>\n<script type=\"application\/ld+json\" class=\"yoast-schema-graph\">{\"@context\":\"https:\\\/\\\/schema.org\",\"@graph\":[{\"@type\":\"WebPage\",\"@id\":\"https:\\\/\\\/monzon.salesianos.edu\\\/colegio\\\/contactar\\\/\",\"url\":\"https:\\\/\\\/monzon.salesianos.edu\\\/colegio\\\/contactar\\\/\",\"name\":\"Contactar - Colegio Santo Domingo Savio\",\"isPartOf\":{\"@id\":\"https:\\\/\\\/monzon.salesianos.edu\\\/colegio\\\/#website\"},\"datePublished\":\"2017-05-22T17:00:55+00:00\",\"dateModified\":\"2024-06-27T08:11:23+00:00\",\"breadcrumb\":{\"@id\":\"https:\\\/\\\/monzon.salesianos.edu\\\/colegio\\\/contactar\\\/#breadcrumb\"},\"inLanguage\":\"es\",\"potentialAction\":[{\"@type\":\"ReadAction\",\"target\":[\"https:\\\/\\\/monzon.salesianos.edu\\\/colegio\\\/contactar\\\/\"]}]},{\"@type\":\"BreadcrumbList\",\"@id\":\"https:\\\/\\\/monzon.salesianos.edu\\\/colegio\\\/contactar\\\/#breadcrumb\",\"itemListElement\":[{\"@type\":\"ListItem\",\"position\":1,\"name\":\"Portada\",\"item\":\"https:\\\/\\\/monzon.salesianos.edu\\\/colegio\\\/\"},{\"@type\":\"ListItem\",\"position\":2,\"name\":\"Contactar\"}]},{\"@type\":\"WebSite\",\"@id\":\"https:\\\/\\\/monzon.salesianos.edu\\\/colegio\\\/#website\",\"url\":\"https:\\\/\\\/monzon.salesianos.edu\\\/colegio\\\/\",\"name\":\"Colegio Santo Domingo Savio\",\"description\":\"P\u00e1gina oficial Salesianos Monz\u00f3n\",\"potentialAction\":[{\"@type\":\"SearchAction\",\"target\":{\"@type\":\"EntryPoint\",\"urlTemplate\":\"https:\\\/\\\/monzon.salesianos.edu\\\/colegio\\\/?s={search_term_string}\"},\"query-input\":{\"@type\":\"PropertyValueSpecification\",\"valueRequired\":true,\"valueName\":\"search_term_string\"}}],\"inLanguage\":\"es\"}]}<\/script>\n<!-- \/ Yoast SEO plugin. -->","yoast_head_json":{"title":"Contactar - Colegio Santo Domingo Savio","robots":{"index":"index","follow":"follow","max-snippet":"max-snippet:-1","max-image-preview":"max-image-preview:large","max-video-preview":"max-video-preview:-1"},"canonical":"https:\/\/monzon.salesianos.edu\/colegio\/contactar\/","og_locale":"es_ES","og_type":"article","og_title":"Contactar - Colegio Santo Domingo Savio","og_description":"Contacto Para CONTACTAR con el\u00a0Colegio Salesiano de Monz\u00f3n Direcci\u00f3n:\u00a0Paseo San Juan Bosco 83-85,\u00a022400 Monz\u00f3n (Huesca) Tel\u00e9fono: 974 416 888 Correo electr\u00f3nico:\u00a0colegio.monzon@salesianos.orgSecretar\u00eda HORARIO DE ATENCI\u00d3N\u00a0 AL P\u00daBLICO: De lunes a jueves de 8:30 a 15:00 h Viernes de 8:30 a 13:30 h Correo electr\u00f3nico:\u00a0secretaria.monzon@salesianos.org","og_url":"https:\/\/monzon.salesianos.edu\/colegio\/contactar\/","og_site_name":"Colegio Santo Domingo Savio","article_modified_time":"2024-06-27T08:11:23+00:00","twitter_card":"summary_large_image","twitter_misc":{"Tiempo de lectura":"3 minutos"},"schema":{"@context":"https:\/\/schema.org","@graph":[{"@type":"WebPage","@id":"https:\/\/monzon.salesianos.edu\/colegio\/contactar\/","url":"https:\/\/monzon.salesianos.edu\/colegio\/contactar\/","name":"Contactar - Colegio Santo Domingo Savio","isPartOf":{"@id":"https:\/\/monzon.salesianos.edu\/colegio\/#website"},"datePublished":"2017-05-22T17:00:55+00:00","dateModified":"2024-06-27T08:11:23+00:00","breadcrumb":{"@id":"https:\/\/monzon.salesianos.edu\/colegio\/contactar\/#breadcrumb"},"inLanguage":"es","potentialAction":[{"@type":"ReadAction","target":["https:\/\/monzon.salesianos.edu\/colegio\/contactar\/"]}]},{"@type":"BreadcrumbList","@id":"https:\/\/monzon.salesianos.edu\/colegio\/contactar\/#breadcrumb","itemListElement":[{"@type":"ListItem","position":1,"name":"Portada","item":"https:\/\/monzon.salesianos.edu\/colegio\/"},{"@type":"ListItem","position":2,"name":"Contactar"}]},{"@type":"WebSite","@id":"https:\/\/monzon.salesianos.edu\/colegio\/#website","url":"https:\/\/monzon.salesianos.edu\/colegio\/","name":"Colegio Santo Domingo Savio","description":"P\u00e1gina oficial Salesianos Monz\u00f3n","potentialAction":[{"@type":"SearchAction","target":{"@type":"EntryPoint","urlTemplate":"https:\/\/monzon.salesianos.edu\/colegio\/?s={search_term_string}"},"query-input":{"@type":"PropertyValueSpecification","valueRequired":true,"valueName":"search_term_string"}}],"inLanguage":"es"}]}},"_links":{"self":[{"href":"https:\/\/monzon.salesianos.edu\/colegio\/wp-json\/wp\/v2\/pages\/2432","targetHints":{"allow":["GET"]}}],"collection":[{"href":"https:\/\/monzon.salesianos.edu\/colegio\/wp-json\/wp\/v2\/pages"}],"about":[{"href":"https:\/\/monzon.salesianos.edu\/colegio\/wp-json\/wp\/v2\/types\/page"}],"author":[{"embeddable":true,"href":"https:\/\/monzon.salesianos.edu\/colegio\/wp-json\/wp\/v2\/users\/3"}],"replies":[{"embeddable":true,"href":"https:\/\/monzon.salesianos.edu\/colegio\/wp-json\/wp\/v2\/comments?post=2432"}],"version-history":[{"count":20,"href":"https:\/\/monzon.salesianos.edu\/colegio\/wp-json\/wp\/v2\/pages\/2432\/revisions"}],"predecessor-version":[{"id":12335,"href":"https:\/\/monzon.salesianos.edu\/colegio\/wp-json\/wp\/v2\/pages\/2432\/revisions\/12335"}],"wp:attachment":[{"href":"https:\/\/monzon.salesianos.edu\/colegio\/wp-json\/wp\/v2\/media?parent=2432"}],"curies":[{"name":"wp","href":"https:\/\/api.w.org\/{rel}","templated":true}]}}