{"id":12609,"date":"2024-11-25T12:21:06","date_gmt":"2024-11-25T11:21:06","guid":{"rendered":"https:\/\/monzon.salesianos.edu\/colegio\/?page_id=12609"},"modified":"2025-09-02T10:25:57","modified_gmt":"2025-09-02T09:25:57","slug":"informacioniniciodecurso","status":"publish","type":"page","link":"https:\/\/monzon.salesianos.edu\/colegio\/informacioniniciodecurso\/","title":{"rendered":"Informaci\u00f3n inicio de curso"},"content":{"rendered":"<p>[et_pb_section fb_built=\u00bb1&#8243; fullwidth=\u00bbon\u00bb _builder_version=\u00bb4.16&#8243; background_color=\u00bb#6aceb6&#8243; global_colors_info=\u00bb{}\u00bb][et_pb_fullwidth_header title=\u00bbInformaci\u00f3n inicio de curso\u00bb _builder_version=\u00bb4.27.2&#8243; _module_preset=\u00bbdefault\u00bb title_font_size=\u00bb45px\u00bb use_background_color_gradient=\u00bbon\u00bb background_color_gradient_stops=\u00bb#e02b20 0%|#ffffff 100%\u00bb background_image=\u00bbhttps:\/\/monzon.salesianos.edu\/colegio\/wp-content\/uploads\/sites\/2\/2024\/06\/BANNER-4.jpg\u00bb background_enable_video_mp4=\u00bboff\u00bb text_shadow_style=\u00bbpreset1&#8243; global_colors_info=\u00bb{}\u00bb][\/et_pb_fullwidth_header][\/et_pb_section][et_pb_section fb_built=\u00bb1&#8243; module_class=\u00bbpagina-seccion-contenido\u00bb _builder_version=\u00bb4.16&#8243; custom_padding=\u00bb-4%|||\u00bb global_colors_info=\u00bb{}\u00bb][et_pb_row _builder_version=\u00bb4.27.4&#8243; _module_preset=\u00bbdefault\u00bb global_colors_info=\u00bb{}\u00bb][et_pb_column type=\u00bb4_4&#8243; _builder_version=\u00bb4.27.4&#8243; _module_preset=\u00bbdefault\u00bb global_colors_info=\u00bb{}\u00bb][et_pb_testimonial author=\u00bbAnabel Novell\u00f3n\u00bb job_title=\u00bbDirectora pedag\u00f3gica\u00bb portrait_url=\u00bbhttps:\/\/monzon.salesianos.edu\/colegio\/wp-content\/uploads\/sites\/2\/2025\/09\/1668777424013.jpg\u00bb _builder_version=\u00bb4.27.4&#8243; _module_preset=\u00bbdefault\u00bb author_font=\u00bbABeeZee|700|||||||\u00bb author_text_color=\u00bb#E02B20&#8243; border_width_all_portrait=\u00bb2px\u00bb border_color_all_portrait=\u00bb#E02B20&#8243; global_colors_info=\u00bb{}\u00bb]<\/p>\n<p style=\"font-weight: 400;text-align: justify\">Estimadas familias,<\/p>\n<p style=\"font-weight: 400;text-align: justify\">Me pongo en contacto con vosotros para comunicaros\u00a0la informaci\u00f3n esencial sobre\u00a0el principio del\u00a0curso\u00a025\/26.<\/p>\n<p style=\"font-weight: 400;text-align: justify\">Durante el verano\u00a0os han ido llegado distintos correos para realizar\u00a0el pago de la matr\u00edcula, que incluye, entre otras cosas, el seguro escolar y el mantenimiento de las plataformas Esemtia y Moodle.\u00a0<strong>Es imprescindible el pago de la matr\u00edcula para poder asistir al colegio y acceder a las distintas plataformas.\u00a0<\/strong>Aquellos que no hab\u00e9is podido realizar el pago a trav\u00e9s del correo electr\u00f3nico, pod\u00e9is pagarlo en el colegio a partir del d\u00eda 2 de Septiembre por las ma\u00f1anas de 9:30 a 13:30,\u00a0antes del inicio del mismo.<\/p>\n<h1 style=\"font-weight: 400;text-align: justify\"><span style=\"color: #ff0000\"><strong><\/strong><\/span><\/h1>\n<h1 style=\"font-weight: 400;text-align: justify\"><span style=\"color: #ff0000\"><strong><\/strong><\/span><\/h1>\n<h1 style=\"font-weight: 400;text-align: justify\"><span style=\"color: #ff0000\"><strong>INICIO DEL CURSO<\/strong><\/span><\/h1>\n<p style=\"font-weight: 400;text-align: justify\"><strong>Primer Ciclo\u00a0ESO &#8211; Lunes\u00a08 de\u00a0Septiembre\u00a0de\u00a02025 \u2013 9:00 horas.\u00a0<\/strong><\/p>\n<p style=\"font-weight: 400;text-align: justify\">Los alumnos de 1\u00ba ESO deben traer los ordenadores chromebook\u00a0cargados para la instalaci\u00f3n de los libros.<\/p>\n<p style=\"font-weight: 400;text-align: justify\"><strong>IMPORTANTE:<span>\u00a0<\/span><\/strong>\u00a0Este ordenador est\u00e1 disponible en Beep Monz\u00f3n. Aquellos alumnos que ya disponen de este dispositivo desde primaria tienen que adquirir en Beep Monz\u00f3n la licencia Google for Education.<\/p>\n<ul>\n<li style=\"font-weight: 400;text-align: justify\"><strong>Segundo Ciclo ESO \u2013 Lunes 8 \u00a0de Septiembre de 2025 &#8211; 10:00 horas.<\/strong><\/li>\n<li style=\"font-weight: 400;text-align: justify\"><strong>Bachillerato \u2013 Lunes 8 de Septiembre de\u00a0\u00a02025 \u2013 12:00 horas.<\/strong><\/li>\n<li style=\"font-weight: 400;text-align: justify\"><strong>Formaci\u00f3n Profesional horario ma\u00f1ana &#8211; Jueves 11 de Septiembre de 2025 \u2013 9:30 horas<\/strong><\/li>\n<li style=\"font-weight: 400;text-align: justify\"><strong>Formaci\u00f3n Profesional horario tarde &#8211; Jueves 11 de Septiembre de 2025 &#8211; 16:30 horas<\/strong><\/li>\n<\/ul>\n<h1 style=\"font-weight: 400;text-align: justify\"><span style=\"color: #ff0000\"><strong>\u00a0<\/strong><\/span><\/h1>\n<h1 style=\"font-weight: 400;text-align: justify\"><span style=\"color: #ff0000\"><strong><\/strong><\/span><\/h1>\n<h1 style=\"font-weight: 400;text-align: justify\"><span style=\"color: #ff0000\"><strong>VENTA DE ROPA DEPORTIVA<\/strong><\/span><\/h1>\n<p style=\"font-weight: 400;text-align: justify\">El Corte Ingl\u00e9s se desplazar\u00e1 a nuestro colegio para atender presencialmente a las familias. Se instalar\u00e1n en la Sala de Juegos.<\/p>\n<ul>\n<li style=\"font-weight: 400;text-align: justify\"><strong>Martes 2 de Septiembre: 10:00 a 14:00 y de 16:00 a 20:00.<\/strong><\/li>\n<li style=\"font-weight: 400;text-align: justify\"><strong>Mi\u00e9rcoles 3 de Septiembre: 10:00 a 14:00 y de 16:00 a 20:00<\/strong><\/li>\n<\/ul>\n<p style=\"font-weight: 400;text-align: justify\">*<strong>Recordamos que el uso del ch\u00e1ndal es obligatorio desde 1\u00ba ESO a 2\u00ba de Bachillerato.<\/strong><\/p>\n<p style=\"font-weight: 400;text-align: justify\">Tambi\u00e9n existe la posibilidad de encargar la ropa deportiva a trav\u00e9s de la\u00a0<a href=\"https:\/\/www.elcorteingles.es\/uniformes\/huesca\/monzon\/sto-domingo-savio-salesianos-monzon\/\" data-saferedirecturl=\"https:\/\/www.google.com\/url?q=https:\/\/www.elcorteingles.es\/uniformes\/huesca\/monzon\/sto-domingo-savio-salesianos-monzon\/&amp;source=gmail&amp;ust=1756890634901000&amp;usg=AOvVaw1vJK1AVTApxfmAlefiTCBM\">p\u00e1gina web<\/a>.<\/p>\n<h1 style=\"font-weight: 400;text-align: justify\"><span style=\"color: #ff0000\"><strong><\/strong><\/span><\/h1>\n<h1 style=\"font-weight: 400;text-align: justify\"><span style=\"color: #ff0000\"><strong><\/strong><\/span><\/h1>\n<h1 style=\"font-weight: 400;text-align: justify\"><span style=\"color: #ff0000\"><strong>LIBROS Y LICENCIAS DIGITALES<\/strong><\/span><\/h1>\n<p style=\"font-weight: 400;text-align: justify\">Para aquellos que no han realizado la compra de libros a trav\u00e9s del enlace del correo electr\u00f3nico, podr\u00e1n hacerlo de forma presencial los d\u00edas:<\/p>\n<ul>\n<li style=\"font-weight: 400;text-align: justify\"><strong>Martes, Mi\u00e9rcoles y Jueves del 2 de Septiembre al 16 de Septiembre de 9:00 a 13:00<\/strong><\/li>\n<\/ul>\n<p style=\"text-align: justify\"><strong><u>No se entregar\u00e1n las licencias de los libros digitales hasta que el pago no se haya realizado.<\/u><\/strong><\/p>\n<h1 style=\"font-weight: 400;text-align: justify\"><span style=\"color: #ff0000\"><strong><\/strong><\/span><\/h1>\n<h1 style=\"font-weight: 400;text-align: justify\"><span style=\"color: #ff0000\"><strong><\/strong><\/span><\/h1>\n<h1 style=\"font-weight: 400;text-align: justify\"><span style=\"color: #ff0000\"><strong>ACTIVIDADES EXTRAESCOLARES<\/strong><\/span><\/h1>\n<p style=\"font-weight: 400;text-align: justify\">Las actividades extraescolares que se van a ofertar durante el curso 2025-2026 son las siguientes:<\/p>\n<ul style=\"text-align: justify\">\n<li style=\"font-weight: 400\"><span><\/span>Deberes asistidos para alumnos con dificultades (1\u00ba, 2\u00ba y 3\u00ba ESO). Lunes, mi\u00e9rcoles y jueves de 17:00-18:00 horas. 10\u20ac\/mes.<\/li>\n<li style=\"font-weight: 400\"><span><\/span>Ingles B1 (curso de preparaci\u00f3n al examen de certificaci\u00f3n Oxford). Jueves 19:00-20:30. 45\u20ac\/mes<\/li>\n<li style=\"font-weight: 400\"><span><\/span>Ingl\u00e9s B2 (curso de preparaci\u00f3n al examen de certificaci\u00f3n Oxford). Jueves 19:00-20:30. 45\u20ac\/mes<\/li>\n<li style=\"font-weight: 400\"><span><\/span>Ingl\u00e9s C1 (curso de preparaci\u00f3n al examen de certificaci\u00f3n Oxford). Jueves 19:00-20:30. 45\u20ac\/mes<\/li>\n<li style=\"font-weight: 400\"><span><\/span>Curso de mecanograf\u00eda (Para alumnos del primer ciclo ESO). Mi\u00e9rcoles 17:00-18:00. 20\u20ac\/mes<\/li>\n<li style=\"font-weight: 400\"><span><\/span>Grupos de fe. Una experiencia en grupo para crecer con los valores de Jes\u00fas y el estilo salesiano de Don Bosco. Martes de 14:30-16:00.<\/li>\n<li style=\"font-weight: 400\"><span><\/span>Escuela de Teatro Rebulizio. En Salesianos los viernes de 17:00-18:30. 20\u20ac\/mes.<\/li>\n<\/ul>\n<p style=\"font-weight: 400;text-align: justify\">Inscripci\u00f3n: Para realizar la inscripci\u00f3n a las actividades extraescolares rellenar el siguiente\u00a0<a href=\"https:\/\/forms.gle\/WnsiKxrj8hnVHZaB8\" data-saferedirecturl=\"https:\/\/www.google.com\/url?q=https:\/\/forms.gle\/WnsiKxrj8hnVHZaB8&amp;source=gmail&amp;ust=1756890634901000&amp;usg=AOvVaw2ofpo1gzgZqOn-JpovmTFB\">formulario<\/a>.<\/p>\n<p style=\"font-weight: 400;text-align: justify\">Plazo m\u00e1ximo:\u00a0<strong>17 de Septiembre de 2025<\/strong><\/p>\n<h1 style=\"font-weight: 400;text-align: justify\"><span style=\"color: #ff0000\"><strong><\/strong><\/span><\/h1>\n<h1 style=\"font-weight: 400;text-align: justify\"><span style=\"color: #ff0000\"><strong><\/strong><\/span><\/h1>\n<h1 style=\"font-weight: 400;text-align: justify\"><span style=\"color: #ff0000\"><strong>SERVICIO DE COMEDOR<\/strong><\/span><\/h1>\n<p style=\"font-weight: 400;text-align: justify\">M\u00e1s informaci\u00f3n: 620.328.078 (Roc\u00edo)<\/p>\n<p style=\"font-weight: 400;text-align: justify\">Me gustar\u00eda agradeceros vuestra confianza al haber elegido nuestro colegio para vuestra formaci\u00f3n o la de vuestros hijos.<\/p>\n<p style=\"font-weight: 400;text-align: justify\">Estoy a vuestra disposici\u00f3n si os surge alguna duda.<\/p>\n<p style=\"font-weight: 400;text-align: justify\"><span>Un cordial saludo,<\/span><\/p>\n<p><span>Anabel Novell\u00f3n Casas<\/span><\/p>\n<p><i>Directora Pedag\u00f3gica<\/i><\/p>\n<p>[\/et_pb_testimonial][\/et_pb_column][\/et_pb_row][\/et_pb_section]<\/p>\n","protected":false},"excerpt":{"rendered":"<p>Estimadas familias, Me pongo en contacto con vosotros para comunicaros\u00a0la informaci\u00f3n esencial sobre\u00a0el principio del\u00a0curso\u00a025\/26. Durante el verano\u00a0os han ido llegado distintos correos para realizar\u00a0el pago de la matr\u00edcula, que incluye, entre otras cosas, el seguro escolar y el mantenimiento de las plataformas Esemtia y Moodle.\u00a0Es imprescindible el pago de la matr\u00edcula para poder asistir [&hellip;]<\/p>\n","protected":false},"author":8,"featured_media":0,"parent":0,"menu_order":0,"comment_status":"closed","ping_status":"closed","template":"","meta":{"_et_pb_use_builder":"on","_et_pb_old_content":"","_et_gb_content_width":"","footnotes":""},"class_list":["post-12609","page","type-page","status-publish","hentry"],"yoast_head":"<!-- This site is optimized with the Yoast SEO plugin v27.4 - https:\/\/yoast.com\/product\/yoast-seo-wordpress\/ -->\n<title>Informaci\u00f3n inicio de curso - Colegio Santo Domingo Savio<\/title>\n<meta name=\"robots\" content=\"index, follow, max-snippet:-1, max-image-preview:large, max-video-preview:-1\" \/>\n<link rel=\"canonical\" href=\"https:\/\/monzon.salesianos.edu\/colegio\/informacioniniciodecurso\/\" \/>\n<meta property=\"og:locale\" content=\"es_ES\" \/>\n<meta property=\"og:type\" content=\"article\" \/>\n<meta property=\"og:title\" content=\"Informaci\u00f3n inicio de curso - Colegio Santo Domingo Savio\" \/>\n<meta property=\"og:description\" content=\"Estimadas familias, Me pongo en contacto con vosotros para comunicaros\u00a0la informaci\u00f3n esencial sobre\u00a0el principio del\u00a0curso\u00a025\/26. Durante el verano\u00a0os han ido llegado distintos correos para realizar\u00a0el pago de la matr\u00edcula, que incluye, entre otras cosas, el seguro escolar y el mantenimiento de las plataformas Esemtia y Moodle.\u00a0Es imprescindible el pago de la matr\u00edcula para poder asistir [&hellip;]\" \/>\n<meta property=\"og:url\" content=\"https:\/\/monzon.salesianos.edu\/colegio\/informacioniniciodecurso\/\" \/>\n<meta property=\"og:site_name\" content=\"Colegio Santo Domingo Savio\" \/>\n<meta property=\"article:modified_time\" content=\"2025-09-02T09:25:57+00:00\" \/>\n<meta name=\"twitter:card\" content=\"summary_large_image\" \/>\n<meta name=\"twitter:label1\" content=\"Tiempo de lectura\" \/>\n\t<meta name=\"twitter:data1\" content=\"3 minutos\" \/>\n<script type=\"application\/ld+json\" class=\"yoast-schema-graph\">{\"@context\":\"https:\\\/\\\/schema.org\",\"@graph\":[{\"@type\":\"WebPage\",\"@id\":\"https:\\\/\\\/monzon.salesianos.edu\\\/colegio\\\/informacioniniciodecurso\\\/\",\"url\":\"https:\\\/\\\/monzon.salesianos.edu\\\/colegio\\\/informacioniniciodecurso\\\/\",\"name\":\"Informaci\u00f3n inicio de curso - Colegio Santo Domingo Savio\",\"isPartOf\":{\"@id\":\"https:\\\/\\\/monzon.salesianos.edu\\\/colegio\\\/#website\"},\"datePublished\":\"2024-11-25T11:21:06+00:00\",\"dateModified\":\"2025-09-02T09:25:57+00:00\",\"breadcrumb\":{\"@id\":\"https:\\\/\\\/monzon.salesianos.edu\\\/colegio\\\/informacioniniciodecurso\\\/#breadcrumb\"},\"inLanguage\":\"es\",\"potentialAction\":[{\"@type\":\"ReadAction\",\"target\":[\"https:\\\/\\\/monzon.salesianos.edu\\\/colegio\\\/informacioniniciodecurso\\\/\"]}]},{\"@type\":\"BreadcrumbList\",\"@id\":\"https:\\\/\\\/monzon.salesianos.edu\\\/colegio\\\/informacioniniciodecurso\\\/#breadcrumb\",\"itemListElement\":[{\"@type\":\"ListItem\",\"position\":1,\"name\":\"Portada\",\"item\":\"https:\\\/\\\/monzon.salesianos.edu\\\/colegio\\\/\"},{\"@type\":\"ListItem\",\"position\":2,\"name\":\"Informaci\u00f3n inicio de curso\"}]},{\"@type\":\"WebSite\",\"@id\":\"https:\\\/\\\/monzon.salesianos.edu\\\/colegio\\\/#website\",\"url\":\"https:\\\/\\\/monzon.salesianos.edu\\\/colegio\\\/\",\"name\":\"Colegio Santo Domingo Savio\",\"description\":\"P\u00e1gina oficial Salesianos Monz\u00f3n\",\"potentialAction\":[{\"@type\":\"SearchAction\",\"target\":{\"@type\":\"EntryPoint\",\"urlTemplate\":\"https:\\\/\\\/monzon.salesianos.edu\\\/colegio\\\/?s={search_term_string}\"},\"query-input\":{\"@type\":\"PropertyValueSpecification\",\"valueRequired\":true,\"valueName\":\"search_term_string\"}}],\"inLanguage\":\"es\"}]}<\/script>\n<!-- \/ Yoast SEO plugin. -->","yoast_head_json":{"title":"Informaci\u00f3n inicio de curso - Colegio Santo Domingo Savio","robots":{"index":"index","follow":"follow","max-snippet":"max-snippet:-1","max-image-preview":"max-image-preview:large","max-video-preview":"max-video-preview:-1"},"canonical":"https:\/\/monzon.salesianos.edu\/colegio\/informacioniniciodecurso\/","og_locale":"es_ES","og_type":"article","og_title":"Informaci\u00f3n inicio de curso - Colegio Santo Domingo Savio","og_description":"Estimadas familias, Me pongo en contacto con vosotros para comunicaros\u00a0la informaci\u00f3n esencial sobre\u00a0el principio del\u00a0curso\u00a025\/26. Durante el verano\u00a0os han ido llegado distintos correos para realizar\u00a0el pago de la matr\u00edcula, que incluye, entre otras cosas, el seguro escolar y el mantenimiento de las plataformas Esemtia y Moodle.\u00a0Es imprescindible el pago de la matr\u00edcula para poder asistir [&hellip;]","og_url":"https:\/\/monzon.salesianos.edu\/colegio\/informacioniniciodecurso\/","og_site_name":"Colegio Santo Domingo Savio","article_modified_time":"2025-09-02T09:25:57+00:00","twitter_card":"summary_large_image","twitter_misc":{"Tiempo de lectura":"3 minutos"},"schema":{"@context":"https:\/\/schema.org","@graph":[{"@type":"WebPage","@id":"https:\/\/monzon.salesianos.edu\/colegio\/informacioniniciodecurso\/","url":"https:\/\/monzon.salesianos.edu\/colegio\/informacioniniciodecurso\/","name":"Informaci\u00f3n inicio de curso - Colegio Santo Domingo Savio","isPartOf":{"@id":"https:\/\/monzon.salesianos.edu\/colegio\/#website"},"datePublished":"2024-11-25T11:21:06+00:00","dateModified":"2025-09-02T09:25:57+00:00","breadcrumb":{"@id":"https:\/\/monzon.salesianos.edu\/colegio\/informacioniniciodecurso\/#breadcrumb"},"inLanguage":"es","potentialAction":[{"@type":"ReadAction","target":["https:\/\/monzon.salesianos.edu\/colegio\/informacioniniciodecurso\/"]}]},{"@type":"BreadcrumbList","@id":"https:\/\/monzon.salesianos.edu\/colegio\/informacioniniciodecurso\/#breadcrumb","itemListElement":[{"@type":"ListItem","position":1,"name":"Portada","item":"https:\/\/monzon.salesianos.edu\/colegio\/"},{"@type":"ListItem","position":2,"name":"Informaci\u00f3n inicio de curso"}]},{"@type":"WebSite","@id":"https:\/\/monzon.salesianos.edu\/colegio\/#website","url":"https:\/\/monzon.salesianos.edu\/colegio\/","name":"Colegio Santo Domingo Savio","description":"P\u00e1gina oficial Salesianos Monz\u00f3n","potentialAction":[{"@type":"SearchAction","target":{"@type":"EntryPoint","urlTemplate":"https:\/\/monzon.salesianos.edu\/colegio\/?s={search_term_string}"},"query-input":{"@type":"PropertyValueSpecification","valueRequired":true,"valueName":"search_term_string"}}],"inLanguage":"es"}]}},"_links":{"self":[{"href":"https:\/\/monzon.salesianos.edu\/colegio\/wp-json\/wp\/v2\/pages\/12609","targetHints":{"allow":["GET"]}}],"collection":[{"href":"https:\/\/monzon.salesianos.edu\/colegio\/wp-json\/wp\/v2\/pages"}],"about":[{"href":"https:\/\/monzon.salesianos.edu\/colegio\/wp-json\/wp\/v2\/types\/page"}],"author":[{"embeddable":true,"href":"https:\/\/monzon.salesianos.edu\/colegio\/wp-json\/wp\/v2\/users\/8"}],"replies":[{"embeddable":true,"href":"https:\/\/monzon.salesianos.edu\/colegio\/wp-json\/wp\/v2\/comments?post=12609"}],"version-history":[{"count":9,"href":"https:\/\/monzon.salesianos.edu\/colegio\/wp-json\/wp\/v2\/pages\/12609\/revisions"}],"predecessor-version":[{"id":12825,"href":"https:\/\/monzon.salesianos.edu\/colegio\/wp-json\/wp\/v2\/pages\/12609\/revisions\/12825"}],"wp:attachment":[{"href":"https:\/\/monzon.salesianos.edu\/colegio\/wp-json\/wp\/v2\/media?parent=12609"}],"curies":[{"name":"wp","href":"https:\/\/api.w.org\/{rel}","templated":true}]}}