{"id":12484,"date":"2024-10-26T10:06:56","date_gmt":"2024-10-26T09:06:56","guid":{"rendered":"https:\/\/monzon.salesianos.edu\/colegio\/?page_id=12484"},"modified":"2024-11-19T13:09:48","modified_gmt":"2024-11-19T12:09:48","slug":"proyectos-ka1-ka2","status":"publish","type":"page","link":"https:\/\/monzon.salesianos.edu\/colegio\/proyectos-ka1-ka2\/","title":{"rendered":"Proyectos KA1\/KA2"},"content":{"rendered":"<p>[et_pb_section fb_built=\u00bb1&#8243; fullwidth=\u00bbon\u00bb _builder_version=\u00bb4.16&#8243; background_color=\u00bb#6aceb6&#8243; global_colors_info=\u00bb{}\u00bb][et_pb_fullwidth_header title=\u00bbProyectos  KA1\/KA2&#8243; _builder_version=\u00bb4.27.2&#8243; _module_preset=\u00bbdefault\u00bb title_font_size=\u00bb45px\u00bb use_background_color_gradient=\u00bbon\u00bb background_color_gradient_stops=\u00bb#e02b20 0%|#ffffff 100%\u00bb background_image=\u00bbhttps:\/\/monzon.salesianos.edu\/colegio\/wp-content\/uploads\/sites\/2\/2024\/06\/BANNER-4.jpg\u00bb background_enable_video_mp4=\u00bboff\u00bb text_shadow_style=\u00bbpreset1&#8243; global_colors_info=\u00bb{}\u00bb][\/et_pb_fullwidth_header][\/et_pb_section][et_pb_section fb_built=\u00bb1&#8243; module_class=\u00bbpagina-seccion-contenido\u00bb _builder_version=\u00bb4.16&#8243; custom_padding=\u00bb-4%|||\u00bb global_colors_info=\u00bb{}\u00bb][et_pb_row _builder_version=\u00bb4.23.1&#8243; _module_preset=\u00bbdefault\u00bb global_colors_info=\u00bb{}\u00bb column_structure=\u00bb3_4,1_4&#8243;][et_pb_column type=\u00bb3_4&#8243; _builder_version=\u00bb4.23.1&#8243; _module_preset=\u00bbdefault\u00bb global_colors_info=\u00bb{}\u00bb][et_pb_text _builder_version=\u00bb4.27.2&#8243; _module_preset=\u00bbdefault\u00bb global_colors_info=\u00bb{}\u00bb]<\/p>\n<h3><strong>PR\u00c1CTICAS de FP en EUROPA (Erasmus+ KA1)<\/strong><\/h3>\n<p>Todos los cursos nuestros estudiantes de <strong>Grado Medio <\/strong>y <strong>Grado Superior<\/strong> tienen la oportunidad de hacer sus pr\u00e1cticas en empresas de diferentes pa\u00edses europeos. Hemos tenido alumnos en <strong>Reino Unido, Irlanda, Italia, Francia y Suiza<\/strong><\/p>\n<p>&nbsp;<\/p>\n<p>&nbsp;<\/p>\n<h3><strong>MOVILIDADES en GRADO MEDIO <\/strong><a href=\"https:\/\/www.salesianos.edu\/escuelas\/prep4pro\/\"><strong>(Erasmus+ KA2)<\/strong><\/a><\/h3>\n<p>Estamos involucrados en el proyecto KA2 Erasmus+ <strong>\u00abPrep4Pro\u00bb<\/strong> en el cual participamos junto con otros colegios de <strong>Grado Medio<\/strong> en <strong>Francia, B\u00e9lgica, Finlandia y Eslovenia<\/strong>. Este proyecto tiene como objetivo motivar e involucrar estudiantes en largas movilidades. Tiene una duraci\u00f3n de dos cursos, 22\/23 y 23\/24.<\/p>\n<p>Si eres una empresa y quieres m\u00e1s informaci\u00f3n puedes ponerte en contacto con nosotros en el correo electr\u00f3nico <a href=\"mailto:escuelaempresa.monzon@salesianos.org\"><strong>escuelaempresa.monzon@salesianos.org<\/strong><\/a><br \/>\n[\/et_pb_text][\/et_pb_column][et_pb_column type=\u00bb1_4&#8243; _builder_version=\u00bb4.23.1&#8243; _module_preset=\u00bbdefault\u00bb global_colors_info=\u00bb{}\u00bb][et_pb_image src=\u00bbhttps:\/\/monzon.salesianos.edu\/colegio\/wp-content\/uploads\/sites\/2\/2024\/11\/Radio-Onda-Cinca-Natasha.jpg\u00bb _builder_version=\u00bb4.27.2&#8243; _module_preset=\u00bbdefault\u00bb title_text=\u00bbRadio Onda Cinca Natasha\u00bb hover_enabled=\u00bb0&#8243; sticky_enabled=\u00bb0&#8243;][\/et_pb_image][et_pb_image src=\u00bbhttps:\/\/monzon.salesianos.edu\/colegio\/wp-content\/uploads\/sites\/2\/2024\/11\/Grupo-Cabrero-Natasha-1.jpg\u00bb _builder_version=\u00bb4.27.2&#8243; _module_preset=\u00bbdefault\u00bb title_text=\u00bbGrupo Cabrero Natasha\u00bb hover_enabled=\u00bb0&#8243; sticky_enabled=\u00bb0&#8243;][\/et_pb_image][\/et_pb_column][\/et_pb_row][et_pb_row _builder_version=\u00bb4.23.1&#8243; _module_preset=\u00bbdefault\u00bb global_colors_info=\u00bb{}\u00bb][et_pb_column type=\u00bb4_4&#8243; _builder_version=\u00bb4.23.1&#8243; _module_preset=\u00bbdefault\u00bb global_colors_info=\u00bb{}\u00bb][et_pb_button button_url=\u00bbhttps:\/\/monzon.salesianos.edu\/colegio\/international-relations\/\u00bb button_text=\u00bbM\u00e1s informaci\u00f3n\u00bb button_alignment=\u00bbcenter\u00bb _builder_version=\u00bb4.27.2&#8243; custom_button=\u00bbon\u00bb button_text_color=\u00bb#ffffff\u00bb button_bg_color=\u00bb#e02b20&#8243; button_border_color=\u00bb#e02b20&#8243; button_border_radius=\u00bb8px\u00bb button_font=\u00bb||||||||\u00bb button_icon=\u00bb&#xf7a2;||fa||900&#8243; button_icon_color=\u00bb#FFFFFF\u00bb button_icon_placement=\u00bbleft\u00bb global_colors_info=\u00bb{}\u00bb][\/et_pb_button][\/et_pb_column][\/et_pb_row][\/et_pb_section]<\/p>\n","protected":false},"excerpt":{"rendered":"<p>PR\u00c1CTICAS de FP en EUROPA (Erasmus+ KA1) Todos los cursos nuestros estudiantes de Grado Medio y Grado Superior tienen la oportunidad de hacer sus pr\u00e1cticas en empresas de diferentes pa\u00edses europeos. Hemos tenido alumnos en Reino Unido, Irlanda, Italia, Francia y Suiza &nbsp; &nbsp; MOVILIDADES en GRADO MEDIO (Erasmus+ KA2) Estamos involucrados en el proyecto [&hellip;]<\/p>\n","protected":false},"author":8,"featured_media":0,"parent":0,"menu_order":0,"comment_status":"closed","ping_status":"closed","template":"","meta":{"_et_pb_use_builder":"on","_et_pb_old_content":"","_et_gb_content_width":"","footnotes":""},"class_list":["post-12484","page","type-page","status-publish","hentry"],"yoast_head":"<!-- This site is optimized with the Yoast SEO plugin v27.4 - https:\/\/yoast.com\/product\/yoast-seo-wordpress\/ -->\n<title>Proyectos KA1\/KA2 - Colegio Santo Domingo Savio<\/title>\n<meta name=\"robots\" content=\"index, follow, max-snippet:-1, max-image-preview:large, max-video-preview:-1\" \/>\n<link rel=\"canonical\" href=\"https:\/\/monzon.salesianos.edu\/colegio\/proyectos-ka1-ka2\/\" \/>\n<meta property=\"og:locale\" content=\"es_ES\" \/>\n<meta property=\"og:type\" content=\"article\" \/>\n<meta property=\"og:title\" content=\"Proyectos KA1\/KA2 - Colegio Santo Domingo Savio\" \/>\n<meta property=\"og:description\" content=\"PR\u00c1CTICAS de FP en EUROPA (Erasmus+ KA1) Todos los cursos nuestros estudiantes de Grado Medio y Grado Superior tienen la oportunidad de hacer sus pr\u00e1cticas en empresas de diferentes pa\u00edses europeos. Hemos tenido alumnos en Reino Unido, Irlanda, Italia, Francia y Suiza &nbsp; &nbsp; MOVILIDADES en GRADO MEDIO (Erasmus+ KA2) Estamos involucrados en el proyecto [&hellip;]\" \/>\n<meta property=\"og:url\" content=\"https:\/\/monzon.salesianos.edu\/colegio\/proyectos-ka1-ka2\/\" \/>\n<meta property=\"og:site_name\" content=\"Colegio Santo Domingo Savio\" \/>\n<meta property=\"article:modified_time\" content=\"2024-11-19T12:09:48+00:00\" \/>\n<meta name=\"twitter:card\" content=\"summary_large_image\" \/>\n<meta name=\"twitter:label1\" content=\"Tiempo de lectura\" \/>\n\t<meta name=\"twitter:data1\" content=\"1 minuto\" \/>\n<script type=\"application\/ld+json\" class=\"yoast-schema-graph\">{\"@context\":\"https:\\\/\\\/schema.org\",\"@graph\":[{\"@type\":\"WebPage\",\"@id\":\"https:\\\/\\\/monzon.salesianos.edu\\\/colegio\\\/proyectos-ka1-ka2\\\/\",\"url\":\"https:\\\/\\\/monzon.salesianos.edu\\\/colegio\\\/proyectos-ka1-ka2\\\/\",\"name\":\"Proyectos KA1\\\/KA2 - Colegio Santo Domingo Savio\",\"isPartOf\":{\"@id\":\"https:\\\/\\\/monzon.salesianos.edu\\\/colegio\\\/#website\"},\"datePublished\":\"2024-10-26T09:06:56+00:00\",\"dateModified\":\"2024-11-19T12:09:48+00:00\",\"breadcrumb\":{\"@id\":\"https:\\\/\\\/monzon.salesianos.edu\\\/colegio\\\/proyectos-ka1-ka2\\\/#breadcrumb\"},\"inLanguage\":\"es\",\"potentialAction\":[{\"@type\":\"ReadAction\",\"target\":[\"https:\\\/\\\/monzon.salesianos.edu\\\/colegio\\\/proyectos-ka1-ka2\\\/\"]}]},{\"@type\":\"BreadcrumbList\",\"@id\":\"https:\\\/\\\/monzon.salesianos.edu\\\/colegio\\\/proyectos-ka1-ka2\\\/#breadcrumb\",\"itemListElement\":[{\"@type\":\"ListItem\",\"position\":1,\"name\":\"Portada\",\"item\":\"https:\\\/\\\/monzon.salesianos.edu\\\/colegio\\\/\"},{\"@type\":\"ListItem\",\"position\":2,\"name\":\"Proyectos KA1\\\/KA2\"}]},{\"@type\":\"WebSite\",\"@id\":\"https:\\\/\\\/monzon.salesianos.edu\\\/colegio\\\/#website\",\"url\":\"https:\\\/\\\/monzon.salesianos.edu\\\/colegio\\\/\",\"name\":\"Colegio Santo Domingo Savio\",\"description\":\"P\u00e1gina oficial Salesianos Monz\u00f3n\",\"potentialAction\":[{\"@type\":\"SearchAction\",\"target\":{\"@type\":\"EntryPoint\",\"urlTemplate\":\"https:\\\/\\\/monzon.salesianos.edu\\\/colegio\\\/?s={search_term_string}\"},\"query-input\":{\"@type\":\"PropertyValueSpecification\",\"valueRequired\":true,\"valueName\":\"search_term_string\"}}],\"inLanguage\":\"es\"}]}<\/script>\n<!-- \/ Yoast SEO plugin. -->","yoast_head_json":{"title":"Proyectos KA1\/KA2 - Colegio Santo Domingo Savio","robots":{"index":"index","follow":"follow","max-snippet":"max-snippet:-1","max-image-preview":"max-image-preview:large","max-video-preview":"max-video-preview:-1"},"canonical":"https:\/\/monzon.salesianos.edu\/colegio\/proyectos-ka1-ka2\/","og_locale":"es_ES","og_type":"article","og_title":"Proyectos KA1\/KA2 - Colegio Santo Domingo Savio","og_description":"PR\u00c1CTICAS de FP en EUROPA (Erasmus+ KA1) Todos los cursos nuestros estudiantes de Grado Medio y Grado Superior tienen la oportunidad de hacer sus pr\u00e1cticas en empresas de diferentes pa\u00edses europeos. Hemos tenido alumnos en Reino Unido, Irlanda, Italia, Francia y Suiza &nbsp; &nbsp; MOVILIDADES en GRADO MEDIO (Erasmus+ KA2) Estamos involucrados en el proyecto [&hellip;]","og_url":"https:\/\/monzon.salesianos.edu\/colegio\/proyectos-ka1-ka2\/","og_site_name":"Colegio Santo Domingo Savio","article_modified_time":"2024-11-19T12:09:48+00:00","twitter_card":"summary_large_image","twitter_misc":{"Tiempo de lectura":"1 minuto"},"schema":{"@context":"https:\/\/schema.org","@graph":[{"@type":"WebPage","@id":"https:\/\/monzon.salesianos.edu\/colegio\/proyectos-ka1-ka2\/","url":"https:\/\/monzon.salesianos.edu\/colegio\/proyectos-ka1-ka2\/","name":"Proyectos KA1\/KA2 - Colegio Santo Domingo Savio","isPartOf":{"@id":"https:\/\/monzon.salesianos.edu\/colegio\/#website"},"datePublished":"2024-10-26T09:06:56+00:00","dateModified":"2024-11-19T12:09:48+00:00","breadcrumb":{"@id":"https:\/\/monzon.salesianos.edu\/colegio\/proyectos-ka1-ka2\/#breadcrumb"},"inLanguage":"es","potentialAction":[{"@type":"ReadAction","target":["https:\/\/monzon.salesianos.edu\/colegio\/proyectos-ka1-ka2\/"]}]},{"@type":"BreadcrumbList","@id":"https:\/\/monzon.salesianos.edu\/colegio\/proyectos-ka1-ka2\/#breadcrumb","itemListElement":[{"@type":"ListItem","position":1,"name":"Portada","item":"https:\/\/monzon.salesianos.edu\/colegio\/"},{"@type":"ListItem","position":2,"name":"Proyectos KA1\/KA2"}]},{"@type":"WebSite","@id":"https:\/\/monzon.salesianos.edu\/colegio\/#website","url":"https:\/\/monzon.salesianos.edu\/colegio\/","name":"Colegio Santo Domingo Savio","description":"P\u00e1gina oficial Salesianos Monz\u00f3n","potentialAction":[{"@type":"SearchAction","target":{"@type":"EntryPoint","urlTemplate":"https:\/\/monzon.salesianos.edu\/colegio\/?s={search_term_string}"},"query-input":{"@type":"PropertyValueSpecification","valueRequired":true,"valueName":"search_term_string"}}],"inLanguage":"es"}]}},"_links":{"self":[{"href":"https:\/\/monzon.salesianos.edu\/colegio\/wp-json\/wp\/v2\/pages\/12484","targetHints":{"allow":["GET"]}}],"collection":[{"href":"https:\/\/monzon.salesianos.edu\/colegio\/wp-json\/wp\/v2\/pages"}],"about":[{"href":"https:\/\/monzon.salesianos.edu\/colegio\/wp-json\/wp\/v2\/types\/page"}],"author":[{"embeddable":true,"href":"https:\/\/monzon.salesianos.edu\/colegio\/wp-json\/wp\/v2\/users\/8"}],"replies":[{"embeddable":true,"href":"https:\/\/monzon.salesianos.edu\/colegio\/wp-json\/wp\/v2\/comments?post=12484"}],"version-history":[{"count":6,"href":"https:\/\/monzon.salesianos.edu\/colegio\/wp-json\/wp\/v2\/pages\/12484\/revisions"}],"predecessor-version":[{"id":12600,"href":"https:\/\/monzon.salesianos.edu\/colegio\/wp-json\/wp\/v2\/pages\/12484\/revisions\/12600"}],"wp:attachment":[{"href":"https:\/\/monzon.salesianos.edu\/colegio\/wp-json\/wp\/v2\/media?parent=12484"}],"curies":[{"name":"wp","href":"https:\/\/api.w.org\/{rel}","templated":true}]}}