{"id":12475,"date":"2024-10-26T10:03:48","date_gmt":"2024-10-26T09:03:48","guid":{"rendered":"https:\/\/monzon.salesianos.edu\/colegio\/?page_id=12475"},"modified":"2024-11-11T14:13:22","modified_gmt":"2024-11-11T13:13:22","slug":"fp-dual","status":"publish","type":"page","link":"https:\/\/monzon.salesianos.edu\/colegio\/fp-dual\/","title":{"rendered":"FP Dual"},"content":{"rendered":"<p>[et_pb_section fb_built=\u00bb1&#8243; fullwidth=\u00bbon\u00bb _builder_version=\u00bb4.16&#8243; background_color=\u00bb#6aceb6&#8243; global_colors_info=\u00bb{}\u00bb][et_pb_fullwidth_header title=\u00bbFP Dual\u00bb _builder_version=\u00bb4.27.2&#8243; _module_preset=\u00bbdefault\u00bb title_font_size=\u00bb45px\u00bb use_background_color_gradient=\u00bbon\u00bb background_color_gradient_stops=\u00bb#e02b20 0%|#ffffff 100%\u00bb background_image=\u00bbhttps:\/\/monzon.salesianos.edu\/colegio\/wp-content\/uploads\/sites\/2\/2024\/06\/BANNER-4.jpg\u00bb background_enable_video_mp4=\u00bboff\u00bb text_shadow_style=\u00bbpreset1&#8243; global_colors_info=\u00bb{}\u00bb][\/et_pb_fullwidth_header][\/et_pb_section][et_pb_section fb_built=\u00bb1&#8243; module_class=\u00bbpagina-seccion-contenido\u00bb _builder_version=\u00bb4.16&#8243; custom_padding=\u00bb-4%|||\u00bb global_colors_info=\u00bb{}\u00bb][et_pb_row column_structure=\u00bb1_2,1_2&#8243; _builder_version=\u00bb4.27.2&#8243; _module_preset=\u00bbdefault\u00bb custom_padding=\u00bb||64px|||\u00bb global_colors_info=\u00bb{}\u00bb][et_pb_column type=\u00bb1_2&#8243; _builder_version=\u00bb4.27.2&#8243; _module_preset=\u00bbdefault\u00bb global_colors_info=\u00bb{}\u00bb][et_pb_text _builder_version=\u00bb4.27.2&#8243; _module_preset=\u00bbdefault\u00bb global_colors_info=\u00bb{}\u00bb custom_padding=\u00bb||0px|||\u00bb]<\/p>\n<blockquote>\n<p style=\"text-align: justify\">La Formaci\u00f3n Profesional Dual (FP Dual) es una modalidad de Formaci\u00f3n Profesional que se realiza en r\u00e9gimen de alternancia, semanas en Centro Educativo y otras en Empresa, o coexistencia, diariamente unas horas en la Empresa y otras en el Centro Educativo; entre el centro educativo y la empresa. La FP Dual permite al estudiante recibir una formaci\u00f3n en el centro educativo y al mismo tiempo poner en pr\u00e1ctica lo aprendido en un centro de trabajo.<\/p>\n<p style=\"text-align: justify\">Existe un contrato laboral entre alumno y empresa por lo que este recibe remuneraci\u00f3n de la empresa por trabajar y estudiar seg\u00fan el calendario y el programa formativo consensuado entre Empresa y Colegio.<\/p>\n<\/blockquote>\n<p>[\/et_pb_text][et_pb_text _builder_version=\u00bb4.27.2&#8243; _module_preset=\u00bbdefault\u00bb global_colors_info=\u00bb{}\u00bb]<\/p>\n<h1 style=\"text-align: center\">Las empresas pueden solicitar informaci\u00f3n sobre la Formaci\u00f3n Profesional Dual a trav\u00e9s del siguiente cuestionario:<\/h1>\n<p>[\/et_pb_text][et_pb_button button_url=\u00bbhttps:\/\/forms.gle\/nLxG7h3tjzgiWCZUA\u00bb button_text=\u00bbSolicitar informaci\u00f3n sobre FP Dual\u00bb button_alignment=\u00bbcenter\u00bb _builder_version=\u00bb4.27.2&#8243; custom_button=\u00bbon\u00bb button_text_color=\u00bb#ffffff\u00bb button_bg_color=\u00bb#e02b20&#8243; button_border_color=\u00bb#e02b20&#8243; button_border_radius=\u00bb8px\u00bb button_font=\u00bb||||||||\u00bb button_icon=\u00bb&#xf044;||fa||900&#8243; button_icon_color=\u00bb#FFFFFF\u00bb button_icon_placement=\u00bbleft\u00bb global_colors_info=\u00bb{}\u00bb][\/et_pb_button][\/et_pb_column][et_pb_column type=\u00bb1_2&#8243; _builder_version=\u00bb4.27.2&#8243; _module_preset=\u00bbdefault\u00bb global_colors_info=\u00bb{}\u00bb][et_pb_testimonial author=\u00bbDiego Bardaj\u00ed\u00bb job_title=\u00bbGS Construcciones Met\u00e1licas\u00bb portrait_url=\u00bbhttps:\/\/monzon.salesianos.edu\/colegio\/wp-content\/uploads\/sites\/2\/2024\/11\/BARDAJI-FP-DUAL-1.jpeg\u00bb _builder_version=\u00bb4.27.2&#8243; hover_enabled=\u00bb0&#8243; border_radii_portrait=\u00bbon|95px|95px|95px|95px\u00bb global_colors_info=\u00bb{}\u00bb author_font=\u00bb|700|on||||||\u00bb author_text_color=\u00bb#dc001b\u00bb position_font=\u00bb||on||||||\u00bb position_text_color=\u00bb#E02B20&#8243; sticky_enabled=\u00bb0&#8243;]<\/p>\n<p style=\"text-align: justify\">Para m\u00ed, la <span style=\"color: #dc001b\"><strong>FP Dual<\/strong><\/span> ha supuesto un cambio muy positivo, ya que no solo implica mucha responsabilidad y esfuerzo, sino que tambi\u00e9n brinda una experiencia educativa completa. En este sistema, trabajamos cinco horas al d\u00eda y luego dedicamos otras tres al estudio, lo que nos permite realizar una jornada completa en la que combinamos teor\u00eda y pr\u00e1ctica. Aunque puede ser exigente y a veces resulte duro mantener el ritmo, con constancia y dedicaci\u00f3n, los resultados son realmente satisfactorios.<\/p>\n<p style=\"text-align: justify\">La <span style=\"color: #dc001b\"><strong>FP Dual<\/strong><\/span> es una <span style=\"color: #dc001b\"><strong>gran oportunidad<\/strong><\/span>, porque trabajar mientras aprendes permite absorber <span style=\"color: #dc001b\"><strong>conocimientos de una manera mucho m\u00e1s pr\u00e1ctica y realista<\/strong><\/span>. La experiencia que obtienes en un entorno laboral es invaluable, y se siente muy gratificante poder aportar y ser productivo desde temprano. Personalmente, la recomiendo mucho, ya que, adem\u00e1s de adquirir conocimientos, tambi\u00e9n puedes ganar algo de dinero y sumar experiencia profesional en el \u00e1rea que te interesa.<\/p>\n<p style=\"text-align: justify\">En definitiva, <span style=\"color: #dc001b\"><strong>es una modalidad que abre muchas puertas<\/strong><\/span> y que, con esfuerzo y determinaci\u00f3n, te acerca un poco m\u00e1s a <span style=\"color: #dc001b\"><strong>tus metas profesionales<\/strong><\/span>.<\/p>\n<p>[\/et_pb_testimonial][\/et_pb_column][\/et_pb_row][\/et_pb_section]<\/p>\n","protected":false},"excerpt":{"rendered":"<p>La Formaci\u00f3n Profesional Dual (FP Dual) es una modalidad de Formaci\u00f3n Profesional que se realiza en r\u00e9gimen de alternancia, semanas en Centro Educativo y otras en Empresa, o coexistencia, diariamente unas horas en la Empresa y otras en el Centro Educativo; entre el centro educativo y la empresa. La FP Dual permite al estudiante recibir [&hellip;]<\/p>\n","protected":false},"author":8,"featured_media":0,"parent":0,"menu_order":0,"comment_status":"closed","ping_status":"closed","template":"","meta":{"_et_pb_use_builder":"on","_et_pb_old_content":"","_et_gb_content_width":"","footnotes":""},"class_list":["post-12475","page","type-page","status-publish","hentry"],"yoast_head":"<!-- This site is optimized with the Yoast SEO plugin v27.4 - https:\/\/yoast.com\/product\/yoast-seo-wordpress\/ -->\n<title>FP Dual - Colegio Santo Domingo Savio<\/title>\n<meta name=\"robots\" content=\"index, follow, max-snippet:-1, max-image-preview:large, max-video-preview:-1\" \/>\n<link rel=\"canonical\" href=\"https:\/\/monzon.salesianos.edu\/colegio\/fp-dual\/\" \/>\n<meta property=\"og:locale\" content=\"es_ES\" \/>\n<meta property=\"og:type\" content=\"article\" \/>\n<meta property=\"og:title\" content=\"FP Dual - Colegio Santo Domingo Savio\" \/>\n<meta property=\"og:description\" content=\"La Formaci\u00f3n Profesional Dual (FP Dual) es una modalidad de Formaci\u00f3n Profesional que se realiza en r\u00e9gimen de alternancia, semanas en Centro Educativo y otras en Empresa, o coexistencia, diariamente unas horas en la Empresa y otras en el Centro Educativo; entre el centro educativo y la empresa. La FP Dual permite al estudiante recibir [&hellip;]\" \/>\n<meta property=\"og:url\" content=\"https:\/\/monzon.salesianos.edu\/colegio\/fp-dual\/\" \/>\n<meta property=\"og:site_name\" content=\"Colegio Santo Domingo Savio\" \/>\n<meta property=\"article:modified_time\" content=\"2024-11-11T13:13:22+00:00\" \/>\n<meta name=\"twitter:card\" content=\"summary_large_image\" \/>\n<meta name=\"twitter:label1\" content=\"Tiempo de lectura\" \/>\n\t<meta name=\"twitter:data1\" content=\"1 minuto\" \/>\n<script type=\"application\/ld+json\" class=\"yoast-schema-graph\">{\"@context\":\"https:\\\/\\\/schema.org\",\"@graph\":[{\"@type\":\"WebPage\",\"@id\":\"https:\\\/\\\/monzon.salesianos.edu\\\/colegio\\\/fp-dual\\\/\",\"url\":\"https:\\\/\\\/monzon.salesianos.edu\\\/colegio\\\/fp-dual\\\/\",\"name\":\"FP Dual - Colegio Santo Domingo Savio\",\"isPartOf\":{\"@id\":\"https:\\\/\\\/monzon.salesianos.edu\\\/colegio\\\/#website\"},\"datePublished\":\"2024-10-26T09:03:48+00:00\",\"dateModified\":\"2024-11-11T13:13:22+00:00\",\"breadcrumb\":{\"@id\":\"https:\\\/\\\/monzon.salesianos.edu\\\/colegio\\\/fp-dual\\\/#breadcrumb\"},\"inLanguage\":\"es\",\"potentialAction\":[{\"@type\":\"ReadAction\",\"target\":[\"https:\\\/\\\/monzon.salesianos.edu\\\/colegio\\\/fp-dual\\\/\"]}]},{\"@type\":\"BreadcrumbList\",\"@id\":\"https:\\\/\\\/monzon.salesianos.edu\\\/colegio\\\/fp-dual\\\/#breadcrumb\",\"itemListElement\":[{\"@type\":\"ListItem\",\"position\":1,\"name\":\"Portada\",\"item\":\"https:\\\/\\\/monzon.salesianos.edu\\\/colegio\\\/\"},{\"@type\":\"ListItem\",\"position\":2,\"name\":\"FP Dual\"}]},{\"@type\":\"WebSite\",\"@id\":\"https:\\\/\\\/monzon.salesianos.edu\\\/colegio\\\/#website\",\"url\":\"https:\\\/\\\/monzon.salesianos.edu\\\/colegio\\\/\",\"name\":\"Colegio Santo Domingo Savio\",\"description\":\"P\u00e1gina oficial Salesianos Monz\u00f3n\",\"potentialAction\":[{\"@type\":\"SearchAction\",\"target\":{\"@type\":\"EntryPoint\",\"urlTemplate\":\"https:\\\/\\\/monzon.salesianos.edu\\\/colegio\\\/?s={search_term_string}\"},\"query-input\":{\"@type\":\"PropertyValueSpecification\",\"valueRequired\":true,\"valueName\":\"search_term_string\"}}],\"inLanguage\":\"es\"}]}<\/script>\n<!-- \/ Yoast SEO plugin. -->","yoast_head_json":{"title":"FP Dual - Colegio Santo Domingo Savio","robots":{"index":"index","follow":"follow","max-snippet":"max-snippet:-1","max-image-preview":"max-image-preview:large","max-video-preview":"max-video-preview:-1"},"canonical":"https:\/\/monzon.salesianos.edu\/colegio\/fp-dual\/","og_locale":"es_ES","og_type":"article","og_title":"FP Dual - Colegio Santo Domingo Savio","og_description":"La Formaci\u00f3n Profesional Dual (FP Dual) es una modalidad de Formaci\u00f3n Profesional que se realiza en r\u00e9gimen de alternancia, semanas en Centro Educativo y otras en Empresa, o coexistencia, diariamente unas horas en la Empresa y otras en el Centro Educativo; entre el centro educativo y la empresa. La FP Dual permite al estudiante recibir [&hellip;]","og_url":"https:\/\/monzon.salesianos.edu\/colegio\/fp-dual\/","og_site_name":"Colegio Santo Domingo Savio","article_modified_time":"2024-11-11T13:13:22+00:00","twitter_card":"summary_large_image","twitter_misc":{"Tiempo de lectura":"1 minuto"},"schema":{"@context":"https:\/\/schema.org","@graph":[{"@type":"WebPage","@id":"https:\/\/monzon.salesianos.edu\/colegio\/fp-dual\/","url":"https:\/\/monzon.salesianos.edu\/colegio\/fp-dual\/","name":"FP Dual - Colegio Santo Domingo Savio","isPartOf":{"@id":"https:\/\/monzon.salesianos.edu\/colegio\/#website"},"datePublished":"2024-10-26T09:03:48+00:00","dateModified":"2024-11-11T13:13:22+00:00","breadcrumb":{"@id":"https:\/\/monzon.salesianos.edu\/colegio\/fp-dual\/#breadcrumb"},"inLanguage":"es","potentialAction":[{"@type":"ReadAction","target":["https:\/\/monzon.salesianos.edu\/colegio\/fp-dual\/"]}]},{"@type":"BreadcrumbList","@id":"https:\/\/monzon.salesianos.edu\/colegio\/fp-dual\/#breadcrumb","itemListElement":[{"@type":"ListItem","position":1,"name":"Portada","item":"https:\/\/monzon.salesianos.edu\/colegio\/"},{"@type":"ListItem","position":2,"name":"FP Dual"}]},{"@type":"WebSite","@id":"https:\/\/monzon.salesianos.edu\/colegio\/#website","url":"https:\/\/monzon.salesianos.edu\/colegio\/","name":"Colegio Santo Domingo Savio","description":"P\u00e1gina oficial Salesianos Monz\u00f3n","potentialAction":[{"@type":"SearchAction","target":{"@type":"EntryPoint","urlTemplate":"https:\/\/monzon.salesianos.edu\/colegio\/?s={search_term_string}"},"query-input":{"@type":"PropertyValueSpecification","valueRequired":true,"valueName":"search_term_string"}}],"inLanguage":"es"}]}},"_links":{"self":[{"href":"https:\/\/monzon.salesianos.edu\/colegio\/wp-json\/wp\/v2\/pages\/12475","targetHints":{"allow":["GET"]}}],"collection":[{"href":"https:\/\/monzon.salesianos.edu\/colegio\/wp-json\/wp\/v2\/pages"}],"about":[{"href":"https:\/\/monzon.salesianos.edu\/colegio\/wp-json\/wp\/v2\/types\/page"}],"author":[{"embeddable":true,"href":"https:\/\/monzon.salesianos.edu\/colegio\/wp-json\/wp\/v2\/users\/8"}],"replies":[{"embeddable":true,"href":"https:\/\/monzon.salesianos.edu\/colegio\/wp-json\/wp\/v2\/comments?post=12475"}],"version-history":[{"count":9,"href":"https:\/\/monzon.salesianos.edu\/colegio\/wp-json\/wp\/v2\/pages\/12475\/revisions"}],"predecessor-version":[{"id":12587,"href":"https:\/\/monzon.salesianos.edu\/colegio\/wp-json\/wp\/v2\/pages\/12475\/revisions\/12587"}],"wp:attachment":[{"href":"https:\/\/monzon.salesianos.edu\/colegio\/wp-json\/wp\/v2\/media?parent=12475"}],"curies":[{"name":"wp","href":"https:\/\/api.w.org\/{rel}","templated":true}]}}