{"id":12446,"date":"2024-10-26T10:02:30","date_gmt":"2024-10-26T09:02:30","guid":{"rendered":"https:\/\/monzon.salesianos.edu\/colegio\/?page_id=12446"},"modified":"2024-11-19T13:02:39","modified_gmt":"2024-11-19T12:02:39","slug":"fct-2","status":"publish","type":"page","link":"https:\/\/monzon.salesianos.edu\/colegio\/fct-2\/","title":{"rendered":"FCT"},"content":{"rendered":"<p>[et_pb_section fb_built=\u00bb1&#8243; fullwidth=\u00bbon\u00bb _builder_version=\u00bb4.16&#8243; background_color=\u00bb#6aceb6&#8243; global_colors_info=\u00bb{}\u00bb][et_pb_fullwidth_header title=\u00bbFCT\u00bb _builder_version=\u00bb4.27.2&#8243; _module_preset=\u00bbdefault\u00bb title_font_size=\u00bb45px\u00bb use_background_color_gradient=\u00bbon\u00bb background_color_gradient_stops=\u00bb#e02b20 0%|#ffffff 100%\u00bb background_image=\u00bbhttps:\/\/monzon.salesianos.edu\/colegio\/wp-content\/uploads\/sites\/2\/2024\/06\/BANNER-4.jpg\u00bb background_enable_video_mp4=\u00bboff\u00bb text_shadow_style=\u00bbpreset1&#8243; global_colors_info=\u00bb{}\u00bb][\/et_pb_fullwidth_header][\/et_pb_section][et_pb_section fb_built=\u00bb1&#8243; module_class=\u00bbpagina-seccion-contenido\u00bb _builder_version=\u00bb4.16&#8243; custom_padding=\u00bb-4%|||\u00bb global_colors_info=\u00bb{}\u00bb][et_pb_row column_structure=\u00bb1_2,1_2&#8243; _builder_version=\u00bb4.27.2&#8243; _module_preset=\u00bbdefault\u00bb custom_padding=\u00bb||64px|||\u00bb global_colors_info=\u00bb{}\u00bb][et_pb_column type=\u00bb1_2&#8243; _builder_version=\u00bb4.27.2&#8243; _module_preset=\u00bbdefault\u00bb global_colors_info=\u00bb{}\u00bb][et_pb_text _builder_version=\u00bb4.27.2&#8243; _module_preset=\u00bbdefault\u00bb global_colors_info=\u00bb{}\u00bb]<\/p>\n<blockquote>\n<p style=\"text-align: justify\">La Formaci\u00f3n en Centros de Trabajo (FCT) es el m\u00f3dulo que los alumnos cursan al final de sus estudios de Formaci\u00f3n Profesional y que se lleva a cabo gracias a la colaboraci\u00f3n de las Empresas, pues se desarrolla en su totalidad en ellas seg\u00fan un calendario consensuado. Los periodos pueden variar de septiembre a diciembre o de marzo a junio.<\/p>\n<p style=\"text-align: justify\">Los alumnos de todos los ciclos formativos de Formaci\u00f3n Profesional B\u00e1sica, Grado Medio y Superior del Colegio Salesiano Santo Domingo Savio de Monz\u00f3n, cursan el m\u00f3dulo FCT.<\/p>\n<\/blockquote>\n<p>[\/et_pb_text][et_pb_text _builder_version=\u00bb4.27.2&#8243; _module_preset=\u00bbdefault\u00bb global_colors_info=\u00bb{}\u00bb]<\/p>\n<blockquote>\n<p style=\"text-align: justify\">Los alumnos de primer curso de Grado Medio y Superior, realizan la Formaci\u00f3n en Empresas u Organismos Equivalentes (FEM) en el mes de febrero y que se lleva a cabo gracias a la colaboraci\u00f3n de las Empresas. (novedad curso 2024\/2025)<\/p>\n<\/blockquote>\n<p>[\/et_pb_text][et_pb_text _builder_version=\u00bb4.27.2&#8243; _module_preset=\u00bbdefault\u00bb global_colors_info=\u00bb{}\u00bb]<\/p>\n<h1 style=\"text-align: center\">Las empresas pueden solicitar informaci\u00f3n sobre las pr\u00e1cticas en empresa de nuestros alumnos a trav\u00e9s del siguiente cuestionario:<\/h1>\n<p>[\/et_pb_text][et_pb_button button_url=\u00bbhttps:\/\/forms.gle\/Gu3cn9wWuWViPpTZA\u00bb button_text=\u00bbSolicitar informaci\u00f3n sobre pr\u00e1cticas en empresa \u00bb button_alignment=\u00bbcenter\u00bb _builder_version=\u00bb4.27.2&#8243; custom_button=\u00bbon\u00bb button_text_color=\u00bb#ffffff\u00bb button_bg_color=\u00bb#e02b20&#8243; button_border_color=\u00bb#e02b20&#8243; button_border_radius=\u00bb8px\u00bb button_font=\u00bb||||||||\u00bb button_icon=\u00bb&#xf044;||fa||900&#8243; button_icon_color=\u00bb#FFFFFF\u00bb button_icon_placement=\u00bbleft\u00bb global_colors_info=\u00bb{}\u00bb][\/et_pb_button][\/et_pb_column][et_pb_column type=\u00bb1_2&#8243; _builder_version=\u00bb4.27.2&#8243; _module_preset=\u00bbdefault\u00bb global_colors_info=\u00bb{}\u00bb][et_pb_testimonial author=\u00bbManuel Villar\u00bb job_title=\u00bbGS Automatizaci\u00f3n y Rob\u00f3tica\u00bb portrait_url=\u00bbhttps:\/\/monzon.salesianos.edu\/colegio\/wp-content\/uploads\/sites\/2\/2024\/11\/VILLAR-FCT.jpeg\u00bb _builder_version=\u00bb4.27.2&#8243; author_font=\u00bb|700|on||||||\u00bb author_text_color=\u00bb#dc001b\u00bb position_font=\u00bb||on||||||\u00bb position_text_color=\u00bb#dc001b\u00bb global_colors_info=\u00bb{}\u00bb]<\/p>\n<p style=\"text-align: justify\">Para m\u00ed,<span style=\"color: #dc001b\"> <strong>estas pr\u00e1cticas han sido un aut\u00e9ntico reto y una oportunidad de crecimiento personal<\/strong><\/span>. Gracias a ellas, he aprendido a gestionar mi tiempo, a organizarme mejor y a aplicar mis conocimientos en situaciones reales de trabajo. Adem\u00e1s, la experiencia de formar parte de un equipo y asumir responsabilidades me ha permitido <span style=\"color: #dc001b\"><strong>desarrollar habilidades que dif\u00edcilmente se adquieren en el aula<\/strong><\/span>, como la adaptabilidad y el compromiso. Recomiendo estas pr\u00e1cticas a todos los estudiantes, ya que ofrecen una visi\u00f3n invaluable de lo que significa trabajar y aprender en un entorno profesional.<\/p>\n<p>[\/et_pb_testimonial][\/et_pb_column][\/et_pb_row][\/et_pb_section]<\/p>\n","protected":false},"excerpt":{"rendered":"<p>La Formaci\u00f3n en Centros de Trabajo (FCT) es el m\u00f3dulo que los alumnos cursan al final de sus estudios de Formaci\u00f3n Profesional y que se lleva a cabo gracias a la colaboraci\u00f3n de las Empresas, pues se desarrolla en su totalidad en ellas seg\u00fan un calendario consensuado. Los periodos pueden variar de septiembre a diciembre [&hellip;]<\/p>\n","protected":false},"author":8,"featured_media":0,"parent":0,"menu_order":0,"comment_status":"closed","ping_status":"closed","template":"","meta":{"_et_pb_use_builder":"on","_et_pb_old_content":"","_et_gb_content_width":"","footnotes":""},"class_list":["post-12446","page","type-page","status-publish","hentry"],"yoast_head":"<!-- This site is optimized with the Yoast SEO plugin v27.4 - https:\/\/yoast.com\/product\/yoast-seo-wordpress\/ -->\n<title>FCT - Colegio Santo Domingo Savio<\/title>\n<meta name=\"robots\" content=\"index, follow, max-snippet:-1, max-image-preview:large, max-video-preview:-1\" \/>\n<link rel=\"canonical\" href=\"https:\/\/monzon.salesianos.edu\/colegio\/fct-2\/\" \/>\n<meta property=\"og:locale\" content=\"es_ES\" \/>\n<meta property=\"og:type\" content=\"article\" \/>\n<meta property=\"og:title\" content=\"FCT - Colegio Santo Domingo Savio\" \/>\n<meta property=\"og:description\" content=\"La Formaci\u00f3n en Centros de Trabajo (FCT) es el m\u00f3dulo que los alumnos cursan al final de sus estudios de Formaci\u00f3n Profesional y que se lleva a cabo gracias a la colaboraci\u00f3n de las Empresas, pues se desarrolla en su totalidad en ellas seg\u00fan un calendario consensuado. Los periodos pueden variar de septiembre a diciembre [&hellip;]\" \/>\n<meta property=\"og:url\" content=\"https:\/\/monzon.salesianos.edu\/colegio\/fct-2\/\" \/>\n<meta property=\"og:site_name\" content=\"Colegio Santo Domingo Savio\" \/>\n<meta property=\"article:modified_time\" content=\"2024-11-19T12:02:39+00:00\" \/>\n<meta name=\"twitter:card\" content=\"summary_large_image\" \/>\n<meta name=\"twitter:label1\" content=\"Tiempo de lectura\" \/>\n\t<meta name=\"twitter:data1\" content=\"1 minuto\" \/>\n<script type=\"application\/ld+json\" class=\"yoast-schema-graph\">{\"@context\":\"https:\\\/\\\/schema.org\",\"@graph\":[{\"@type\":\"WebPage\",\"@id\":\"https:\\\/\\\/monzon.salesianos.edu\\\/colegio\\\/fct-2\\\/\",\"url\":\"https:\\\/\\\/monzon.salesianos.edu\\\/colegio\\\/fct-2\\\/\",\"name\":\"FCT - Colegio Santo Domingo Savio\",\"isPartOf\":{\"@id\":\"https:\\\/\\\/monzon.salesianos.edu\\\/colegio\\\/#website\"},\"datePublished\":\"2024-10-26T09:02:30+00:00\",\"dateModified\":\"2024-11-19T12:02:39+00:00\",\"breadcrumb\":{\"@id\":\"https:\\\/\\\/monzon.salesianos.edu\\\/colegio\\\/fct-2\\\/#breadcrumb\"},\"inLanguage\":\"es\",\"potentialAction\":[{\"@type\":\"ReadAction\",\"target\":[\"https:\\\/\\\/monzon.salesianos.edu\\\/colegio\\\/fct-2\\\/\"]}]},{\"@type\":\"BreadcrumbList\",\"@id\":\"https:\\\/\\\/monzon.salesianos.edu\\\/colegio\\\/fct-2\\\/#breadcrumb\",\"itemListElement\":[{\"@type\":\"ListItem\",\"position\":1,\"name\":\"Portada\",\"item\":\"https:\\\/\\\/monzon.salesianos.edu\\\/colegio\\\/\"},{\"@type\":\"ListItem\",\"position\":2,\"name\":\"FCT\"}]},{\"@type\":\"WebSite\",\"@id\":\"https:\\\/\\\/monzon.salesianos.edu\\\/colegio\\\/#website\",\"url\":\"https:\\\/\\\/monzon.salesianos.edu\\\/colegio\\\/\",\"name\":\"Colegio Santo Domingo Savio\",\"description\":\"P\u00e1gina oficial Salesianos Monz\u00f3n\",\"potentialAction\":[{\"@type\":\"SearchAction\",\"target\":{\"@type\":\"EntryPoint\",\"urlTemplate\":\"https:\\\/\\\/monzon.salesianos.edu\\\/colegio\\\/?s={search_term_string}\"},\"query-input\":{\"@type\":\"PropertyValueSpecification\",\"valueRequired\":true,\"valueName\":\"search_term_string\"}}],\"inLanguage\":\"es\"}]}<\/script>\n<!-- \/ Yoast SEO plugin. -->","yoast_head_json":{"title":"FCT - Colegio Santo Domingo Savio","robots":{"index":"index","follow":"follow","max-snippet":"max-snippet:-1","max-image-preview":"max-image-preview:large","max-video-preview":"max-video-preview:-1"},"canonical":"https:\/\/monzon.salesianos.edu\/colegio\/fct-2\/","og_locale":"es_ES","og_type":"article","og_title":"FCT - Colegio Santo Domingo Savio","og_description":"La Formaci\u00f3n en Centros de Trabajo (FCT) es el m\u00f3dulo que los alumnos cursan al final de sus estudios de Formaci\u00f3n Profesional y que se lleva a cabo gracias a la colaboraci\u00f3n de las Empresas, pues se desarrolla en su totalidad en ellas seg\u00fan un calendario consensuado. Los periodos pueden variar de septiembre a diciembre [&hellip;]","og_url":"https:\/\/monzon.salesianos.edu\/colegio\/fct-2\/","og_site_name":"Colegio Santo Domingo Savio","article_modified_time":"2024-11-19T12:02:39+00:00","twitter_card":"summary_large_image","twitter_misc":{"Tiempo de lectura":"1 minuto"},"schema":{"@context":"https:\/\/schema.org","@graph":[{"@type":"WebPage","@id":"https:\/\/monzon.salesianos.edu\/colegio\/fct-2\/","url":"https:\/\/monzon.salesianos.edu\/colegio\/fct-2\/","name":"FCT - Colegio Santo Domingo Savio","isPartOf":{"@id":"https:\/\/monzon.salesianos.edu\/colegio\/#website"},"datePublished":"2024-10-26T09:02:30+00:00","dateModified":"2024-11-19T12:02:39+00:00","breadcrumb":{"@id":"https:\/\/monzon.salesianos.edu\/colegio\/fct-2\/#breadcrumb"},"inLanguage":"es","potentialAction":[{"@type":"ReadAction","target":["https:\/\/monzon.salesianos.edu\/colegio\/fct-2\/"]}]},{"@type":"BreadcrumbList","@id":"https:\/\/monzon.salesianos.edu\/colegio\/fct-2\/#breadcrumb","itemListElement":[{"@type":"ListItem","position":1,"name":"Portada","item":"https:\/\/monzon.salesianos.edu\/colegio\/"},{"@type":"ListItem","position":2,"name":"FCT"}]},{"@type":"WebSite","@id":"https:\/\/monzon.salesianos.edu\/colegio\/#website","url":"https:\/\/monzon.salesianos.edu\/colegio\/","name":"Colegio Santo Domingo Savio","description":"P\u00e1gina oficial Salesianos Monz\u00f3n","potentialAction":[{"@type":"SearchAction","target":{"@type":"EntryPoint","urlTemplate":"https:\/\/monzon.salesianos.edu\/colegio\/?s={search_term_string}"},"query-input":{"@type":"PropertyValueSpecification","valueRequired":true,"valueName":"search_term_string"}}],"inLanguage":"es"}]}},"_links":{"self":[{"href":"https:\/\/monzon.salesianos.edu\/colegio\/wp-json\/wp\/v2\/pages\/12446","targetHints":{"allow":["GET"]}}],"collection":[{"href":"https:\/\/monzon.salesianos.edu\/colegio\/wp-json\/wp\/v2\/pages"}],"about":[{"href":"https:\/\/monzon.salesianos.edu\/colegio\/wp-json\/wp\/v2\/types\/page"}],"author":[{"embeddable":true,"href":"https:\/\/monzon.salesianos.edu\/colegio\/wp-json\/wp\/v2\/users\/8"}],"replies":[{"embeddable":true,"href":"https:\/\/monzon.salesianos.edu\/colegio\/wp-json\/wp\/v2\/comments?post=12446"}],"version-history":[{"count":9,"href":"https:\/\/monzon.salesianos.edu\/colegio\/wp-json\/wp\/v2\/pages\/12446\/revisions"}],"predecessor-version":[{"id":12595,"href":"https:\/\/monzon.salesianos.edu\/colegio\/wp-json\/wp\/v2\/pages\/12446\/revisions\/12595"}],"wp:attachment":[{"href":"https:\/\/monzon.salesianos.edu\/colegio\/wp-json\/wp\/v2\/media?parent=12446"}],"curies":[{"name":"wp","href":"https:\/\/api.w.org\/{rel}","templated":true}]}}