{"id":11986,"date":"2024-10-26T09:52:15","date_gmt":"2024-10-26T08:52:15","guid":{"rendered":"https:\/\/monzon.salesianos.edu\/colegio\/?page_id=11986"},"modified":"2025-01-10T12:38:36","modified_gmt":"2025-01-10T11:38:36","slug":"colaboracion-y-rsc","status":"publish","type":"page","link":"https:\/\/monzon.salesianos.edu\/colegio\/colaboracion-y-rsc\/","title":{"rendered":"Colaboraci\u00f3n y RSC"},"content":{"rendered":"<p>[et_pb_section fb_built=\u00bb1&#8243; fullwidth=\u00bbon\u00bb _builder_version=\u00bb4.16&#8243; background_color=\u00bb#6aceb6&#8243; global_colors_info=\u00bb{}\u00bb][et_pb_fullwidth_header title=\u00bbColaboraci\u00f3n y RSC\u00bb _builder_version=\u00bb4.27.2&#8243; _module_preset=\u00bbdefault\u00bb title_font_size=\u00bb45px\u00bb use_background_color_gradient=\u00bbon\u00bb background_color_gradient_stops=\u00bb#e02b20 0%|#ffffff 100%\u00bb background_image=\u00bbhttps:\/\/monzon.salesianos.edu\/colegio\/wp-content\/uploads\/sites\/2\/2024\/06\/BANNER-4.jpg\u00bb background_enable_video_mp4=\u00bboff\u00bb text_shadow_style=\u00bbpreset1&#8243; global_colors_info=\u00bb{}\u00bb][\/et_pb_fullwidth_header][\/et_pb_section][et_pb_section fb_built=\u00bb1&#8243; module_class=\u00bbpagina-seccion-contenido\u00bb _builder_version=\u00bb4.16&#8243; custom_padding=\u00bb-4%|||\u00bb global_colors_info=\u00bb{}\u00bb][et_pb_row _builder_version=\u00bb4.23.1&#8243; _module_preset=\u00bbdefault\u00bb global_colors_info=\u00bb{}\u00bb][et_pb_column type=\u00bb4_4&#8243; _builder_version=\u00bb4.23.1&#8243; _module_preset=\u00bbdefault\u00bb global_colors_info=\u00bb{}\u00bb][et_pb_text _builder_version=\u00bb4.23.1&#8243; _module_preset=\u00bbdefault\u00bb global_colors_info=\u00bb{}\u00bb]<\/p>\n<blockquote>\n<h1 style=\"text-align: center\">El futuro no se prev\u00e9, se prepara. Al acompa\u00f1ar a los estudiantes en su educaci\u00f3n y orientaci\u00f3n, preparamos nuestras empresas del ma\u00f1ana.<\/h1>\n<\/blockquote>\n<p>[\/et_pb_text][\/et_pb_column][\/et_pb_row][et_pb_row _builder_version=\u00bb4.23.1&#8243; _module_preset=\u00bbdefault\u00bb global_colors_info=\u00bb{}\u00bb][et_pb_column type=\u00bb4_4&#8243; _builder_version=\u00bb4.23.1&#8243; _module_preset=\u00bbdefault\u00bb global_colors_info=\u00bb{}\u00bb][et_pb_text _builder_version=\u00bb4.27.2&#8243; _module_preset=\u00bbdefault\u00bb global_colors_info=\u00bb{}\u00bb]<\/p>\n<h2 style=\"text-align: center\">Si quiere colaborar con nosotros, ponte en contacto con <a href=\"mailto:escuelaempresa.monzon@salesianos.org\">escuelaempresa.monzon@salesianos.org<\/a><\/h2>\n<p>[\/et_pb_text][\/et_pb_column][\/et_pb_row][et_pb_row column_structure=\u00bb3_5,2_5&#8243; _builder_version=\u00bb4.23.1&#8243; _module_preset=\u00bbdefault\u00bb global_colors_info=\u00bb{}\u00bb][et_pb_column type=\u00bb3_5&#8243; _builder_version=\u00bb4.23.1&#8243; _module_preset=\u00bbdefault\u00bb global_colors_info=\u00bb{}\u00bb][et_pb_text _builder_version=\u00bb4.27.4&#8243; _module_preset=\u00bbdefault\u00bb border_width_right=\u00bb3px\u00bb border_color_right=\u00bb#E02B20&#8243; global_colors_info=\u00bb{}\u00bb]<\/p>\n<p><strong>A trav\u00e9s de convenios de financiaci\u00f3n o donaci\u00f3n, las empresas pueden colaborar con Salesianos Monz\u00f3n. Algunos ejemplos de colaboraci\u00f3n pueden ser:<\/strong><\/p>\n<ul>\n<li><a href=\"mailto:%20escuelaempresa.monzon@salesianos.org\"><strong>Convenio de formaci\u00f3n y proyectos.<\/strong><\/a><\/li>\n<li><a href=\"mailto:escuelaempresa.monzon@salesianos.org\"><strong>Convenio de financiaci\u00f3n de materiales o aulas.<\/strong><\/a><\/li>\n<li><a href=\"mailto:escuelaempresa.monzon@salesianos.org\"><strong>Convenio de reutilizaci\u00f3n de ciertas m\u00e1quinas o materiales.<\/strong><\/a><\/li>\n<li><a href=\"mailto:escuelaempresa.monzon@salesianos.org\"><strong>Donaci\u00f3n de material, instrumentos o maquinaria<\/strong><\/a><\/li>\n<li><a href=\"https:\/\/monzon.salesianos.edu\/colegio\/alquiler-instalaciones\/\"><strong>Alquiler de espacios<\/strong><\/a><\/li>\n<li><a href=\"https:\/\/monzon.salesianos.edu\/colegio\/formacion-presencial\/\"><strong>Cursos a medida\u00a0<\/strong><\/a><\/li>\n<\/ul>\n<p><strong>Ventajas para las empresas<\/strong><\/p>\n<ul>\n<li>Fidelizaci\u00f3n: mejora la imagen de la empresa y su marca, y estrecha los v\u00ednculos con sus clientes, proveedores y socios.<\/li>\n<li>Atracci\u00f3n y retenci\u00f3n de talento.<\/li>\n<li>Contacto con los estudiantes que ser\u00e1n los trabajadores de ma\u00f1ana<\/li>\n<\/ul>\n<p><strong>Actividades de sensibilizaci\u00f3n variadas<\/strong><\/p>\n<p>Estas actividades est\u00e1n destinadas a desarrollar el inter\u00e9s de los para ayudarlos en su proyecto o a elegir su orientaci\u00f3n profesional.<\/p>\n<ul>\n<li>Visitas a empresas o exposiciones.<\/li>\n<li>Intervenciones de profesionales en las clases.<\/li>\n<li>Participaci\u00f3n en concursos y premios.<\/li>\n<li>Participaci\u00f3n en ferias de empleo y FP Dual.<\/li>\n<\/ul>\n<p>&nbsp;<\/p>\n<p><strong>Actividades Escuela-Empresa<\/strong><\/p>\n<p><strong>Semana T\u00e9cnica:<\/strong> Naci\u00f3 del deseo de acercar el mundo educativo al de la empresa. Todo ello con el fin de preparar la integraci\u00f3n de los j\u00f3venes en el mundo laboral. Su prop\u00f3sito es que los estudiantes descubran el mundo de la empresa desde un prisma diferente. Esta semana de descubrimiento permite a los estudiantes informarse y tener una visi\u00f3n m\u00e1s clara de c\u00f3mo funciona una empresa.<\/p>\n<p><strong>Programa Con\u00f3cenos<\/strong>: Programa de la Asociaci\u00f3n de Empresarios de La Litera que permite acercar las empresas a los centros educativos.<\/p>\n<p>[\/et_pb_text][\/et_pb_column][et_pb_column type=\u00bb2_5&#8243; _builder_version=\u00bb4.23.1&#8243; _module_preset=\u00bbdefault\u00bb global_colors_info=\u00bb{}\u00bb][et_pb_blog posts_number=\u00bb3&#8243; include_categories=\u00bb37&#8243; _builder_version=\u00bb4.27.4&#8243; _module_preset=\u00bbdefault\u00bb border_width_all_fullwidth=\u00bb1px\u00bb border_color_all_fullwidth=\u00bb#E02B20&#8243; global_colors_info=\u00bb{}\u00bb][\/et_pb_blog][\/et_pb_column][\/et_pb_row][\/et_pb_section]<\/p>\n","protected":false},"excerpt":{"rendered":"<p>El futuro no se prev\u00e9, se prepara. Al acompa\u00f1ar a los estudiantes en su educaci\u00f3n y orientaci\u00f3n, preparamos nuestras empresas del ma\u00f1ana. Si quiere colaborar con nosotros, ponte en contacto con escuelaempresa.monzon@salesianos.orgA trav\u00e9s de convenios de financiaci\u00f3n o donaci\u00f3n, las empresas pueden colaborar con Salesianos Monz\u00f3n. Algunos ejemplos de colaboraci\u00f3n pueden ser: Convenio de formaci\u00f3n [&hellip;]<\/p>\n","protected":false},"author":8,"featured_media":0,"parent":0,"menu_order":0,"comment_status":"closed","ping_status":"closed","template":"","meta":{"_et_pb_use_builder":"on","_et_pb_old_content":"","_et_gb_content_width":"","footnotes":""},"class_list":["post-11986","page","type-page","status-publish","hentry"],"yoast_head":"<!-- This site is optimized with the Yoast SEO plugin v27.4 - https:\/\/yoast.com\/product\/yoast-seo-wordpress\/ -->\n<title>Colaboraci\u00f3n y RSC - Colegio Santo Domingo Savio<\/title>\n<meta name=\"robots\" content=\"index, follow, max-snippet:-1, max-image-preview:large, max-video-preview:-1\" \/>\n<link rel=\"canonical\" href=\"https:\/\/monzon.salesianos.edu\/colegio\/colaboracion-y-rsc\/\" \/>\n<meta property=\"og:locale\" content=\"es_ES\" \/>\n<meta property=\"og:type\" content=\"article\" \/>\n<meta property=\"og:title\" content=\"Colaboraci\u00f3n y RSC - Colegio Santo Domingo Savio\" \/>\n<meta property=\"og:description\" content=\"El futuro no se prev\u00e9, se prepara. Al acompa\u00f1ar a los estudiantes en su educaci\u00f3n y orientaci\u00f3n, preparamos nuestras empresas del ma\u00f1ana. Si quiere colaborar con nosotros, ponte en contacto con escuelaempresa.monzon@salesianos.orgA trav\u00e9s de convenios de financiaci\u00f3n o donaci\u00f3n, las empresas pueden colaborar con Salesianos Monz\u00f3n. Algunos ejemplos de colaboraci\u00f3n pueden ser: Convenio de formaci\u00f3n [&hellip;]\" \/>\n<meta property=\"og:url\" content=\"https:\/\/monzon.salesianos.edu\/colegio\/colaboracion-y-rsc\/\" \/>\n<meta property=\"og:site_name\" content=\"Colegio Santo Domingo Savio\" \/>\n<meta property=\"article:modified_time\" content=\"2025-01-10T11:38:36+00:00\" \/>\n<meta name=\"twitter:card\" content=\"summary_large_image\" \/>\n<meta name=\"twitter:label1\" content=\"Tiempo de lectura\" \/>\n\t<meta name=\"twitter:data1\" content=\"3 minutos\" \/>\n<script type=\"application\/ld+json\" class=\"yoast-schema-graph\">{\"@context\":\"https:\\\/\\\/schema.org\",\"@graph\":[{\"@type\":\"WebPage\",\"@id\":\"https:\\\/\\\/monzon.salesianos.edu\\\/colegio\\\/colaboracion-y-rsc\\\/\",\"url\":\"https:\\\/\\\/monzon.salesianos.edu\\\/colegio\\\/colaboracion-y-rsc\\\/\",\"name\":\"Colaboraci\u00f3n y RSC - Colegio Santo Domingo Savio\",\"isPartOf\":{\"@id\":\"https:\\\/\\\/monzon.salesianos.edu\\\/colegio\\\/#website\"},\"datePublished\":\"2024-10-26T08:52:15+00:00\",\"dateModified\":\"2025-01-10T11:38:36+00:00\",\"breadcrumb\":{\"@id\":\"https:\\\/\\\/monzon.salesianos.edu\\\/colegio\\\/colaboracion-y-rsc\\\/#breadcrumb\"},\"inLanguage\":\"es\",\"potentialAction\":[{\"@type\":\"ReadAction\",\"target\":[\"https:\\\/\\\/monzon.salesianos.edu\\\/colegio\\\/colaboracion-y-rsc\\\/\"]}]},{\"@type\":\"BreadcrumbList\",\"@id\":\"https:\\\/\\\/monzon.salesianos.edu\\\/colegio\\\/colaboracion-y-rsc\\\/#breadcrumb\",\"itemListElement\":[{\"@type\":\"ListItem\",\"position\":1,\"name\":\"Portada\",\"item\":\"https:\\\/\\\/monzon.salesianos.edu\\\/colegio\\\/\"},{\"@type\":\"ListItem\",\"position\":2,\"name\":\"Colaboraci\u00f3n y RSC\"}]},{\"@type\":\"WebSite\",\"@id\":\"https:\\\/\\\/monzon.salesianos.edu\\\/colegio\\\/#website\",\"url\":\"https:\\\/\\\/monzon.salesianos.edu\\\/colegio\\\/\",\"name\":\"Colegio Santo Domingo Savio\",\"description\":\"P\u00e1gina oficial Salesianos Monz\u00f3n\",\"potentialAction\":[{\"@type\":\"SearchAction\",\"target\":{\"@type\":\"EntryPoint\",\"urlTemplate\":\"https:\\\/\\\/monzon.salesianos.edu\\\/colegio\\\/?s={search_term_string}\"},\"query-input\":{\"@type\":\"PropertyValueSpecification\",\"valueRequired\":true,\"valueName\":\"search_term_string\"}}],\"inLanguage\":\"es\"}]}<\/script>\n<!-- \/ Yoast SEO plugin. -->","yoast_head_json":{"title":"Colaboraci\u00f3n y RSC - Colegio Santo Domingo Savio","robots":{"index":"index","follow":"follow","max-snippet":"max-snippet:-1","max-image-preview":"max-image-preview:large","max-video-preview":"max-video-preview:-1"},"canonical":"https:\/\/monzon.salesianos.edu\/colegio\/colaboracion-y-rsc\/","og_locale":"es_ES","og_type":"article","og_title":"Colaboraci\u00f3n y RSC - Colegio Santo Domingo Savio","og_description":"El futuro no se prev\u00e9, se prepara. Al acompa\u00f1ar a los estudiantes en su educaci\u00f3n y orientaci\u00f3n, preparamos nuestras empresas del ma\u00f1ana. Si quiere colaborar con nosotros, ponte en contacto con escuelaempresa.monzon@salesianos.orgA trav\u00e9s de convenios de financiaci\u00f3n o donaci\u00f3n, las empresas pueden colaborar con Salesianos Monz\u00f3n. Algunos ejemplos de colaboraci\u00f3n pueden ser: Convenio de formaci\u00f3n [&hellip;]","og_url":"https:\/\/monzon.salesianos.edu\/colegio\/colaboracion-y-rsc\/","og_site_name":"Colegio Santo Domingo Savio","article_modified_time":"2025-01-10T11:38:36+00:00","twitter_card":"summary_large_image","twitter_misc":{"Tiempo de lectura":"3 minutos"},"schema":{"@context":"https:\/\/schema.org","@graph":[{"@type":"WebPage","@id":"https:\/\/monzon.salesianos.edu\/colegio\/colaboracion-y-rsc\/","url":"https:\/\/monzon.salesianos.edu\/colegio\/colaboracion-y-rsc\/","name":"Colaboraci\u00f3n y RSC - Colegio Santo Domingo Savio","isPartOf":{"@id":"https:\/\/monzon.salesianos.edu\/colegio\/#website"},"datePublished":"2024-10-26T08:52:15+00:00","dateModified":"2025-01-10T11:38:36+00:00","breadcrumb":{"@id":"https:\/\/monzon.salesianos.edu\/colegio\/colaboracion-y-rsc\/#breadcrumb"},"inLanguage":"es","potentialAction":[{"@type":"ReadAction","target":["https:\/\/monzon.salesianos.edu\/colegio\/colaboracion-y-rsc\/"]}]},{"@type":"BreadcrumbList","@id":"https:\/\/monzon.salesianos.edu\/colegio\/colaboracion-y-rsc\/#breadcrumb","itemListElement":[{"@type":"ListItem","position":1,"name":"Portada","item":"https:\/\/monzon.salesianos.edu\/colegio\/"},{"@type":"ListItem","position":2,"name":"Colaboraci\u00f3n y RSC"}]},{"@type":"WebSite","@id":"https:\/\/monzon.salesianos.edu\/colegio\/#website","url":"https:\/\/monzon.salesianos.edu\/colegio\/","name":"Colegio Santo Domingo Savio","description":"P\u00e1gina oficial Salesianos Monz\u00f3n","potentialAction":[{"@type":"SearchAction","target":{"@type":"EntryPoint","urlTemplate":"https:\/\/monzon.salesianos.edu\/colegio\/?s={search_term_string}"},"query-input":{"@type":"PropertyValueSpecification","valueRequired":true,"valueName":"search_term_string"}}],"inLanguage":"es"}]}},"_links":{"self":[{"href":"https:\/\/monzon.salesianos.edu\/colegio\/wp-json\/wp\/v2\/pages\/11986","targetHints":{"allow":["GET"]}}],"collection":[{"href":"https:\/\/monzon.salesianos.edu\/colegio\/wp-json\/wp\/v2\/pages"}],"about":[{"href":"https:\/\/monzon.salesianos.edu\/colegio\/wp-json\/wp\/v2\/types\/page"}],"author":[{"embeddable":true,"href":"https:\/\/monzon.salesianos.edu\/colegio\/wp-json\/wp\/v2\/users\/8"}],"replies":[{"embeddable":true,"href":"https:\/\/monzon.salesianos.edu\/colegio\/wp-json\/wp\/v2\/comments?post=11986"}],"version-history":[{"count":23,"href":"https:\/\/monzon.salesianos.edu\/colegio\/wp-json\/wp\/v2\/pages\/11986\/revisions"}],"predecessor-version":[{"id":12692,"href":"https:\/\/monzon.salesianos.edu\/colegio\/wp-json\/wp\/v2\/pages\/11986\/revisions\/12692"}],"wp:attachment":[{"href":"https:\/\/monzon.salesianos.edu\/colegio\/wp-json\/wp\/v2\/media?parent=11986"}],"curies":[{"name":"wp","href":"https:\/\/api.w.org\/{rel}","templated":true}]}}