{"id":11840,"date":"2023-11-09T13:23:49","date_gmt":"2023-11-09T12:23:49","guid":{"rendered":"https:\/\/monzon.salesianos.edu\/colegio\/informacion-inicio-de-curso-2\/"},"modified":"2025-09-03T10:24:17","modified_gmt":"2025-09-03T09:24:17","slug":"informacion-inicio-de-curso-2","status":"publish","type":"page","link":"https:\/\/monzon.salesianos.edu\/colegio\/informacion-inicio-de-curso-2\/","title":{"rendered":"Informaci\u00f3n inicio de curso"},"content":{"rendered":"<p>[et_pb_section fb_built=\u00bb1&#8243; fullwidth=\u00bbon\u00bb _builder_version=\u00bb4.16&#8243; global_colors_info=\u00bb{}\u00bb][et_pb_fullwidth_header title=\u00bbINFORMACI\u00d3N INICIO DE DE CURSO\u00bb image_orientation=\u00bbbottom\u00bb title_font_color=\u00bb#ffffff\u00bb module_class=\u00bbpagina-imagen-cabecera\u00bb _builder_version=\u00bb4.25.1&#8243; title_text_align=\u00bbleft\u00bb title_text_color=\u00bb#FFFFFF\u00bb title_font_size=\u00bb28px\u00bb subhead_font=\u00bbCalligraffitti|700|||||||\u00bb subhead_text_align=\u00bbright\u00bb subhead_text_color=\u00bb#ffffff\u00bb subhead_font_size=\u00bb49px\u00bb background_enable_color=\u00bboff\u00bb use_background_color_gradient=\u00bbon\u00bb background_color_gradient_stops=\u00bb#e02b20 0%|#ffffff 100%\u00bb background_image=\u00bbhttps:\/\/monzon.salesianos.edu\/colegio\/wp-content\/uploads\/sites\/2\/2024\/06\/BANNER-4.jpg\u00bb background_position=\u00bbtop_left\u00bb background_enable_video_mp4=\u00bboff\u00bb background_layout=\u00bblight\u00bb max_width_tablet=\u00bb50px\u00bb subhead_text_shadow_style=\u00bbpreset3&#8243; subhead_text_shadow_horizontal_length=\u00bb-0.17em\u00bb subhead_text_shadow_vertical_length=\u00bb-0.07em\u00bb subhead_text_shadow_blur_strength=\u00bb0.41em\u00bb background_url=\u00bbhttps:\/\/alicante.salesianos.edu\/colegio\/wp-content\/uploads\/sites\/2\/2017\/04\/Archivo_008.jpeg\u00bb global_colors_info=\u00bb{}\u00bb button_one_text_size__hover_enabled=\u00bboff\u00bb button_two_text_size__hover_enabled=\u00bboff\u00bb button_one_text_color__hover_enabled=\u00bboff\u00bb button_two_text_color__hover_enabled=\u00bboff\u00bb button_one_border_width__hover_enabled=\u00bboff\u00bb button_two_border_width__hover_enabled=\u00bboff\u00bb button_one_border_color__hover_enabled=\u00bboff\u00bb button_two_border_color__hover_enabled=\u00bboff\u00bb button_one_border_radius__hover_enabled=\u00bboff\u00bb button_two_border_radius__hover_enabled=\u00bboff\u00bb button_one_letter_spacing__hover_enabled=\u00bboff\u00bb button_two_letter_spacing__hover_enabled=\u00bboff\u00bb button_one_bg_color__hover_enabled=\u00bboff\u00bb button_two_bg_color__hover_enabled=\u00bboff\u00bb][\/et_pb_fullwidth_header][\/et_pb_section][et_pb_section fb_built=\u00bb1&#8243; module_class=\u00bbpagina-seccion-contenido\u00bb _builder_version=\u00bb4.21.2&#8243; background_color=\u00bb#f7f7f7&#8243; custom_padding=\u00bb0px|0px|54px|0px\u00bb global_colors_info=\u00bb{}\u00bb][et_pb_row _builder_version=\u00bb4.21.2&#8243; _module_preset=\u00bbdefault\u00bb global_colors_info=\u00bb{}\u00bb][et_pb_column type=\u00bb4_4&#8243; _builder_version=\u00bb4.21.2&#8243; _module_preset=\u00bbdefault\u00bb global_colors_info=\u00bb{}\u00bb][et_pb_text _builder_version=\u00bb4.21.2&#8243; _module_preset=\u00bbdefault\u00bb text_line_height=\u00bb1.9em\u00bb global_colors_info=\u00bb{}\u00bb]<\/p>\n<p style=\"text-align: justify;\">5<\/p>\n<p style=\"text-align: justify;\">\n<p style=\"text-align: justify;\">Durante el verano llegar\u00e1n correos para realizar el pago de la matr\u00edcula, que incluye, entre otras cosas, el seguro escolar y el mantenimiento de las plataformas Esemtia y Moodle. Es imprescindible el pago de la matr\u00edcula para poder asistir al colegio y acceder a las distintas plataformas. Aquellos que no hab\u00e9is podido realizar el pago a trav\u00e9s de la plataforma indicada en el correo electr\u00f3nico, pod\u00e9is pagarlo en el colegio a partir del d\u00eda 2 de Septiembre por las ma\u00f1anas de 9:00 a 14:00h, antes del inicio del curso.<\/p>\n<p style=\"text-align: justify;\">\n<p style=\"text-align: justify;\">\n<h1 style=\"text-align: justify;\">INFORMACI\u00d3N DE INICIO DEL CURSO<\/h1>\n<p>&nbsp;<\/p>\n<h3 style=\"text-align: justify;\"><strong><\/strong><\/h3>\n<h3 style=\"text-align: justify;\"><strong><\/strong><\/h3>\n<h3 style=\"text-align: justify;\"><strong><\/strong><\/h3>\n<h3 style=\"text-align: justify;\"><strong>ESO<\/strong><\/h3>\n<ul>\n<li style=\"text-align: justify;\">1\u00ba y 2\u00ba ESO:\u00a0 Lunes 8 de Septiembre de 2025 &#8211; 9:00 horas.\u00a0 Los alumnos de 1\u00ba ESO deben traer los ordenadores cargados para la instalaci\u00f3n de los libros.<\/li>\n<li style=\"text-align: justify;\">3\u00ba y 4\u00ba ESO:\u00a0 Lunes 8 de Septiembre de 2025 &#8211; 10:00 horas.<\/li>\n<\/ul>\n<h2>Bachillerato<\/h2>\n<ul>\n<li>Lunes 8 de Septiembre de\u00a0\u00a02025- 12:00 horas.<\/li>\n<\/ul>\n<h2>Formaci\u00f3n Profesional<\/h2>\n<ul>\n<li>Formaci\u00f3n Profesional horario ma\u00f1ana &#8211; Jueves 11 de Septiembre de 2025 &#8211; 9:30 horas<\/li>\n<li>Formaci\u00f3n Profesional horario tarde &#8211; Jueves 11 de Septiembre de 2025- 16:30 horas<\/li>\n<\/ul>\n<p>&nbsp;<\/p>\n<p>Se realizar\u00e1n entrevistas personales a los alumnos durante los dos primeros d\u00edas del curso para conocer mejor al alumnado. El colegio permanecer\u00e1 abierto de 8:30 a 14:30h\u00a0 y para los grupos vespertinos de 15:00 a 20:40h.<\/p>\n<p>&nbsp;<\/p>\n<h1>VENTA DE ROPA DEPORTIVA<\/h1>\n<p>El Corte Ingl\u00e9s se desplazar\u00e1 a nuestro colegio para realizar la venta. Se instalar\u00e1n en la Sala de Juegos.<\/p>\n<ul>\n<li>Martes 2 de Septiembre: 16 a 20 h.<\/li>\n<li>Mi\u00e9rcoles 3 de Septiembre: 10 a 14 h. y 16 a 20 h.<\/li>\n<\/ul>\n<p>Recordamos que el uso del ch\u00e1ndal es obligatorio desde 1\u00ba ESO a 2\u00ba de Bachillerato.<\/p>\n<ul>\n<li>Tambi\u00e9n existe la posibilidad de encargar la ropa deportiva a trav\u00e9s de la p\u00e1gina <a href=\"https:\/\/monzon.salesianos.edu\/colegio\/ropa-deportiva\/\">web<\/a>.<\/li>\n<\/ul>\n<p>&nbsp;<\/p>\n<h1>LIBROS Y LICENCIAS DIGITALES<\/h1>\n<p>Aquellos que no han realizado la compra de libros a trav\u00e9s del enlace del correo electr\u00f3nico, podr\u00e1n hacerlo de forma presencial en la administraci\u00f3n del colegio los d\u00edas martes, mi\u00e9rcoles y jueves del d\u00eda 3 al 17 de Septiembre en horario de 9 a 13h.<\/p>\n<p>En caso de duda contactar a trav\u00e9s del tel\u00e9fono 974 416 888 extensi\u00f3n 132 o enviando un correo electr\u00f3nico a <a href=\"mailto:administracion.monzon@salesianos.org\">administracion.monzon@salesianos.org<\/a><\/p>\n<p><span style=\"font-size: 14px;\">No se entregar\u00e1n las licencias de los libros digitales hasta que el pago no se haya realizado.<\/span><\/p>\n<p>&nbsp;<\/p>\n<h1>ACTIVIDADES EXTRAESCOLARES<\/h1>\n<h1><span style=\"font-size: medium; color: #000000;\"><\/span><\/h1>\n<h1><span style=\"font-size: medium; color: #000000;\">Las actividades extraescolares ofertadas para el curso 2024 &#8211; 2025 fueron las siguientes: (pendientes de organizar el curso 25\/26)<\/span><\/h1>\n<ul>\n<li>\n<p>Deberes asistidos para alumnos con dificultades (1\u00ba, 2\u00ba y 3\u00ba ESO). Lunes, mi\u00e9rcoles y jueves de 17:00-18:00 horas. 10\u20ac\/mes<\/p>\n<\/li>\n<li>\n<p>M\u00fasica para todos (alumnos, educadores, padres): Combos para animar las fiestas del colegio con el profesor Jos\u00e9 Antonio Castells. Lunes, 16:30-17:30 horas. 20\u20ac\/mes<\/p>\n<\/li>\n<li>\n<p>Taller de tambores y bombos \u00abSambal\u00e1 Juvenil\u00bb con Alan Abad\u00edas. Mi\u00e9rcoles 18:00-20:00h. 35\u20ac\/mes<\/p>\n<\/li>\n<li>\n<p>Ingles B1 (curso de preparaci\u00f3n al examen de certificaci\u00f3n Oxford). Jueves 18:30-20:30h. 45\u20ac\/mes<\/p>\n<\/li>\n<li>\n<p>Ingl\u00e9s B2 (curso de preparaci\u00f3n al examen de certificaci\u00f3n Oxford). Jueves 18:30-20:30h. 45\u20ac\/mes<\/p>\n<\/li>\n<li>\n<p>Ingl\u00e9s C1 (curso de preparaci\u00f3n al examen de certificaci\u00f3n Oxford). D\u00eda y hora por determinar. 45\u20ac\/mes<\/p>\n<\/li>\n<li>\n<p>Curso de mecanograf\u00eda (Para alumnos del primer ciclo ESO). Mi\u00e9rcoles 17:00-18:00h. 20\u20ac\/mes<\/p>\n<\/li>\n<li>\n<p>Grupos de fe. Una experiencia en grupo para crecer con los valores de Jes\u00fas y el estilo salesiano de Don Bosco. Mi\u00e9rcoles de 14:30-16:00h<\/p>\n<\/li>\n<li>Dibujo lineal con los programas SketchUp y Fluidray. Impartido por el profesor Carlos Ansaldo. Mi\u00e9rcoles 16:00 a 18:00. 20\u20ac\/mes<\/li>\n<li>Senderismo con los amigos de la Zapatilla (apuntarse llamando a conserjer\u00eda 974416888)<\/li>\n<li>\n<p>Escuela de Teatro Rebulizio. En Salesianos los viernes de 17:00-18:30. 20\u20ac\/mes. Enlace de inscripci\u00f3n:<span>\u00a0<\/span><a href=\"https:\/\/www.google.com\/url?q=https:\/\/forms.gle\/suxTLmfjR4tn64rv7&amp;sa=D&amp;source=editors&amp;ust=1724920290710137&amp;usg=AOvVaw14xlgZpPGdTs0b_ULWCGEH\" target=\"_blank\" data-saferedirecturl=\"https:\/\/www.google.com\/url?q=https:\/\/www.google.com\/url?q%3Dhttps:\/\/forms.gle\/suxTLmfjR4tn64rv7%26sa%3DD%26source%3Deditors%26ust%3D1724920290710137%26usg%3DAOvVaw14xlgZpPGdTs0b_ULWCGEH&amp;source=gmail&amp;ust=1725277320810000&amp;usg=AOvVaw3spfqaJClTwihdXQUsW_s1\" rel=\"noopener\">https:\/\/forms.gle\/<wbr \/>suxTLmfjR4tn64rv7<\/a><\/p>\n<\/li>\n<\/ul>\n<p style=\"text-align: justify;\"><strong><span>Inscripci\u00f3n: Para realizar la inscripci\u00f3n a las actividades extraescolares rellenar el siguiente\u00a0<\/span><a href=\"https:\/\/forms.gle\/WnsiKxrj8hnVHZaB8\" target=\"_blank\" data-saferedirecturl=\"https:\/\/www.google.com\/url?q=https:\/\/forms.gle\/WnsiKxrj8hnVHZaB8&amp;source=gmail&amp;ust=1725277320810000&amp;usg=AOvVaw3utdzLovytc3G9r_WoLaif\" rel=\"noopener\">formulario<\/a><span>. Plazo m\u00e1ximo:\u00a0<\/span>20 de Septiembre de 2024<\/strong><\/p>\n<p style=\"text-align: justify;\">\n<p style=\"text-align: justify;\">\n<h1 style=\"text-align: justify;\">SERVICIO DE COMEDOR<\/h1>\n<h1 style=\"text-align: justify;\"><span style=\"font-size: 14px; color: #494949; font-weight: 500;\">Informaci\u00f3n, contactar con Roc\u00edo: 620.328.078\u00a0<\/span><\/h1>\n<p>&nbsp;<\/p>\n<p>[\/et_pb_text][\/et_pb_column][\/et_pb_row][\/et_pb_section]<\/p>\n","protected":false},"excerpt":{"rendered":"<p>5 Durante el verano llegar\u00e1n correos para realizar el pago de la matr\u00edcula, que incluye, entre otras cosas, el seguro escolar y el mantenimiento de las plataformas Esemtia y Moodle. Es imprescindible el pago de la matr\u00edcula para poder asistir al colegio y acceder a las distintas plataformas. Aquellos que no hab\u00e9is podido realizar el [&hellip;]<\/p>\n","protected":false},"author":8,"featured_media":0,"parent":0,"menu_order":0,"comment_status":"closed","ping_status":"closed","template":"","meta":{"_et_pb_use_builder":"on","_et_pb_old_content":"","_et_gb_content_width":"","footnotes":""},"class_list":["post-11840","page","type-page","status-publish","hentry"],"yoast_head":"<!-- This site is optimized with the Yoast SEO plugin v27.4 - https:\/\/yoast.com\/product\/yoast-seo-wordpress\/ -->\n<title>Informaci\u00f3n inicio de curso - Colegio Santo Domingo Savio<\/title>\n<meta name=\"robots\" content=\"index, follow, max-snippet:-1, max-image-preview:large, max-video-preview:-1\" \/>\n<link rel=\"canonical\" href=\"https:\/\/monzon.salesianos.edu\/colegio\/informacion-inicio-de-curso-2\/\" \/>\n<meta property=\"og:locale\" content=\"es_ES\" \/>\n<meta property=\"og:type\" content=\"article\" \/>\n<meta property=\"og:title\" content=\"Informaci\u00f3n inicio de curso - Colegio Santo Domingo Savio\" \/>\n<meta property=\"og:description\" content=\"5 Durante el verano llegar\u00e1n correos para realizar el pago de la matr\u00edcula, que incluye, entre otras cosas, el seguro escolar y el mantenimiento de las plataformas Esemtia y Moodle. Es imprescindible el pago de la matr\u00edcula para poder asistir al colegio y acceder a las distintas plataformas. Aquellos que no hab\u00e9is podido realizar el [&hellip;]\" \/>\n<meta property=\"og:url\" content=\"https:\/\/monzon.salesianos.edu\/colegio\/informacion-inicio-de-curso-2\/\" \/>\n<meta property=\"og:site_name\" content=\"Colegio Santo Domingo Savio\" \/>\n<meta property=\"article:modified_time\" content=\"2025-09-03T09:24:17+00:00\" \/>\n<meta name=\"twitter:card\" content=\"summary_large_image\" \/>\n<meta name=\"twitter:label1\" content=\"Tiempo de lectura\" \/>\n\t<meta name=\"twitter:data1\" content=\"3 minutos\" \/>\n<script type=\"application\/ld+json\" class=\"yoast-schema-graph\">{\"@context\":\"https:\\\/\\\/schema.org\",\"@graph\":[{\"@type\":\"WebPage\",\"@id\":\"https:\\\/\\\/monzon.salesianos.edu\\\/colegio\\\/informacion-inicio-de-curso-2\\\/\",\"url\":\"https:\\\/\\\/monzon.salesianos.edu\\\/colegio\\\/informacion-inicio-de-curso-2\\\/\",\"name\":\"Informaci\u00f3n inicio de curso - Colegio Santo Domingo Savio\",\"isPartOf\":{\"@id\":\"https:\\\/\\\/monzon.salesianos.edu\\\/colegio\\\/#website\"},\"datePublished\":\"2023-11-09T12:23:49+00:00\",\"dateModified\":\"2025-09-03T09:24:17+00:00\",\"breadcrumb\":{\"@id\":\"https:\\\/\\\/monzon.salesianos.edu\\\/colegio\\\/informacion-inicio-de-curso-2\\\/#breadcrumb\"},\"inLanguage\":\"es\",\"potentialAction\":[{\"@type\":\"ReadAction\",\"target\":[\"https:\\\/\\\/monzon.salesianos.edu\\\/colegio\\\/informacion-inicio-de-curso-2\\\/\"]}]},{\"@type\":\"BreadcrumbList\",\"@id\":\"https:\\\/\\\/monzon.salesianos.edu\\\/colegio\\\/informacion-inicio-de-curso-2\\\/#breadcrumb\",\"itemListElement\":[{\"@type\":\"ListItem\",\"position\":1,\"name\":\"Portada\",\"item\":\"https:\\\/\\\/monzon.salesianos.edu\\\/colegio\\\/\"},{\"@type\":\"ListItem\",\"position\":2,\"name\":\"Informaci\u00f3n inicio de curso\"}]},{\"@type\":\"WebSite\",\"@id\":\"https:\\\/\\\/monzon.salesianos.edu\\\/colegio\\\/#website\",\"url\":\"https:\\\/\\\/monzon.salesianos.edu\\\/colegio\\\/\",\"name\":\"Colegio Santo Domingo Savio\",\"description\":\"P\u00e1gina oficial Salesianos Monz\u00f3n\",\"potentialAction\":[{\"@type\":\"SearchAction\",\"target\":{\"@type\":\"EntryPoint\",\"urlTemplate\":\"https:\\\/\\\/monzon.salesianos.edu\\\/colegio\\\/?s={search_term_string}\"},\"query-input\":{\"@type\":\"PropertyValueSpecification\",\"valueRequired\":true,\"valueName\":\"search_term_string\"}}],\"inLanguage\":\"es\"}]}<\/script>\n<!-- \/ Yoast SEO plugin. -->","yoast_head_json":{"title":"Informaci\u00f3n inicio de curso - Colegio Santo Domingo Savio","robots":{"index":"index","follow":"follow","max-snippet":"max-snippet:-1","max-image-preview":"max-image-preview:large","max-video-preview":"max-video-preview:-1"},"canonical":"https:\/\/monzon.salesianos.edu\/colegio\/informacion-inicio-de-curso-2\/","og_locale":"es_ES","og_type":"article","og_title":"Informaci\u00f3n inicio de curso - Colegio Santo Domingo Savio","og_description":"5 Durante el verano llegar\u00e1n correos para realizar el pago de la matr\u00edcula, que incluye, entre otras cosas, el seguro escolar y el mantenimiento de las plataformas Esemtia y Moodle. Es imprescindible el pago de la matr\u00edcula para poder asistir al colegio y acceder a las distintas plataformas. Aquellos que no hab\u00e9is podido realizar el [&hellip;]","og_url":"https:\/\/monzon.salesianos.edu\/colegio\/informacion-inicio-de-curso-2\/","og_site_name":"Colegio Santo Domingo Savio","article_modified_time":"2025-09-03T09:24:17+00:00","twitter_card":"summary_large_image","twitter_misc":{"Tiempo de lectura":"3 minutos"},"schema":{"@context":"https:\/\/schema.org","@graph":[{"@type":"WebPage","@id":"https:\/\/monzon.salesianos.edu\/colegio\/informacion-inicio-de-curso-2\/","url":"https:\/\/monzon.salesianos.edu\/colegio\/informacion-inicio-de-curso-2\/","name":"Informaci\u00f3n inicio de curso - Colegio Santo Domingo Savio","isPartOf":{"@id":"https:\/\/monzon.salesianos.edu\/colegio\/#website"},"datePublished":"2023-11-09T12:23:49+00:00","dateModified":"2025-09-03T09:24:17+00:00","breadcrumb":{"@id":"https:\/\/monzon.salesianos.edu\/colegio\/informacion-inicio-de-curso-2\/#breadcrumb"},"inLanguage":"es","potentialAction":[{"@type":"ReadAction","target":["https:\/\/monzon.salesianos.edu\/colegio\/informacion-inicio-de-curso-2\/"]}]},{"@type":"BreadcrumbList","@id":"https:\/\/monzon.salesianos.edu\/colegio\/informacion-inicio-de-curso-2\/#breadcrumb","itemListElement":[{"@type":"ListItem","position":1,"name":"Portada","item":"https:\/\/monzon.salesianos.edu\/colegio\/"},{"@type":"ListItem","position":2,"name":"Informaci\u00f3n inicio de curso"}]},{"@type":"WebSite","@id":"https:\/\/monzon.salesianos.edu\/colegio\/#website","url":"https:\/\/monzon.salesianos.edu\/colegio\/","name":"Colegio Santo Domingo Savio","description":"P\u00e1gina oficial Salesianos Monz\u00f3n","potentialAction":[{"@type":"SearchAction","target":{"@type":"EntryPoint","urlTemplate":"https:\/\/monzon.salesianos.edu\/colegio\/?s={search_term_string}"},"query-input":{"@type":"PropertyValueSpecification","valueRequired":true,"valueName":"search_term_string"}}],"inLanguage":"es"}]}},"_links":{"self":[{"href":"https:\/\/monzon.salesianos.edu\/colegio\/wp-json\/wp\/v2\/pages\/11840","targetHints":{"allow":["GET"]}}],"collection":[{"href":"https:\/\/monzon.salesianos.edu\/colegio\/wp-json\/wp\/v2\/pages"}],"about":[{"href":"https:\/\/monzon.salesianos.edu\/colegio\/wp-json\/wp\/v2\/types\/page"}],"author":[{"embeddable":true,"href":"https:\/\/monzon.salesianos.edu\/colegio\/wp-json\/wp\/v2\/users\/8"}],"replies":[{"embeddable":true,"href":"https:\/\/monzon.salesianos.edu\/colegio\/wp-json\/wp\/v2\/comments?post=11840"}],"version-history":[{"count":14,"href":"https:\/\/monzon.salesianos.edu\/colegio\/wp-json\/wp\/v2\/pages\/11840\/revisions"}],"predecessor-version":[{"id":12835,"href":"https:\/\/monzon.salesianos.edu\/colegio\/wp-json\/wp\/v2\/pages\/11840\/revisions\/12835"}],"wp:attachment":[{"href":"https:\/\/monzon.salesianos.edu\/colegio\/wp-json\/wp\/v2\/media?parent=11840"}],"curies":[{"name":"wp","href":"https:\/\/api.w.org\/{rel}","templated":true}]}}