{"id":10053,"date":"2020-04-29T11:30:38","date_gmt":"2020-04-29T10:30:38","guid":{"rendered":"https:\/\/monzon.salesianos.edu\/colegio\/?page_id=10053"},"modified":"2025-04-28T09:17:26","modified_gmt":"2025-04-28T08:17:26","slug":"bachillerato-dual","status":"publish","type":"page","link":"https:\/\/monzon.salesianos.edu\/colegio\/bachillerato-dual\/","title":{"rendered":"Bachillerato dual"},"content":{"rendered":"<p>[et_pb_section fb_built=\u00bb1&#8243; fullwidth=\u00bbon\u00bb _builder_version=\u00bb4.16&#8243; global_colors_info=\u00bb{}\u00bb][et_pb_fullwidth_header title=\u00bbBachillerato Dual\u00bb title_font_color=\u00bb#ffffff\u00bb module_class=\u00bbpagina-imagen-cabecera\u00bb _builder_version=\u00bb4.25.1&#8243; title_text_color=\u00bb#ffffff\u00bb title_font_size=\u00bb40px\u00bb background_color=\u00bbrgba(255, 255, 255, 0)\u00bb background_image=\u00bbhttps:\/\/monzon.salesianos.edu\/colegio\/wp-content\/uploads\/sites\/2\/2024\/06\/BANNER-4.jpg\u00bb max_width_tablet=\u00bb50px\u00bb child_filter_brightness=\u00bb92%\u00bb background_url=\u00bbhttps:\/\/alicante.salesianos.edu\/colegio\/wp-content\/uploads\/sites\/2\/2017\/03\/Captura-de-pantalla-2017-03-21-a-las-17.25.56.png\u00bb global_colors_info=\u00bb{}\u00bb button_one_text_size__hover_enabled=\u00bboff\u00bb button_two_text_size__hover_enabled=\u00bboff\u00bb button_one_text_color__hover_enabled=\u00bboff\u00bb button_two_text_color__hover_enabled=\u00bboff\u00bb button_one_border_width__hover_enabled=\u00bboff\u00bb button_two_border_width__hover_enabled=\u00bboff\u00bb button_one_border_color__hover_enabled=\u00bboff\u00bb button_two_border_color__hover_enabled=\u00bboff\u00bb button_one_border_radius__hover_enabled=\u00bboff\u00bb button_two_border_radius__hover_enabled=\u00bboff\u00bb button_one_letter_spacing__hover_enabled=\u00bboff\u00bb button_two_letter_spacing__hover_enabled=\u00bboff\u00bb button_one_bg_color__hover_enabled=\u00bboff\u00bb button_two_bg_color__hover_enabled=\u00bboff\u00bb][\/et_pb_fullwidth_header][\/et_pb_section][et_pb_section fb_built=\u00bb1&#8243; module_class=\u00bbpagina-seccion-contenido\u00bb _builder_version=\u00bb4.16&#8243; custom_padding=\u00bb0%|||\u00bb global_colors_info=\u00bb{}\u00bb][et_pb_row column_structure=\u00bb2_3,1_3&#8243; module_class=\u00bbpagina-texto\u00bb _builder_version=\u00bb4.16&#8243; background_size=\u00bbinitial\u00bb background_position=\u00bbtop_left\u00bb background_repeat=\u00bbrepeat\u00bb custom_margin=\u00bb25px|||\u00bb custom_padding=\u00bb25px||1px|\u00bb global_colors_info=\u00bb{}\u00bb][et_pb_column type=\u00bb2_3&#8243; _builder_version=\u00bb4.16&#8243; custom_padding=\u00bb|||\u00bb global_colors_info=\u00bb{}\u00bb custom_padding__hover=\u00bb|||\u00bb][et_pb_text _builder_version=\u00bb4.16&#8243; background_size=\u00bbinitial\u00bb background_position=\u00bbtop_left\u00bb background_repeat=\u00bbrepeat\u00bb global_colors_info=\u00bb{}\u00bb]<\/p>\n<h1>Bachillerato Dual<\/h1>\n<p>[\/et_pb_text][et_pb_text _builder_version=\u00bb4.20.0&#8243; z_index_tablet=\u00bb500&#8243; text_text_shadow_horizontal_length_tablet=\u00bb0px\u00bb text_text_shadow_vertical_length_tablet=\u00bb0px\u00bb text_text_shadow_blur_strength_tablet=\u00bb1px\u00bb link_text_shadow_horizontal_length_tablet=\u00bb0px\u00bb link_text_shadow_vertical_length_tablet=\u00bb0px\u00bb link_text_shadow_blur_strength_tablet=\u00bb1px\u00bb ul_text_shadow_horizontal_length_tablet=\u00bb0px\u00bb ul_text_shadow_vertical_length_tablet=\u00bb0px\u00bb ul_text_shadow_blur_strength_tablet=\u00bb1px\u00bb ol_text_shadow_horizontal_length_tablet=\u00bb0px\u00bb ol_text_shadow_vertical_length_tablet=\u00bb0px\u00bb ol_text_shadow_blur_strength_tablet=\u00bb1px\u00bb quote_text_shadow_horizontal_length_tablet=\u00bb0px\u00bb quote_text_shadow_vertical_length_tablet=\u00bb0px\u00bb quote_text_shadow_blur_strength_tablet=\u00bb1px\u00bb header_text_shadow_horizontal_length_tablet=\u00bb0px\u00bb header_text_shadow_vertical_length_tablet=\u00bb0px\u00bb header_text_shadow_blur_strength_tablet=\u00bb1px\u00bb header_2_text_shadow_horizontal_length_tablet=\u00bb0px\u00bb header_2_text_shadow_vertical_length_tablet=\u00bb0px\u00bb header_2_text_shadow_blur_strength_tablet=\u00bb1px\u00bb header_3_text_shadow_horizontal_length_tablet=\u00bb0px\u00bb header_3_text_shadow_vertical_length_tablet=\u00bb0px\u00bb header_3_text_shadow_blur_strength_tablet=\u00bb1px\u00bb header_4_text_shadow_horizontal_length_tablet=\u00bb0px\u00bb header_4_text_shadow_vertical_length_tablet=\u00bb0px\u00bb header_4_text_shadow_blur_strength_tablet=\u00bb1px\u00bb header_5_text_shadow_horizontal_length_tablet=\u00bb0px\u00bb header_5_text_shadow_vertical_length_tablet=\u00bb0px\u00bb header_5_text_shadow_blur_strength_tablet=\u00bb1px\u00bb header_6_text_shadow_horizontal_length_tablet=\u00bb0px\u00bb header_6_text_shadow_vertical_length_tablet=\u00bb0px\u00bb header_6_text_shadow_blur_strength_tablet=\u00bb1px\u00bb box_shadow_horizontal_tablet=\u00bb0px\u00bb box_shadow_vertical_tablet=\u00bb0px\u00bb box_shadow_blur_tablet=\u00bb40px\u00bb box_shadow_spread_tablet=\u00bb0px\u00bb global_colors_info=\u00bb{}\u00bb]<\/p>\n<p style=\"text-align: left\">En colaboraci\u00f3n con <a href=\"https:\/\/www.academica.school\/\">Academica International Studies<\/a> el curso 2018-2019 comenz\u00f3 como actividad extraescolar este\u00a0programa oficial de convalidaci\u00f3n internacional de t\u00edtulos de bachillerato. Se puede iniciar en 3\u00ba ESO, 4\u00ba ESO o 1\u00ba Bachillerato.\u00a0Compaginando con los \u00faltimos cursos de ESO y el Bachillerato espa\u00f1ol los alumnos reciben la misma titulaci\u00f3n que los estudiantes estadounidenses al finalizar el High School, reconocida en todos los estados y en todas las universidades del mundo.<\/p>\n<p style=\"text-align: justify\">El objetivo del programa es triple:\u00a0Inmersio\u0301n lingu\u0308i\u0301stica, tecnolo\u0301gica y personal.\u00a0Junto a la notable mejora del nivel de ingle\u0301s, el Diploma Dual proporciona a los alumnos un alto grado de autonomi\u0301a personal y una gran facilidad en el manejo de las nuevas tecnologi\u0301as.\u00a0<span style=\"font-size: 14px\"><em><strong><a style=\"text-align: right\" href=\"https:\/\/www.academica.school\/?lang=es\">Saber m\u00e1s<\/a><\/strong><\/em><\/span><\/p>\n<p style=\"text-align: justify\">Igualmente algunas universidades ofrecen a los graduados del Diploma Dual las siguientes ventajas:<\/p>\n<ul>\n<li>Reconocimiento del perfil ling\u00fc\u00edstico<\/li>\n<li>Ponderaci\u00f3n en la nota de acceso universitario de hasta 1,5 puntos m\u00e1s por su GPA estadounidense<\/li>\n<li>Becas universitarias exclusivas<\/li>\n<\/ul>\n<p>[\/et_pb_text][et_pb_video src=\u00bbhttps:\/\/www.youtube.com\/watch?v=WaHfn4OT4sM\u00bb _builder_version=\u00bb4.16&#8243; global_colors_info=\u00bb{}\u00bb][\/et_pb_video][et_pb_text _builder_version=\u00bb4.20.0&#8243; z_index_tablet=\u00bb500&#8243; text_text_shadow_horizontal_length_tablet=\u00bb0px\u00bb text_text_shadow_vertical_length_tablet=\u00bb0px\u00bb text_text_shadow_blur_strength_tablet=\u00bb1px\u00bb link_text_shadow_horizontal_length_tablet=\u00bb0px\u00bb link_text_shadow_vertical_length_tablet=\u00bb0px\u00bb link_text_shadow_blur_strength_tablet=\u00bb1px\u00bb ul_text_shadow_horizontal_length_tablet=\u00bb0px\u00bb ul_text_shadow_vertical_length_tablet=\u00bb0px\u00bb ul_text_shadow_blur_strength_tablet=\u00bb1px\u00bb ol_text_shadow_horizontal_length_tablet=\u00bb0px\u00bb ol_text_shadow_vertical_length_tablet=\u00bb0px\u00bb ol_text_shadow_blur_strength_tablet=\u00bb1px\u00bb quote_text_shadow_horizontal_length_tablet=\u00bb0px\u00bb quote_text_shadow_vertical_length_tablet=\u00bb0px\u00bb quote_text_shadow_blur_strength_tablet=\u00bb1px\u00bb header_text_shadow_horizontal_length_tablet=\u00bb0px\u00bb header_text_shadow_vertical_length_tablet=\u00bb0px\u00bb header_text_shadow_blur_strength_tablet=\u00bb1px\u00bb header_2_text_shadow_horizontal_length_tablet=\u00bb0px\u00bb header_2_text_shadow_vertical_length_tablet=\u00bb0px\u00bb header_2_text_shadow_blur_strength_tablet=\u00bb1px\u00bb header_3_text_shadow_horizontal_length_tablet=\u00bb0px\u00bb header_3_text_shadow_vertical_length_tablet=\u00bb0px\u00bb header_3_text_shadow_blur_strength_tablet=\u00bb1px\u00bb header_4_text_shadow_horizontal_length_tablet=\u00bb0px\u00bb header_4_text_shadow_vertical_length_tablet=\u00bb0px\u00bb header_4_text_shadow_blur_strength_tablet=\u00bb1px\u00bb header_5_text_shadow_horizontal_length_tablet=\u00bb0px\u00bb header_5_text_shadow_vertical_length_tablet=\u00bb0px\u00bb header_5_text_shadow_blur_strength_tablet=\u00bb1px\u00bb header_6_text_shadow_horizontal_length_tablet=\u00bb0px\u00bb header_6_text_shadow_vertical_length_tablet=\u00bb0px\u00bb header_6_text_shadow_blur_strength_tablet=\u00bb1px\u00bb box_shadow_horizontal_tablet=\u00bb0px\u00bb box_shadow_vertical_tablet=\u00bb0px\u00bb box_shadow_blur_tablet=\u00bb40px\u00bb box_shadow_spread_tablet=\u00bb0px\u00bb global_colors_info=\u00bb{}\u00bb]<\/p>\n<p><span style=\"font-size: 14px;text-align: justify\">Para realizar la inscripci\u00f3n para el curso 2025-2026 hay que realizar el <\/span><a href=\"http:\/\/www.academicaschools.es\/inscripcion\/703\" target=\"_blank\" rel=\"noopener noreferrer\" style=\"font-size: 14px;text-align: justify\">registro on-line<\/a><span style=\"font-size: 14px;text-align: justify\">\u00a0obligatorio y entregar el documento obtenido junto con el <\/span><a href=\"https:\/\/drive.google.com\/file\/d\/13iEG0QnLqqzBIe9Z1CgYeVHxjrNjrNfz\/view?usp=sharing\" target=\"_blank\" rel=\"noopener noreferrer\">acuerdo de inscripci\u00f3n<\/a><span style=\"font-size: 14px;text-align: justify\">\u00a0(donde se especifican las condiciones econ\u00f3micas) en la secretar\u00eda del centro antes del <\/span><strong style=\"font-family: arial, helvetica;font-size: 14px;text-align: justify\">30 de junio de 2025.<\/strong><\/p>\n<p>[\/et_pb_text][et_pb_image src=\u00bbhttps:\/\/monzon.salesianos.edu\/colegio\/wp-content\/uploads\/sites\/2\/2018\/02\/Logo-Academica-Corporation.png\u00bb url=\u00bbhttps:\/\/www.academica.school\/\u00bb url_new_window=\u00bbon\u00bb align=\u00bbcenter\u00bb align_tablet=\u00bbcenter\u00bb align_phone=\u00bb\u00bb align_last_edited=\u00bbon|desktop\u00bb _builder_version=\u00bb4.16&#8243; global_colors_info=\u00bb{}\u00bb]<br \/>\n[\/et_pb_image][et_pb_testimonial author=\u00bb\u00c1lvaro Contreras\u00bb job_title=\u00bbDual Diploma Program Student\u00bb portrait_url=\u00bbhttps:\/\/monzon.salesianos.edu\/colegio\/wp-content\/uploads\/sites\/2\/2020\/05\/PHOTO-2020-04-29-19-22-10.jpg\u00bb _builder_version=\u00bb4.16&#8243; global_colors_info=\u00bb{}\u00bb]<\/p>\n<p style=\"text-align: justify\">For me, the Dual Diploma Program has been a challenge, having to combine the Spanish bachillerato along with the American. I have had to organize myself a lot to carry out this program, but looking back, I am very happy with what I have achieved, both academically and personally, because finally, I have learned to optimize my time. On the other hand, being part of the American educational system has brought me the opportunity to study different courses such as Life Management Skills, US History, US Government, Concepts of Engineering and Technology, and the opportunity to speak weekly with native teachers. In summary, for me, these studies have been hard, but they have helped me with my English and to obtain my diploma in High School.<\/p>\n<p>[\/et_pb_testimonial][\/et_pb_column][et_pb_column type=\u00bb1_3&#8243; _builder_version=\u00bb4.16&#8243; custom_padding=\u00bb|||\u00bb global_colors_info=\u00bb{}\u00bb custom_padding__hover=\u00bb|||\u00bb][et_pb_text _builder_version=\u00bb4.16&#8243; text_font=\u00bbLato Light||||\u00bb text_text_color=\u00bb#e02b20&#8243; text_font_size=\u00bb28px\u00bb custom_margin=\u00bb||35px|\u00bb global_colors_info=\u00bb{}\u00bb]<\/p>\n<h1>Visita tambi\u00e9n<\/h1>\n<p>[\/et_pb_text][et_pb_button button_url=\u00bbhttps:\/\/monzon.salesianos.edu\/colegio\/plurilinguismo\/\u00bb button_text=\u00bbPrograma biling\u00fcismo\u00bb button_alignment=\u00bbleft\u00bb _builder_version=\u00bb4.27.2&#8243; custom_button=\u00bbon\u00bb button_text_size=\u00bb16px\u00bb button_text_color=\u00bb#ffffff\u00bb button_bg_color=\u00bb#e02b20&#8243; button_border_width=\u00bb0px\u00bb button_border_radius=\u00bb6px\u00bb button_font=\u00bb||||||||\u00bb global_colors_info=\u00bb{}\u00bb button_text_size__hover_enabled=\u00bboff\u00bb button_one_text_size__hover_enabled=\u00bboff\u00bb button_two_text_size__hover_enabled=\u00bboff\u00bb button_text_color__hover_enabled=\u00bboff\u00bb button_one_text_color__hover_enabled=\u00bboff\u00bb button_two_text_color__hover_enabled=\u00bboff\u00bb button_border_width__hover_enabled=\u00bboff\u00bb button_one_border_width__hover_enabled=\u00bboff\u00bb button_two_border_width__hover_enabled=\u00bboff\u00bb button_border_color__hover_enabled=\u00bboff\u00bb button_one_border_color__hover_enabled=\u00bboff\u00bb button_two_border_color__hover_enabled=\u00bboff\u00bb button_border_radius__hover_enabled=\u00bboff\u00bb button_one_border_radius__hover_enabled=\u00bboff\u00bb button_two_border_radius__hover_enabled=\u00bboff\u00bb button_letter_spacing__hover_enabled=\u00bboff\u00bb button_one_letter_spacing__hover_enabled=\u00bboff\u00bb button_two_letter_spacing__hover_enabled=\u00bboff\u00bb button_bg_color__hover_enabled=\u00bboff\u00bb button_one_bg_color__hover_enabled=\u00bboff\u00bb button_two_bg_color__hover_enabled=\u00bboff\u00bb]<br \/>\n[\/et_pb_button][et_pb_button button_url=\u00bbhttps:\/\/monzon.salesianos.edu\/colegio\/international-relations\/\u00bb button_text=\u00bbInternational Relations\u00bb button_alignment=\u00bbleft\u00bb _builder_version=\u00bb4.16&#8243; custom_button=\u00bbon\u00bb button_text_size=\u00bb16px\u00bb button_text_color=\u00bb#ffffff\u00bb button_bg_color=\u00bb#e02b20&#8243; button_border_width=\u00bb0px\u00bb button_border_radius=\u00bb6px\u00bb button_font=\u00bb||||||||\u00bb global_colors_info=\u00bb{}\u00bb button_text_size__hover_enabled=\u00bboff\u00bb button_one_text_size__hover_enabled=\u00bboff\u00bb button_two_text_size__hover_enabled=\u00bboff\u00bb button_text_color__hover_enabled=\u00bboff\u00bb button_one_text_color__hover_enabled=\u00bboff\u00bb button_two_text_color__hover_enabled=\u00bboff\u00bb button_border_width__hover_enabled=\u00bboff\u00bb button_one_border_width__hover_enabled=\u00bboff\u00bb button_two_border_width__hover_enabled=\u00bboff\u00bb button_border_color__hover_enabled=\u00bboff\u00bb button_one_border_color__hover_enabled=\u00bboff\u00bb button_two_border_color__hover_enabled=\u00bboff\u00bb button_border_radius__hover_enabled=\u00bboff\u00bb button_one_border_radius__hover_enabled=\u00bboff\u00bb button_two_border_radius__hover_enabled=\u00bboff\u00bb button_letter_spacing__hover_enabled=\u00bboff\u00bb button_one_letter_spacing__hover_enabled=\u00bboff\u00bb button_two_letter_spacing__hover_enabled=\u00bboff\u00bb button_bg_color__hover_enabled=\u00bboff\u00bb button_one_bg_color__hover_enabled=\u00bboff\u00bb button_two_bg_color__hover_enabled=\u00bboff\u00bb]<br \/>\n[\/et_pb_button][et_pb_button button_url=\u00bbhttps:\/\/monzon.salesianos.edu\/colegio\/relations-internationales\/\u00bb button_text=\u00bbRelations Internationales\u00bb button_alignment=\u00bbleft\u00bb _builder_version=\u00bb4.16&#8243; custom_button=\u00bbon\u00bb button_text_size=\u00bb16px\u00bb button_text_color=\u00bb#ffffff\u00bb button_bg_color=\u00bb#e02b20&#8243; button_border_width=\u00bb0px\u00bb button_border_radius=\u00bb6px\u00bb button_font=\u00bb||||||||\u00bb global_colors_info=\u00bb{}\u00bb button_text_size__hover_enabled=\u00bboff\u00bb button_one_text_size__hover_enabled=\u00bboff\u00bb button_two_text_size__hover_enabled=\u00bboff\u00bb button_text_color__hover_enabled=\u00bboff\u00bb button_one_text_color__hover_enabled=\u00bboff\u00bb button_two_text_color__hover_enabled=\u00bboff\u00bb button_border_width__hover_enabled=\u00bboff\u00bb button_one_border_width__hover_enabled=\u00bboff\u00bb button_two_border_width__hover_enabled=\u00bboff\u00bb button_border_color__hover_enabled=\u00bboff\u00bb button_one_border_color__hover_enabled=\u00bboff\u00bb button_two_border_color__hover_enabled=\u00bboff\u00bb button_border_radius__hover_enabled=\u00bboff\u00bb button_one_border_radius__hover_enabled=\u00bboff\u00bb button_two_border_radius__hover_enabled=\u00bboff\u00bb button_letter_spacing__hover_enabled=\u00bboff\u00bb button_one_letter_spacing__hover_enabled=\u00bboff\u00bb button_two_letter_spacing__hover_enabled=\u00bboff\u00bb button_bg_color__hover_enabled=\u00bboff\u00bb button_one_bg_color__hover_enabled=\u00bboff\u00bb button_two_bg_color__hover_enabled=\u00bboff\u00bb]<br \/>\n[\/et_pb_button][et_pb_image src=\u00bbhttps:\/\/pbs.twimg.com\/media\/DOIFIgZX0AAiOEG.jpg\u00bb align_tablet=\u00bbcenter\u00bb align_phone=\u00bb\u00bb align_last_edited=\u00bbon|desktop\u00bb _builder_version=\u00bb4.16&#8243; global_colors_info=\u00bb{}\u00bb]<br \/>\n[\/et_pb_image][et_pb_image src=\u00bbhttps:\/\/lh3.googleusercontent.com\/tjR0181bxnO6JiX4ahKDCHrEeppQClsCnHUpkvser_PFEZ5T3pwNxSFvj5fgt96SnhTZugi5FGnQBsnQv1TF1hF_8oYVA_NH_6Ak31z-zTNHqLJoKSE1O4Y53s9XDuSXQJsgaco3KUeywMbDL7VXmR629OTnU-mLjjHyp7XDgxYBsjo0uG9yxNHt7abaSmH-AYEE_EEWYToyfT6tM6dLyXom9NMcn7xkhWXddHVO7qGjhVh3RQdiB4Y5yQP0rx04bB3_VuNLJAY7ajo3YjoO-Y-9VQyIiBI-y0h7rMTXaQ5ffNl-aSZlSFOGLSG4UOI2QrQ9kYBuknKrPsLhW_gi2i9tflQc6it-X7LiG1Swc601uc9goLUkSCXFRukR-kecBoRlkg8W1aLwZ_I8RJUcv3VQ1wlfFfSOS_raYgqexq1nsq2zKFdokTcv-Lz5F8GrrKNfH37iKJUhYyfiqWkQd1-DJPapdI0x_JS55aaDUcShd5GtnFUrVEYm7NitiTifWIiQTI-utegSq2uId4xoCCL72OnRyk-ig-3awW39WmxmT76yzRZQhYVqnKcf_hA7Y0BJyhrkTzavLzbbAqls9cgwikCb3UUkMMBsKqchE_IXN2DpN96C-h7hUjEgNyD1nsr-qNXTzTge_NNB94j72IhzBC0vM4-csw=w994-h745-no\u00bb align_tablet=\u00bbcenter\u00bb align_phone=\u00bb\u00bb align_last_edited=\u00bbon|desktop\u00bb _builder_version=\u00bb4.16&#8243; global_colors_info=\u00bb{}\u00bb]<br \/>\n[\/et_pb_image][\/et_pb_column][\/et_pb_row][\/et_pb_section]<\/p>\n","protected":false},"excerpt":{"rendered":"<p>Bachillerato Dual En colaboraci\u00f3n con Academica International Studies el curso 2018-2019 comenz\u00f3 como actividad extraescolar este\u00a0programa oficial de convalidaci\u00f3n internacional de t\u00edtulos de bachillerato. Se puede iniciar en 3\u00ba ESO, 4\u00ba ESO o 1\u00ba Bachillerato.\u00a0Compaginando con los \u00faltimos cursos de ESO y el Bachillerato espa\u00f1ol los alumnos reciben la misma titulaci\u00f3n que los estudiantes estadounidenses [&hellip;]<\/p>\n","protected":false},"author":3,"featured_media":0,"parent":0,"menu_order":0,"comment_status":"closed","ping_status":"closed","template":"","meta":{"_et_pb_use_builder":"on","_et_pb_old_content":"","_et_gb_content_width":"","footnotes":""},"class_list":["post-10053","page","type-page","status-publish","hentry"],"yoast_head":"<!-- This site is optimized with the Yoast SEO plugin v27.4 - https:\/\/yoast.com\/product\/yoast-seo-wordpress\/ -->\n<title>Bachillerato dual - Colegio Santo Domingo Savio<\/title>\n<meta name=\"robots\" content=\"index, follow, max-snippet:-1, max-image-preview:large, max-video-preview:-1\" \/>\n<link rel=\"canonical\" href=\"https:\/\/monzon.salesianos.edu\/colegio\/bachillerato-dual\/\" \/>\n<meta property=\"og:locale\" content=\"es_ES\" \/>\n<meta property=\"og:type\" content=\"article\" \/>\n<meta property=\"og:title\" content=\"Bachillerato dual - Colegio Santo Domingo Savio\" \/>\n<meta property=\"og:description\" content=\"Bachillerato Dual En colaboraci\u00f3n con Academica International Studies el curso 2018-2019 comenz\u00f3 como actividad extraescolar este\u00a0programa oficial de convalidaci\u00f3n internacional de t\u00edtulos de bachillerato. Se puede iniciar en 3\u00ba ESO, 4\u00ba ESO o 1\u00ba Bachillerato.\u00a0Compaginando con los \u00faltimos cursos de ESO y el Bachillerato espa\u00f1ol los alumnos reciben la misma titulaci\u00f3n que los estudiantes estadounidenses [&hellip;]\" \/>\n<meta property=\"og:url\" content=\"https:\/\/monzon.salesianos.edu\/colegio\/bachillerato-dual\/\" \/>\n<meta property=\"og:site_name\" content=\"Colegio Santo Domingo Savio\" \/>\n<meta property=\"article:modified_time\" content=\"2025-04-28T08:17:26+00:00\" \/>\n<meta name=\"twitter:card\" content=\"summary_large_image\" \/>\n<meta name=\"twitter:label1\" content=\"Tiempo de lectura\" \/>\n\t<meta name=\"twitter:data1\" content=\"10 minutos\" \/>\n<script type=\"application\/ld+json\" class=\"yoast-schema-graph\">{\"@context\":\"https:\\\/\\\/schema.org\",\"@graph\":[{\"@type\":\"WebPage\",\"@id\":\"https:\\\/\\\/monzon.salesianos.edu\\\/colegio\\\/bachillerato-dual\\\/\",\"url\":\"https:\\\/\\\/monzon.salesianos.edu\\\/colegio\\\/bachillerato-dual\\\/\",\"name\":\"Bachillerato dual - Colegio Santo Domingo Savio\",\"isPartOf\":{\"@id\":\"https:\\\/\\\/monzon.salesianos.edu\\\/colegio\\\/#website\"},\"datePublished\":\"2020-04-29T10:30:38+00:00\",\"dateModified\":\"2025-04-28T08:17:26+00:00\",\"breadcrumb\":{\"@id\":\"https:\\\/\\\/monzon.salesianos.edu\\\/colegio\\\/bachillerato-dual\\\/#breadcrumb\"},\"inLanguage\":\"es\",\"potentialAction\":[{\"@type\":\"ReadAction\",\"target\":[\"https:\\\/\\\/monzon.salesianos.edu\\\/colegio\\\/bachillerato-dual\\\/\"]}]},{\"@type\":\"BreadcrumbList\",\"@id\":\"https:\\\/\\\/monzon.salesianos.edu\\\/colegio\\\/bachillerato-dual\\\/#breadcrumb\",\"itemListElement\":[{\"@type\":\"ListItem\",\"position\":1,\"name\":\"Portada\",\"item\":\"https:\\\/\\\/monzon.salesianos.edu\\\/colegio\\\/\"},{\"@type\":\"ListItem\",\"position\":2,\"name\":\"Bachillerato dual\"}]},{\"@type\":\"WebSite\",\"@id\":\"https:\\\/\\\/monzon.salesianos.edu\\\/colegio\\\/#website\",\"url\":\"https:\\\/\\\/monzon.salesianos.edu\\\/colegio\\\/\",\"name\":\"Colegio Santo Domingo Savio\",\"description\":\"P\u00e1gina oficial Salesianos Monz\u00f3n\",\"potentialAction\":[{\"@type\":\"SearchAction\",\"target\":{\"@type\":\"EntryPoint\",\"urlTemplate\":\"https:\\\/\\\/monzon.salesianos.edu\\\/colegio\\\/?s={search_term_string}\"},\"query-input\":{\"@type\":\"PropertyValueSpecification\",\"valueRequired\":true,\"valueName\":\"search_term_string\"}}],\"inLanguage\":\"es\"}]}<\/script>\n<!-- \/ Yoast SEO plugin. -->","yoast_head_json":{"title":"Bachillerato dual - Colegio Santo Domingo Savio","robots":{"index":"index","follow":"follow","max-snippet":"max-snippet:-1","max-image-preview":"max-image-preview:large","max-video-preview":"max-video-preview:-1"},"canonical":"https:\/\/monzon.salesianos.edu\/colegio\/bachillerato-dual\/","og_locale":"es_ES","og_type":"article","og_title":"Bachillerato dual - Colegio Santo Domingo Savio","og_description":"Bachillerato Dual En colaboraci\u00f3n con Academica International Studies el curso 2018-2019 comenz\u00f3 como actividad extraescolar este\u00a0programa oficial de convalidaci\u00f3n internacional de t\u00edtulos de bachillerato. Se puede iniciar en 3\u00ba ESO, 4\u00ba ESO o 1\u00ba Bachillerato.\u00a0Compaginando con los \u00faltimos cursos de ESO y el Bachillerato espa\u00f1ol los alumnos reciben la misma titulaci\u00f3n que los estudiantes estadounidenses [&hellip;]","og_url":"https:\/\/monzon.salesianos.edu\/colegio\/bachillerato-dual\/","og_site_name":"Colegio Santo Domingo Savio","article_modified_time":"2025-04-28T08:17:26+00:00","twitter_card":"summary_large_image","twitter_misc":{"Tiempo de lectura":"10 minutos"},"schema":{"@context":"https:\/\/schema.org","@graph":[{"@type":"WebPage","@id":"https:\/\/monzon.salesianos.edu\/colegio\/bachillerato-dual\/","url":"https:\/\/monzon.salesianos.edu\/colegio\/bachillerato-dual\/","name":"Bachillerato dual - Colegio Santo Domingo Savio","isPartOf":{"@id":"https:\/\/monzon.salesianos.edu\/colegio\/#website"},"datePublished":"2020-04-29T10:30:38+00:00","dateModified":"2025-04-28T08:17:26+00:00","breadcrumb":{"@id":"https:\/\/monzon.salesianos.edu\/colegio\/bachillerato-dual\/#breadcrumb"},"inLanguage":"es","potentialAction":[{"@type":"ReadAction","target":["https:\/\/monzon.salesianos.edu\/colegio\/bachillerato-dual\/"]}]},{"@type":"BreadcrumbList","@id":"https:\/\/monzon.salesianos.edu\/colegio\/bachillerato-dual\/#breadcrumb","itemListElement":[{"@type":"ListItem","position":1,"name":"Portada","item":"https:\/\/monzon.salesianos.edu\/colegio\/"},{"@type":"ListItem","position":2,"name":"Bachillerato dual"}]},{"@type":"WebSite","@id":"https:\/\/monzon.salesianos.edu\/colegio\/#website","url":"https:\/\/monzon.salesianos.edu\/colegio\/","name":"Colegio Santo Domingo Savio","description":"P\u00e1gina oficial Salesianos Monz\u00f3n","potentialAction":[{"@type":"SearchAction","target":{"@type":"EntryPoint","urlTemplate":"https:\/\/monzon.salesianos.edu\/colegio\/?s={search_term_string}"},"query-input":{"@type":"PropertyValueSpecification","valueRequired":true,"valueName":"search_term_string"}}],"inLanguage":"es"}]}},"_links":{"self":[{"href":"https:\/\/monzon.salesianos.edu\/colegio\/wp-json\/wp\/v2\/pages\/10053","targetHints":{"allow":["GET"]}}],"collection":[{"href":"https:\/\/monzon.salesianos.edu\/colegio\/wp-json\/wp\/v2\/pages"}],"about":[{"href":"https:\/\/monzon.salesianos.edu\/colegio\/wp-json\/wp\/v2\/types\/page"}],"author":[{"embeddable":true,"href":"https:\/\/monzon.salesianos.edu\/colegio\/wp-json\/wp\/v2\/users\/3"}],"replies":[{"embeddable":true,"href":"https:\/\/monzon.salesianos.edu\/colegio\/wp-json\/wp\/v2\/comments?post=10053"}],"version-history":[{"count":18,"href":"https:\/\/monzon.salesianos.edu\/colegio\/wp-json\/wp\/v2\/pages\/10053\/revisions"}],"predecessor-version":[{"id":12804,"href":"https:\/\/monzon.salesianos.edu\/colegio\/wp-json\/wp\/v2\/pages\/10053\/revisions\/12804"}],"wp:attachment":[{"href":"https:\/\/monzon.salesianos.edu\/colegio\/wp-json\/wp\/v2\/media?parent=10053"}],"curies":[{"name":"wp","href":"https:\/\/api.w.org\/{rel}","templated":true}]}}